{"id":4883,"date":"2015-02-19T15:42:17","date_gmt":"2015-02-19T14:42:17","guid":{"rendered":"http:\/\/montreux-vieux.net\/?page_id=4883"},"modified":"2018-12-26T11:20:06","modified_gmt":"2018-12-26T10:20:06","slug":"la-laiterie","status":"publish","type":"page","link":"https:\/\/montreux-vieux.net\/?page_id=4883","title":{"rendered":"La Laiterie de Montreux-Vieux"},"content":{"rendered":"<h3 style=\"text-align: center;\">La Laiterie<\/h3>\n<p><a href=\"http:\/\/montreux-vieux.net\/montreux-vieux.net\/wp-content\/uploads\/2015\/02\/ScreenShot272.jpg\" target=\"_blank\" rel=\"noopener noreferrer\"><img loading=\"lazy\" decoding=\"async\" class=\"aligncenter wp-image-4884 size-full\" src=\"http:\/\/montreux-vieux.net\/montreux-vieux.net\/wp-content\/uploads\/2015\/02\/ScreenShot272.jpg\" alt=\"ScreenShot272\" width=\"685\" height=\"313\" srcset=\"https:\/\/montreux-vieux.net\/montreux-vieux.net\/wp-content\/uploads\/2015\/02\/ScreenShot272.jpg 685w, https:\/\/montreux-vieux.net\/montreux-vieux.net\/wp-content\/uploads\/2015\/02\/ScreenShot272-300x137.jpg 300w, https:\/\/montreux-vieux.net\/montreux-vieux.net\/wp-content\/uploads\/2015\/02\/ScreenShot272-600x274.jpg 600w\" sizes=\"auto, (max-width: 685px) 100vw, 685px\" \/><\/a><\/p>\n<h4 style=\"text-align: justify;\">Durant la guerre de 39\/45, la population montreusienne avait le droit d\u2019acheter du lait avec des cartes d\u2019alimentation fournies par la mairie.<\/h4>\n<h4 style=\"text-align: justify;\">La laiterie Schmidlin de Mulhouse le livrait dans un local situ\u00e9 derri\u00e8re l\u2019ancien caf\u00e9 Messinger. Ce b\u00e2timent n\u2019existe plus aujourd\u2019hui. Plusieurs familles y logeaient dont &nbsp;celle de Mr et Mme Schuh Robert.<\/h4>\n<h4 style=\"text-align: justify;\">Ce local n\u2019\u00e9tait ouvert que le matin. On y trouvait du lait entier, demi-\u00e9cr\u00e9m\u00e9 et \u00e9cr\u00e9m\u00e9. Madame Messinger n\u00e9e Peter servait les clients.<\/h4>\n","protected":false},"excerpt":{"rendered":"<p>La Laiterie Durant la guerre de 39\/45, la population montreusienne avait le droit d\u2019acheter du lait avec des cartes d\u2019alimentation fournies par la mairie. La laiterie Schmidlin de Mulhouse le livrait dans un local situ\u00e9 derri\u00e8re l\u2019ancien caf\u00e9 Messinger. Ce &hellip; <a href=\"https:\/\/montreux-vieux.net\/?page_id=4883\">Continuer la lecture <span class=\"meta-nav\">&rarr;<\/span><\/a><\/p>\n","protected":false},"author":1,"featured_media":0,"parent":13040,"menu_order":10,"comment_status":"open","ping_status":"open","template":"","meta":{"footnotes":""},"class_list":["post-4883","page","type-page","status-publish","hentry"],"_links":{"self":[{"href":"https:\/\/montreux-vieux.net\/index.php?rest_route=\/wp\/v2\/pages\/4883","targetHints":{"allow":["GET"]}}],"collection":[{"href":"https:\/\/montreux-vieux.net\/index.php?rest_route=\/wp\/v2\/pages"}],"about":[{"href":"https:\/\/montreux-vieux.net\/index.php?rest_route=\/wp\/v2\/types\/page"}],"author":[{"embeddable":true,"href":"https:\/\/montreux-vieux.net\/index.php?rest_route=\/wp\/v2\/users\/1"}],"replies":[{"embeddable":true,"href":"https:\/\/montreux-vieux.net\/index.php?rest_route=%2Fwp%2Fv2%2Fcomments&post=4883"}],"version-history":[{"count":4,"href":"https:\/\/montreux-vieux.net\/index.php?rest_route=\/wp\/v2\/pages\/4883\/revisions"}],"predecessor-version":[{"id":13055,"href":"https:\/\/montreux-vieux.net\/index.php?rest_route=\/wp\/v2\/pages\/4883\/revisions\/13055"}],"up":[{"embeddable":true,"href":"https:\/\/montreux-vieux.net\/index.php?rest_route=\/wp\/v2\/pages\/13040"}],"wp:attachment":[{"href":"https:\/\/montreux-vieux.net\/index.php?rest_route=%2Fwp%2Fv2%2Fmedia&parent=4883"}],"curies":[{"name":"wp","href":"https:\/\/api.w.org\/{rel}","templated":true}]}}