{"id":4890,"date":"2015-02-19T15:57:24","date_gmt":"2015-02-19T14:57:24","guid":{"rendered":"http:\/\/montreux-vieux.net\/?page_id=4890"},"modified":"2015-02-19T15:57:24","modified_gmt":"2015-02-19T14:57:24","slug":"andre-widemann-ne-a-montreux-vieux-inventeur-du-parapluie-telescopique","status":"publish","type":"page","link":"https:\/\/montreux-vieux.net\/?page_id=4890","title":{"rendered":"Andr\u00e9 Widemann n\u00e9 \u00e0 Montreux-Vieux inventeur du parapluie t\u00e9l\u00e9scopique"},"content":{"rendered":"<h3 style=\"text-align: center;\">L&rsquo;invention du \u00a0parapluie t\u00e9lescopique<\/h3>\n<h4 style=\"text-align: justify;\">L\u2019ing\u00e9nieur qui a invent\u00e9 le parapluie t\u00e9lescopique est un montreusien\u00a0: Widemann Andr\u00e9, fils d&rsquo;Alice Widemann.<\/h4>\n<h4 style=\"text-align: justify;\">Il faisait \u00e9galement partie du noyau de fervents qui avaient l\u2019amour du sport et qui donna la d\u00e9nomination de \u00ab\u00a0Montreux-Sports\u00a0\u00bb \u00e0 l\u2019association sportive.<\/h4>\n","protected":false},"excerpt":{"rendered":"<p>L&rsquo;invention du \u00a0parapluie t\u00e9lescopique L\u2019ing\u00e9nieur qui a invent\u00e9 le parapluie t\u00e9lescopique est un montreusien\u00a0: Widemann Andr\u00e9, fils d&rsquo;Alice Widemann. Il faisait \u00e9galement partie du noyau de fervents qui avaient l\u2019amour du sport et qui donna la d\u00e9nomination de \u00ab\u00a0Montreux-Sports\u00a0\u00bb \u00e0 &hellip; <a href=\"https:\/\/montreux-vieux.net\/?page_id=4890\">Continuer la lecture <span class=\"meta-nav\">&rarr;<\/span><\/a><\/p>\n","protected":false},"author":1,"featured_media":0,"parent":4091,"menu_order":8,"comment_status":"open","ping_status":"open","template":"","meta":{"footnotes":""},"class_list":["post-4890","page","type-page","status-publish","hentry"],"_links":{"self":[{"href":"https:\/\/montreux-vieux.net\/index.php?rest_route=\/wp\/v2\/pages\/4890","targetHints":{"allow":["GET"]}}],"collection":[{"href":"https:\/\/montreux-vieux.net\/index.php?rest_route=\/wp\/v2\/pages"}],"about":[{"href":"https:\/\/montreux-vieux.net\/index.php?rest_route=\/wp\/v2\/types\/page"}],"author":[{"embeddable":true,"href":"https:\/\/montreux-vieux.net\/index.php?rest_route=\/wp\/v2\/users\/1"}],"replies":[{"embeddable":true,"href":"https:\/\/montreux-vieux.net\/index.php?rest_route=%2Fwp%2Fv2%2Fcomments&post=4890"}],"version-history":[{"count":1,"href":"https:\/\/montreux-vieux.net\/index.php?rest_route=\/wp\/v2\/pages\/4890\/revisions"}],"predecessor-version":[{"id":4891,"href":"https:\/\/montreux-vieux.net\/index.php?rest_route=\/wp\/v2\/pages\/4890\/revisions\/4891"}],"up":[{"embeddable":true,"href":"https:\/\/montreux-vieux.net\/index.php?rest_route=\/wp\/v2\/pages\/4091"}],"wp:attachment":[{"href":"https:\/\/montreux-vieux.net\/index.php?rest_route=%2Fwp%2Fv2%2Fmedia&parent=4890"}],"curies":[{"name":"wp","href":"https:\/\/api.w.org\/{rel}","templated":true}]}}