{"id":4892,"date":"2015-02-19T16:03:22","date_gmt":"2015-02-19T15:03:22","guid":{"rendered":"http:\/\/montreux-vieux.net\/?page_id=4892"},"modified":"2019-02-03T11:54:23","modified_gmt":"2019-02-03T10:54:23","slug":"le-restaurant-au-soleil","status":"publish","type":"page","link":"https:\/\/montreux-vieux.net\/?page_id=4892","title":{"rendered":"Le Restaurant Au Soleil"},"content":{"rendered":"<h3 style=\"text-align: center;\">Le Restaurant Au Soleil<\/h3>\n<div><\/div>\n<div style=\"text-align: center;\"><a href=\"http:\/\/montreux-vieux.net\/montreux-vieux.net\/wp-content\/uploads\/2015\/02\/ScreenShot251.jpg\" target=\"_blank\"><img loading=\"lazy\" decoding=\"async\" class=\"aligncenter wp-image-6801 size-medium\" src=\"http:\/\/montreux-vieux.net\/montreux-vieux.net\/wp-content\/uploads\/2015\/02\/ScreenShot251-300x175.jpg\" alt=\"Le Restaurant Au Soleil \u00e0 Montreux-Vieux\" width=\"300\" height=\"175\" srcset=\"https:\/\/montreux-vieux.net\/montreux-vieux.net\/wp-content\/uploads\/2015\/02\/ScreenShot251-300x175.jpg 300w, https:\/\/montreux-vieux.net\/montreux-vieux.net\/wp-content\/uploads\/2015\/02\/ScreenShot251-600x351.jpg 600w, https:\/\/montreux-vieux.net\/montreux-vieux.net\/wp-content\/uploads\/2015\/02\/ScreenShot251.jpg 701w\" sizes=\"auto, (max-width: 300px) 100vw, 300px\" \/><\/a><\/div>\n<h3 style=\"text-align: center;\">Le restaurant au soleil avec \u00e0 sa droite la boucherie Richard Branstedter<\/h3>\n<div><\/div>\n<div style=\"text-align: center;\"><a href=\"http:\/\/montreux-vieux.net\/montreux-vieux.net\/wp-content\/uploads\/2015\/02\/ScreenShot250.jpg\" target=\"_blank\"><img loading=\"lazy\" decoding=\"async\" class=\"aligncenter wp-image-6803 size-medium\" src=\"http:\/\/montreux-vieux.net\/montreux-vieux.net\/wp-content\/uploads\/2015\/02\/ScreenShot250-300x191.jpg\" alt=\"Le nouveau b\u00e2timent et restaurant rempla\u00e7ant celui Au Soleil avec son style &quot;Kolossal&quot;\" width=\"300\" height=\"191\" srcset=\"https:\/\/montreux-vieux.net\/montreux-vieux.net\/wp-content\/uploads\/2015\/02\/ScreenShot250-300x191.jpg 300w, https:\/\/montreux-vieux.net\/montreux-vieux.net\/wp-content\/uploads\/2015\/02\/ScreenShot250-768x490.jpg 768w, https:\/\/montreux-vieux.net\/montreux-vieux.net\/wp-content\/uploads\/2015\/02\/ScreenShot250-1024x653.jpg 1024w, https:\/\/montreux-vieux.net\/montreux-vieux.net\/wp-content\/uploads\/2015\/02\/ScreenShot250-600x383.jpg 600w, https:\/\/montreux-vieux.net\/montreux-vieux.net\/wp-content\/uploads\/2015\/02\/ScreenShot250.jpg 1075w\" sizes=\"auto, (max-width: 300px) 100vw, 300px\" \/><\/a><\/div>\n<div><\/div>\n<h3 style=\"text-align: center;\">Le nouveau b\u00e2timent et restaurant rempla\u00e7ant celui Au Soleil avec son style \u00ab\u00a0Kolossal\u00a0\u00bb<\/h3>\n\n\n<h3 class=\"wp-block-heading\" style=\"text-align:center\">Le Dieu des Vins sculpt\u00e9 \u00e0 Montreux-Vieux<\/h3>\n\n\n\n<div class=\"wp-block-image\"><figure class=\"aligncenter\"><a href=\"http:\/\/montreux-vieux.net\/montreux-vieux.net\/wp-content\/uploads\/2017\/04\/ScreenShot427.jpg\" target=\"_blank\" rel=\"noreferrer noopener\"><img loading=\"lazy\" decoding=\"async\" width=\"670\" height=\"527\" src=\"http:\/\/montreux-vieux.net\/montreux-vieux.net\/wp-content\/uploads\/2017\/04\/ScreenShot427.jpg\" alt=\"Bacchus le Dieu des vins\" class=\"wp-image-8846\" srcset=\"https:\/\/montreux-vieux.net\/montreux-vieux.net\/wp-content\/uploads\/2017\/04\/ScreenShot427.jpg 670w, https:\/\/montreux-vieux.net\/montreux-vieux.net\/wp-content\/uploads\/2017\/04\/ScreenShot427-300x236.jpg 300w, https:\/\/montreux-vieux.net\/montreux-vieux.net\/wp-content\/uploads\/2017\/04\/ScreenShot427-600x472.jpg 600w\" sizes=\"auto, (max-width: 670px) 100vw, 670px\" \/><\/a><\/figure><\/div>\n","protected":false},"excerpt":{"rendered":"<p>Le Restaurant Au Soleil Le restaurant au soleil avec \u00e0 sa droite la boucherie Richard Branstedter Le nouveau b\u00e2timent et restaurant rempla\u00e7ant celui Au Soleil avec son style \u00ab\u00a0Kolossal\u00a0\u00bb Le Dieu des Vins sculpt\u00e9 \u00e0 Montreux-Vieux<\/p>\n","protected":false},"author":1,"featured_media":0,"parent":13040,"menu_order":14,"comment_status":"open","ping_status":"open","template":"","meta":{"footnotes":""},"class_list":["post-4892","page","type-page","status-publish","hentry"],"_links":{"self":[{"href":"https:\/\/montreux-vieux.net\/index.php?rest_route=\/wp\/v2\/pages\/4892","targetHints":{"allow":["GET"]}}],"collection":[{"href":"https:\/\/montreux-vieux.net\/index.php?rest_route=\/wp\/v2\/pages"}],"about":[{"href":"https:\/\/montreux-vieux.net\/index.php?rest_route=\/wp\/v2\/types\/page"}],"author":[{"embeddable":true,"href":"https:\/\/montreux-vieux.net\/index.php?rest_route=\/wp\/v2\/users\/1"}],"replies":[{"embeddable":true,"href":"https:\/\/montreux-vieux.net\/index.php?rest_route=%2Fwp%2Fv2%2Fcomments&post=4892"}],"version-history":[{"count":5,"href":"https:\/\/montreux-vieux.net\/index.php?rest_route=\/wp\/v2\/pages\/4892\/revisions"}],"predecessor-version":[{"id":14524,"href":"https:\/\/montreux-vieux.net\/index.php?rest_route=\/wp\/v2\/pages\/4892\/revisions\/14524"}],"up":[{"embeddable":true,"href":"https:\/\/montreux-vieux.net\/index.php?rest_route=\/wp\/v2\/pages\/13040"}],"wp:attachment":[{"href":"https:\/\/montreux-vieux.net\/index.php?rest_route=%2Fwp%2Fv2%2Fmedia&parent=4892"}],"curies":[{"name":"wp","href":"https:\/\/api.w.org\/{rel}","templated":true}]}}