{"id":4894,"date":"2015-02-19T16:34:11","date_gmt":"2015-02-19T15:34:11","guid":{"rendered":"http:\/\/montreux-vieux.net\/?page_id=4894"},"modified":"2018-12-26T11:23:44","modified_gmt":"2018-12-26T10:23:44","slug":"lusine-peugeot","status":"publish","type":"page","link":"https:\/\/montreux-vieux.net\/?page_id=4894","title":{"rendered":"L&rsquo;usine Peugeot"},"content":{"rendered":"<h3 style=\"text-align: center;\">L&rsquo;usine Peugeot<\/h3>\n<div><\/div>\n<div style=\"text-align: center;\"><a href=\"http:\/\/montreux-vieux.net\/montreux-vieux.net\/wp-content\/uploads\/2015\/02\/ScreenShot259.jpg\" target=\"_blank\"><img loading=\"lazy\" decoding=\"async\" class=\"aligncenter wp-image-6807 size-medium\" src=\"http:\/\/montreux-vieux.net\/montreux-vieux.net\/wp-content\/uploads\/2015\/02\/ScreenShot259-300x99.jpg\" alt=\"L'Usine Peugeot \u00e0 Montreux-Vieux\" width=\"300\" height=\"99\" srcset=\"https:\/\/montreux-vieux.net\/montreux-vieux.net\/wp-content\/uploads\/2015\/02\/ScreenShot259-300x99.jpg 300w, https:\/\/montreux-vieux.net\/montreux-vieux.net\/wp-content\/uploads\/2015\/02\/ScreenShot259-768x253.jpg 768w, https:\/\/montreux-vieux.net\/montreux-vieux.net\/wp-content\/uploads\/2015\/02\/ScreenShot259-600x198.jpg 600w, https:\/\/montreux-vieux.net\/montreux-vieux.net\/wp-content\/uploads\/2015\/02\/ScreenShot259.jpg 919w\" sizes=\"auto, (max-width: 300px) 100vw, 300px\" \/><\/a><\/div>\n<div><\/div>\n<div style=\"text-align: center;\">L&rsquo;usine Peugeot<\/div>\n<div><\/div>\n<h4 style=\"text-align: justify;\">Au d\u00e9but du si\u00e8cle dernier, les fr\u00e8res Peugeot avaient install\u00e9 \u00e0 l&#8217;emplacement des courts de tennis une fabrique de chaines pour voitures et cycles. Elle employait de nombreuses femmes et jeunes filles de la r\u00e9gion. Elle ferma apr\u00e8s guerre. Cette fabrique fut reconvertie en filature TMC durant quelques ann\u00e9es avant d&rsquo;\u00eatre d\u00e9truite par un incendie<\/h4>\n<p style=\"text-align: center;\"><a href=\"http:\/\/montreux-vieux.net\/montreux-vieux.net\/wp-content\/uploads\/2015\/02\/ScreenShot359.jpg\" target=\"_blank\"><img loading=\"lazy\" decoding=\"async\" class=\"aligncenter wp-image-5108 size-full\" src=\"http:\/\/montreux-vieux.net\/montreux-vieux.net\/wp-content\/uploads\/2015\/02\/ScreenShot359.jpg\" alt=\"ScreenShot359\" width=\"834\" height=\"520\" srcset=\"https:\/\/montreux-vieux.net\/montreux-vieux.net\/wp-content\/uploads\/2015\/02\/ScreenShot359.jpg 834w, https:\/\/montreux-vieux.net\/montreux-vieux.net\/wp-content\/uploads\/2015\/02\/ScreenShot359-300x187.jpg 300w, https:\/\/montreux-vieux.net\/montreux-vieux.net\/wp-content\/uploads\/2015\/02\/ScreenShot359-600x374.jpg 600w\" sizes=\"auto, (max-width: 834px) 100vw, 834px\" \/><\/a><\/p>\n","protected":false},"excerpt":{"rendered":"<p>L&rsquo;usine Peugeot L&rsquo;usine Peugeot Au d\u00e9but du si\u00e8cle dernier, les fr\u00e8res Peugeot avaient install\u00e9 \u00e0 l&#8217;emplacement des courts de tennis une fabrique de chaines pour voitures et cycles. Elle employait de nombreuses femmes et jeunes filles de la r\u00e9gion. Elle &hellip; <a href=\"https:\/\/montreux-vieux.net\/?page_id=4894\">Continuer la lecture <span class=\"meta-nav\">&rarr;<\/span><\/a><\/p>\n","protected":false},"author":1,"featured_media":0,"parent":13040,"menu_order":16,"comment_status":"open","ping_status":"open","template":"","meta":{"footnotes":""},"class_list":["post-4894","page","type-page","status-publish","hentry"],"_links":{"self":[{"href":"https:\/\/montreux-vieux.net\/index.php?rest_route=\/wp\/v2\/pages\/4894","targetHints":{"allow":["GET"]}}],"collection":[{"href":"https:\/\/montreux-vieux.net\/index.php?rest_route=\/wp\/v2\/pages"}],"about":[{"href":"https:\/\/montreux-vieux.net\/index.php?rest_route=\/wp\/v2\/types\/page"}],"author":[{"embeddable":true,"href":"https:\/\/montreux-vieux.net\/index.php?rest_route=\/wp\/v2\/users\/1"}],"replies":[{"embeddable":true,"href":"https:\/\/montreux-vieux.net\/index.php?rest_route=%2Fwp%2Fv2%2Fcomments&post=4894"}],"version-history":[{"count":7,"href":"https:\/\/montreux-vieux.net\/index.php?rest_route=\/wp\/v2\/pages\/4894\/revisions"}],"predecessor-version":[{"id":13060,"href":"https:\/\/montreux-vieux.net\/index.php?rest_route=\/wp\/v2\/pages\/4894\/revisions\/13060"}],"up":[{"embeddable":true,"href":"https:\/\/montreux-vieux.net\/index.php?rest_route=\/wp\/v2\/pages\/13040"}],"wp:attachment":[{"href":"https:\/\/montreux-vieux.net\/index.php?rest_route=%2Fwp%2Fv2%2Fmedia&parent=4894"}],"curies":[{"name":"wp","href":"https:\/\/api.w.org\/{rel}","templated":true}]}}