{"id":4898,"date":"2015-02-19T16:40:57","date_gmt":"2015-02-19T15:40:57","guid":{"rendered":"http:\/\/montreux-vieux.net\/?page_id=4898"},"modified":"2024-11-28T11:11:50","modified_gmt":"2024-11-28T10:11:50","slug":"linauguration-du-chateau-deau","status":"publish","type":"page","link":"https:\/\/montreux-vieux.net\/?page_id=4898","title":{"rendered":"Le ch\u00e2teau d&rsquo;eau"},"content":{"rendered":"<h3 style=\"text-align: center;\">Emplacement ou le ch\u00e2teau d&rsquo;eau a \u00e9t\u00e9 construit<\/h3>\n<div id=\"attachment_5115\" style=\"width: 360px\" class=\"wp-caption aligncenter\"><a href=\"http:\/\/montreux-vieux.net\/montreux-vieux.net\/wp-content\/uploads\/2015\/02\/Emplacement-construct.ch\u00e2teaudeau.jpg\" target=\"_blank\" rel=\"noopener\"><img loading=\"lazy\" decoding=\"async\" aria-describedby=\"caption-attachment-5115\" class=\"wp-image-5115\" src=\"http:\/\/montreux-vieux.net\/montreux-vieux.net\/wp-content\/uploads\/2015\/02\/Emplacement-construct.ch\u00e2teaudeau-300x196.jpg\" alt=\"Emplacement construct.ch\u00e2teaud'eau\" width=\"350\" height=\"228\" srcset=\"https:\/\/montreux-vieux.net\/montreux-vieux.net\/wp-content\/uploads\/2015\/02\/Emplacement-construct.ch\u00e2teaudeau-300x196.jpg 300w, https:\/\/montreux-vieux.net\/montreux-vieux.net\/wp-content\/uploads\/2015\/02\/Emplacement-construct.ch\u00e2teaudeau-600x391.jpg 600w, https:\/\/montreux-vieux.net\/montreux-vieux.net\/wp-content\/uploads\/2015\/02\/Emplacement-construct.ch\u00e2teaudeau.jpg 964w\" sizes=\"auto, (max-width: 350px) 100vw, 350px\" \/><\/a><p id=\"caption-attachment-5115\" class=\"wp-caption-text\">Emplacement ou le ch\u00e2teau d&rsquo;eau a \u00e9t\u00e9 construit<\/p><\/div>\n<h3 style=\"text-align: center;\">La construction du ch\u00e2teau d&rsquo;eau<\/h3>\n<p style=\"text-align: center;\"><a href=\"http:\/\/montreux-vieux.net\/montreux-vieux.net\/wp-content\/uploads\/2015\/02\/ScreenShot362.jpg\" target=\"_blank\" rel=\"noopener\"><img loading=\"lazy\" decoding=\"async\" class=\"aligncenter wp-image-5117\" src=\"http:\/\/montreux-vieux.net\/montreux-vieux.net\/wp-content\/uploads\/2015\/02\/ScreenShot362-227x300.jpg\" alt=\"la construction du ch\u00e2teau d'eau \u00e0 Montreux-Vieux\" width=\"320\" height=\"424\" srcset=\"https:\/\/montreux-vieux.net\/montreux-vieux.net\/wp-content\/uploads\/2015\/02\/ScreenShot362-227x300.jpg 227w, https:\/\/montreux-vieux.net\/montreux-vieux.net\/wp-content\/uploads\/2015\/02\/ScreenShot362.jpg 432w\" sizes=\"auto, (max-width: 320px) 100vw, 320px\" \/><\/a> <a href=\"http:\/\/montreux-vieux.net\/montreux-vieux.net\/wp-content\/uploads\/2015\/02\/ScreenShot361.jpg\" target=\"_blank\" rel=\"noopener\"><img loading=\"lazy\" decoding=\"async\" class=\"aligncenter wp-image-5118\" src=\"http:\/\/montreux-vieux.net\/montreux-vieux.net\/wp-content\/uploads\/2015\/02\/ScreenShot361-229x300.jpg\" alt=\"la construction du ch\u00e2teau d'eau \u00e0 Montreux-Vieux\" width=\"320\" height=\"419\" srcset=\"https:\/\/montreux-vieux.net\/montreux-vieux.net\/wp-content\/uploads\/2015\/02\/ScreenShot361-229x300.jpg 229w, https:\/\/montreux-vieux.net\/montreux-vieux.net\/wp-content\/uploads\/2015\/02\/ScreenShot361.jpg 431w\" sizes=\"auto, (max-width: 320px) 100vw, 320px\" \/><\/a><\/p>\n<h4 style=\"text-align: center;\">Le ch\u00e2teau d&rsquo;eau en construction<\/h4>\n<h3 style=\"text-align: center;\">L&rsquo;inauguration du ch\u00e2teau d&rsquo;eau<\/h3>\n<p style=\"text-align: center;\"><a href=\"http:\/\/montreux-vieux.net\/montreux-vieux.net\/wp-content\/uploads\/2015\/02\/ScreenShot806.jpg\" target=\"_blank\" rel=\"noopener\"><img loading=\"lazy\" decoding=\"async\" class=\"aligncenter wp-image-6852 size-medium\" src=\"http:\/\/montreux-vieux.net\/montreux-vieux.net\/wp-content\/uploads\/2015\/02\/ScreenShot806-193x300.jpg\" alt=\"L'inauguration du ch\u00e2teau d'eau de Montreux-Vieux\" width=\"193\" height=\"300\" srcset=\"https:\/\/montreux-vieux.net\/montreux-vieux.net\/wp-content\/uploads\/2015\/02\/ScreenShot806-193x300.jpg 193w, https:\/\/montreux-vieux.net\/montreux-vieux.net\/wp-content\/uploads\/2015\/02\/ScreenShot806.jpg 416w\" sizes=\"auto, (max-width: 193px) 100vw, 193px\" \/><\/a><\/p>\n<p style=\"text-align: center;\">L&rsquo;inauguration du ch\u00e2teau d&rsquo;eau<\/p>\n<h4 style=\"text-align: justify;\">Construit par l\u2019Entreprise TH.E. Wagner de Strasbourg en 1938<\/h4>\n<h4 style=\"text-align: justify;\">Avec ses 37m de haut, sa cuve d\u2019une capacit\u00e9 d\u2019eau de 200 m3, il a aliment la Commune de Montreux-Vieux et un certain temps celle de Chavannes raccord\u00e9e depuis 1952, soit environ 1350 personnes au 31 D\u00e9cembre 1996.<\/h4>\n<div id=\"attachment_5097\" style=\"width: 650px\" class=\"wp-caption aligncenter\"><a href=\"http:\/\/montreux-vieux.net\/montreux-vieux.net\/wp-content\/uploads\/2015\/02\/ScreenShot358.jpg\" target=\"_blank\" rel=\"noopener\"><img loading=\"lazy\" decoding=\"async\" aria-describedby=\"caption-attachment-5097\" class=\"wp-image-5097 size-large\" src=\"http:\/\/montreux-vieux.net\/montreux-vieux.net\/wp-content\/uploads\/2015\/02\/ScreenShot358-1024x661.jpg\" alt=\"L'inauguration du ch\u00e2teau d'eau\" width=\"640\" height=\"413\" srcset=\"https:\/\/montreux-vieux.net\/montreux-vieux.net\/wp-content\/uploads\/2015\/02\/ScreenShot358-1024x661.jpg 1024w, https:\/\/montreux-vieux.net\/montreux-vieux.net\/wp-content\/uploads\/2015\/02\/ScreenShot358-300x194.jpg 300w, https:\/\/montreux-vieux.net\/montreux-vieux.net\/wp-content\/uploads\/2015\/02\/ScreenShot358-600x387.jpg 600w, https:\/\/montreux-vieux.net\/montreux-vieux.net\/wp-content\/uploads\/2015\/02\/ScreenShot358.jpg 1078w\" sizes=\"auto, (max-width: 640px) 100vw, 640px\" \/><\/a><p id=\"caption-attachment-5097\" class=\"wp-caption-text\">L&rsquo;inauguration du ch\u00e2teau d&rsquo;eau<\/p><\/div>\n<h4 style=\"text-align: justify;\">Ce dernier repose sur une assise en pierres de taille massives. L\u2019ossature est constitu\u00e9e par 8 poutres en b\u00e9ton arm\u00e9 courant du sol jusqu\u2019\u00e0 la ceinture inf\u00e9rieure de la cuve de stockage.<\/h4>\n<h4 style=\"text-align: justify;\">Les parements int\u00e9rieurs de ces piliers ont \u00e9t\u00e9 r\u00e9alis\u00e9s avec de la brique d\u00e9corative en terre cuite couvrant une surface totale de 575 m2, donnant ainsi \u00e0 l\u2019ouvrage un caract\u00e8re tr\u00e8s particulier.<\/h4>\n<h4 style=\"text-align: justify;\">De part sa hauteur, il a permis d\u2019\u00e9viter la construction d\u2019un pyl\u00f4ne d\u2019environ 40 m dans le centre du village par les T\u00e9l\u00e9communications d\u2019Alsace et supporte ainsi deux antennes paraboliques de 2 m de diam\u00e8tre.<\/h4>\n<h4 style=\"text-align: justify;\">Servant d\u2019observatoire par les allemands durant la Guerre, il a \u00e9t\u00e9 endommag\u00e9 le 27 Novembre 1944 lors de la lib\u00e9ration par 4 obus de 76,2 mm tir\u00e9s depuis le village voisin de Montreux-Jeune par un char le \u00ab\u00a0Notre Dame\u00a0\u00bb du 2e R\u00e9giment de Dragons.<\/h4>\n<h4 style=\"text-align: justify;\">.<\/h4>\n<h4 style=\"text-align: justify;\">L\u2019entreprise Schnitzler \u00e0 Dannemarie a alors proc\u00e9d\u00e9 aux travaux de r\u00e9paration d\u2019\u00e9tanchement de la cuve. Travaux sous le contr\u00f4le de l\u2019Ing\u00e9nieur Othon Sauer, qui ne pouvait se d\u00e9placer par manque d\u2019essence selon une lettre du 25 Juillet 1945.<\/h4>\n<h4 style=\"text-align: justify;\">Depuis, il a \u00e9t\u00e9 r\u00e9nov\u00e9 \u00e0 plusieurs reprises<\/h4>\n<p>D.Lougnot 12 juillet 2021 Dans un autre ordre d&rsquo;id\u00e9es, j&rsquo;ai une photo<br \/>\u00e9dit\u00e9e en carte postale se rapportant \u00e0 une<br \/>c\u00e9r\u00e9monie au monument aux morts qui eut lieu le<br \/>jour de l&rsquo;inauguration du ch\u00e2teau d&rsquo;eau.<br \/>Sur cette photo on voit entre autres, le maire<br \/>Catt\u00e9, Frossard, le s\u00e9nateur Jourdain, le caporal<br \/>Sellier, Alice Zink et mon grand oncle Albert<br \/>Busson de Chavannes les Grands, porte drapeau.\u00a0<\/p>\n\n\n<figure class=\"wp-block-image size-large\"><img loading=\"lazy\" decoding=\"async\" width=\"1024\" height=\"668\" src=\"https:\/\/montreux-vieux.net\/montreux-vieux.net\/wp-content\/uploads\/2021\/07\/MON2-1024x668.jpg\" alt=\"\" class=\"wp-image-23810\" srcset=\"https:\/\/montreux-vieux.net\/montreux-vieux.net\/wp-content\/uploads\/2021\/07\/MON2-1024x668.jpg 1024w, https:\/\/montreux-vieux.net\/montreux-vieux.net\/wp-content\/uploads\/2021\/07\/MON2-300x196.jpg 300w, https:\/\/montreux-vieux.net\/montreux-vieux.net\/wp-content\/uploads\/2021\/07\/MON2-768x501.jpg 768w, https:\/\/montreux-vieux.net\/montreux-vieux.net\/wp-content\/uploads\/2021\/07\/MON2.jpg 1066w\" sizes=\"auto, (max-width: 1024px) 100vw, 1024px\" \/><\/figure>\n\n\n\n<p><\/p>\n","protected":false},"excerpt":{"rendered":"<p>Emplacement ou le ch\u00e2teau d&rsquo;eau a \u00e9t\u00e9 construit La construction du ch\u00e2teau d&rsquo;eau Le ch\u00e2teau d&rsquo;eau en construction L&rsquo;inauguration du ch\u00e2teau d&rsquo;eau L&rsquo;inauguration du ch\u00e2teau d&rsquo;eau Construit par l\u2019Entreprise TH.E. Wagner de Strasbourg en 1938 Avec ses 37m de haut, &hellip; <a href=\"https:\/\/montreux-vieux.net\/?page_id=4898\">Continuer la lecture <span class=\"meta-nav\">&rarr;<\/span><\/a><\/p>\n","protected":false},"author":1,"featured_media":0,"parent":13036,"menu_order":8,"comment_status":"open","ping_status":"open","template":"","meta":{"footnotes":""},"class_list":["post-4898","page","type-page","status-publish","hentry"],"_links":{"self":[{"href":"https:\/\/montreux-vieux.net\/index.php?rest_route=\/wp\/v2\/pages\/4898","targetHints":{"allow":["GET"]}}],"collection":[{"href":"https:\/\/montreux-vieux.net\/index.php?rest_route=\/wp\/v2\/pages"}],"about":[{"href":"https:\/\/montreux-vieux.net\/index.php?rest_route=\/wp\/v2\/types\/page"}],"author":[{"embeddable":true,"href":"https:\/\/montreux-vieux.net\/index.php?rest_route=\/wp\/v2\/users\/1"}],"replies":[{"embeddable":true,"href":"https:\/\/montreux-vieux.net\/index.php?rest_route=%2Fwp%2Fv2%2Fcomments&post=4898"}],"version-history":[{"count":14,"href":"https:\/\/montreux-vieux.net\/index.php?rest_route=\/wp\/v2\/pages\/4898\/revisions"}],"predecessor-version":[{"id":26669,"href":"https:\/\/montreux-vieux.net\/index.php?rest_route=\/wp\/v2\/pages\/4898\/revisions\/26669"}],"up":[{"embeddable":true,"href":"https:\/\/montreux-vieux.net\/index.php?rest_route=\/wp\/v2\/pages\/13036"}],"wp:attachment":[{"href":"https:\/\/montreux-vieux.net\/index.php?rest_route=%2Fwp%2Fv2%2Fmedia&parent=4898"}],"curies":[{"name":"wp","href":"https:\/\/api.w.org\/{rel}","templated":true}]}}