{"id":4900,"date":"2015-02-20T09:13:49","date_gmt":"2015-02-20T08:13:49","guid":{"rendered":"http:\/\/montreux-vieux.net\/?page_id=4900"},"modified":"2019-01-02T13:54:17","modified_gmt":"2019-01-02T12:54:17","slug":"4900-2","status":"publish","type":"page","link":"https:\/\/montreux-vieux.net\/?page_id=4900","title":{"rendered":"Le Maire Catt\u00e9 et son Conseil Municipal vers 1935"},"content":{"rendered":"<h3 style=\"text-align: center;\">Le Maire Catt\u00e9 entour\u00e9 par une partie du Conseil Municipal et de Fabrique vers 1935<\/h3>\n<div><\/div>\n<div style=\"text-align: center;\"><a href=\"http:\/\/montreux-vieux.net\/montreux-vieux.net\/wp-content\/uploads\/2015\/06\/Num\u00e9riser0009.jpg\" target=\"_blank\"><img loading=\"lazy\" decoding=\"async\" class=\"aligncenter wp-image-5794 size-medium\" src=\"http:\/\/montreux-vieux.net\/montreux-vieux.net\/wp-content\/uploads\/2015\/06\/Num\u00e9riser0009-300x183.jpg\" alt=\"Le Maire Catt\u00e9 entour\u00e9 par une partie du Conseil Municipal et de Fabrique vers 1935\" width=\"300\" height=\"183\" srcset=\"https:\/\/montreux-vieux.net\/montreux-vieux.net\/wp-content\/uploads\/2015\/06\/Num\u00e9riser0009-300x183.jpg 300w, https:\/\/montreux-vieux.net\/montreux-vieux.net\/wp-content\/uploads\/2015\/06\/Num\u00e9riser0009-1024x624.jpg 1024w, https:\/\/montreux-vieux.net\/montreux-vieux.net\/wp-content\/uploads\/2015\/06\/Num\u00e9riser0009-600x365.jpg 600w, https:\/\/montreux-vieux.net\/montreux-vieux.net\/wp-content\/uploads\/2015\/06\/Num\u00e9riser0009.jpg 1028w\" sizes=\"auto, (max-width: 300px) 100vw, 300px\" \/><\/a><\/div>\n<div><\/div>\n<div>Didierlaurent, Besan\u00e7on, Haumesser, Grosjean, Cuenin Akermann, Catt\u00e9, Brungard, Besan\u00e7on, Seiler, Nabon<\/div>\n","protected":false},"excerpt":{"rendered":"<p>Le Maire Catt\u00e9 entour\u00e9 par une partie du Conseil Municipal et de Fabrique vers 1935 Didierlaurent, Besan\u00e7on, Haumesser, Grosjean, Cuenin Akermann, Catt\u00e9, Brungard, Besan\u00e7on, Seiler, Nabon<\/p>\n","protected":false},"author":1,"featured_media":0,"parent":13036,"menu_order":20,"comment_status":"open","ping_status":"open","template":"","meta":{"footnotes":""},"class_list":["post-4900","page","type-page","status-publish","hentry"],"_links":{"self":[{"href":"https:\/\/montreux-vieux.net\/index.php?rest_route=\/wp\/v2\/pages\/4900","targetHints":{"allow":["GET"]}}],"collection":[{"href":"https:\/\/montreux-vieux.net\/index.php?rest_route=\/wp\/v2\/pages"}],"about":[{"href":"https:\/\/montreux-vieux.net\/index.php?rest_route=\/wp\/v2\/types\/page"}],"author":[{"embeddable":true,"href":"https:\/\/montreux-vieux.net\/index.php?rest_route=\/wp\/v2\/users\/1"}],"replies":[{"embeddable":true,"href":"https:\/\/montreux-vieux.net\/index.php?rest_route=%2Fwp%2Fv2%2Fcomments&post=4900"}],"version-history":[{"count":6,"href":"https:\/\/montreux-vieux.net\/index.php?rest_route=\/wp\/v2\/pages\/4900\/revisions"}],"predecessor-version":[{"id":13343,"href":"https:\/\/montreux-vieux.net\/index.php?rest_route=\/wp\/v2\/pages\/4900\/revisions\/13343"}],"up":[{"embeddable":true,"href":"https:\/\/montreux-vieux.net\/index.php?rest_route=\/wp\/v2\/pages\/13036"}],"wp:attachment":[{"href":"https:\/\/montreux-vieux.net\/index.php?rest_route=%2Fwp%2Fv2%2Fmedia&parent=4900"}],"curies":[{"name":"wp","href":"https:\/\/api.w.org\/{rel}","templated":true}]}}