{"id":4904,"date":"2015-02-20T09:28:02","date_gmt":"2015-02-20T08:28:02","guid":{"rendered":"http:\/\/montreux-vieux.net\/?page_id=4904"},"modified":"2018-12-24T14:17:07","modified_gmt":"2018-12-24T13:17:07","slug":"le-mandoline-club-lestudiantina","status":"publish","type":"page","link":"https:\/\/montreux-vieux.net\/?page_id=4904","title":{"rendered":"Le mandoline-club l&rsquo;Estudiantina"},"content":{"rendered":"<div>\n<h3 style=\"text-align: center;\">L\u2019Estudiantina<\/h3>\n<\/div>\n<div><\/div>\n<div style=\"text-align: center;\"><a href=\"http:\/\/montreux-vieux.net\/montreux-vieux.net\/wp-content\/uploads\/2015\/02\/ScreenShot805.jpg\" target=\"_blank\"><img loading=\"lazy\" decoding=\"async\" class=\"aligncenter wp-image-6818 size-medium\" src=\"http:\/\/montreux-vieux.net\/montreux-vieux.net\/wp-content\/uploads\/2015\/02\/ScreenShot805-300x192.jpg\" alt=\"L\u2019estudiantina mandolines club de Montreux-Vieux\" width=\"300\" height=\"192\" srcset=\"https:\/\/montreux-vieux.net\/montreux-vieux.net\/wp-content\/uploads\/2015\/02\/ScreenShot805-300x192.jpg 300w, https:\/\/montreux-vieux.net\/montreux-vieux.net\/wp-content\/uploads\/2015\/02\/ScreenShot805-768x491.jpg 768w, https:\/\/montreux-vieux.net\/montreux-vieux.net\/wp-content\/uploads\/2015\/02\/ScreenShot805-600x383.jpg 600w, https:\/\/montreux-vieux.net\/montreux-vieux.net\/wp-content\/uploads\/2015\/02\/ScreenShot805.jpg 939w\" sizes=\"auto, (max-width: 300px) 100vw, 300px\" \/><\/a><\/div>\n<div><\/div>\n<div><\/div>\n<h4 style=\"text-align: justify;\">De tout temps Montreux-Vieux a compt\u00e9 de nombreuses soci\u00e9t\u00e9s. Rien que sur le plan musical on notait bien avant guerre, la musique municipale \u00ab L\u2019estudiantina \u00bb (mandolines), \u00ab L\u2019accord\u00e9on Club \u00bb, la \u00ab Clique des Sapeurs Pompiers \u00bb, \u00ab La Fanfare \u00bb<\/h4>\n","protected":false},"excerpt":{"rendered":"<p>L\u2019Estudiantina De tout temps Montreux-Vieux a compt\u00e9 de nombreuses soci\u00e9t\u00e9s. Rien que sur le plan musical on notait bien avant guerre, la musique municipale \u00ab L\u2019estudiantina \u00bb (mandolines), \u00ab L\u2019accord\u00e9on Club \u00bb, la \u00ab Clique des Sapeurs Pompiers \u00bb, \u00ab &hellip; <a href=\"https:\/\/montreux-vieux.net\/?page_id=4904\">Continuer la lecture <span class=\"meta-nav\">&rarr;<\/span><\/a><\/p>\n","protected":false},"author":1,"featured_media":0,"parent":12669,"menu_order":6,"comment_status":"open","ping_status":"open","template":"","meta":{"footnotes":""},"class_list":["post-4904","page","type-page","status-publish","hentry"],"_links":{"self":[{"href":"https:\/\/montreux-vieux.net\/index.php?rest_route=\/wp\/v2\/pages\/4904","targetHints":{"allow":["GET"]}}],"collection":[{"href":"https:\/\/montreux-vieux.net\/index.php?rest_route=\/wp\/v2\/pages"}],"about":[{"href":"https:\/\/montreux-vieux.net\/index.php?rest_route=\/wp\/v2\/types\/page"}],"author":[{"embeddable":true,"href":"https:\/\/montreux-vieux.net\/index.php?rest_route=\/wp\/v2\/users\/1"}],"replies":[{"embeddable":true,"href":"https:\/\/montreux-vieux.net\/index.php?rest_route=%2Fwp%2Fv2%2Fcomments&post=4904"}],"version-history":[{"count":3,"href":"https:\/\/montreux-vieux.net\/index.php?rest_route=\/wp\/v2\/pages\/4904\/revisions"}],"predecessor-version":[{"id":12772,"href":"https:\/\/montreux-vieux.net\/index.php?rest_route=\/wp\/v2\/pages\/4904\/revisions\/12772"}],"up":[{"embeddable":true,"href":"https:\/\/montreux-vieux.net\/index.php?rest_route=\/wp\/v2\/pages\/12669"}],"wp:attachment":[{"href":"https:\/\/montreux-vieux.net\/index.php?rest_route=%2Fwp%2Fv2%2Fmedia&parent=4904"}],"curies":[{"name":"wp","href":"https:\/\/api.w.org\/{rel}","templated":true}]}}