{"id":4907,"date":"2015-02-20T09:38:21","date_gmt":"2015-02-20T08:38:21","guid":{"rendered":"http:\/\/montreux-vieux.net\/?page_id=4907"},"modified":"2018-12-26T11:11:35","modified_gmt":"2018-12-26T10:11:35","slug":"les-infirmiers-et-brancardiers","status":"publish","type":"page","link":"https:\/\/montreux-vieux.net\/?page_id=4907","title":{"rendered":"Les Infirmiers et brancardiers"},"content":{"rendered":"<h3 style=\"text-align: center;\">Les Infirmiers et brancardiers<\/h3>\n<h4 style=\"text-align: justify;\">Il existait \u00e0 Montreux-Vieux autrefois une association d\u2019infirmiers et de brancardiers charg\u00e9s de la s\u00e9curit\u00e9 civile.<\/h4>\n<div id=\"attachment_5808\" style=\"width: 310px\" class=\"wp-caption aligncenter\"><a href=\"http:\/\/montreux-vieux.net\/montreux-vieux.net\/wp-content\/uploads\/2015\/06\/ScreenShot5941.jpg\" target=\"_blank\"><img loading=\"lazy\" decoding=\"async\" aria-describedby=\"caption-attachment-5808\" class=\"wp-image-5808 size-medium\" src=\"http:\/\/montreux-vieux.net\/montreux-vieux.net\/wp-content\/uploads\/2015\/06\/ScreenShot5941-300x192.jpg\" alt=\"Les infirmiers-brancardiers devant le buffet de la gare\" width=\"300\" height=\"192\" srcset=\"https:\/\/montreux-vieux.net\/montreux-vieux.net\/wp-content\/uploads\/2015\/06\/ScreenShot5941-300x192.jpg 300w, https:\/\/montreux-vieux.net\/montreux-vieux.net\/wp-content\/uploads\/2015\/06\/ScreenShot5941-600x383.jpg 600w, https:\/\/montreux-vieux.net\/montreux-vieux.net\/wp-content\/uploads\/2015\/06\/ScreenShot5941.jpg 913w\" sizes=\"auto, (max-width: 300px) 100vw, 300px\" \/><\/a><p id=\"caption-attachment-5808\" class=\"wp-caption-text\">Les infirmiers-brancardiers devant le buffet de la gare<\/p><\/div>\n<p style=\"text-align: center;\">\nPhoto prise devant la gare \u00e0 l&rsquo;\u00e9poque ou il y avait encore les annexes (buffet de la gare etc)<\/p>\n","protected":false},"excerpt":{"rendered":"<p>Les Infirmiers et brancardiers Il existait \u00e0 Montreux-Vieux autrefois une association d\u2019infirmiers et de brancardiers charg\u00e9s de la s\u00e9curit\u00e9 civile. Photo prise devant la gare \u00e0 l&rsquo;\u00e9poque ou il y avait encore les annexes (buffet de la gare etc)<\/p>\n","protected":false},"author":1,"featured_media":0,"parent":13030,"menu_order":2,"comment_status":"open","ping_status":"open","template":"","meta":{"footnotes":""},"class_list":["post-4907","page","type-page","status-publish","hentry"],"_links":{"self":[{"href":"https:\/\/montreux-vieux.net\/index.php?rest_route=\/wp\/v2\/pages\/4907","targetHints":{"allow":["GET"]}}],"collection":[{"href":"https:\/\/montreux-vieux.net\/index.php?rest_route=\/wp\/v2\/pages"}],"about":[{"href":"https:\/\/montreux-vieux.net\/index.php?rest_route=\/wp\/v2\/types\/page"}],"author":[{"embeddable":true,"href":"https:\/\/montreux-vieux.net\/index.php?rest_route=\/wp\/v2\/users\/1"}],"replies":[{"embeddable":true,"href":"https:\/\/montreux-vieux.net\/index.php?rest_route=%2Fwp%2Fv2%2Fcomments&post=4907"}],"version-history":[{"count":3,"href":"https:\/\/montreux-vieux.net\/index.php?rest_route=\/wp\/v2\/pages\/4907\/revisions"}],"predecessor-version":[{"id":13048,"href":"https:\/\/montreux-vieux.net\/index.php?rest_route=\/wp\/v2\/pages\/4907\/revisions\/13048"}],"up":[{"embeddable":true,"href":"https:\/\/montreux-vieux.net\/index.php?rest_route=\/wp\/v2\/pages\/13030"}],"wp:attachment":[{"href":"https:\/\/montreux-vieux.net\/index.php?rest_route=%2Fwp%2Fv2%2Fmedia&parent=4907"}],"curies":[{"name":"wp","href":"https:\/\/api.w.org\/{rel}","templated":true}]}}