{"id":4915,"date":"2015-02-20T10:43:05","date_gmt":"2015-02-20T09:43:05","guid":{"rendered":"http:\/\/montreux-vieux.net\/?page_id=4915"},"modified":"2018-12-24T14:56:15","modified_gmt":"2018-12-24T13:56:15","slug":"la-musique-a-montreux-vieux","status":"publish","type":"page","link":"https:\/\/montreux-vieux.net\/?page_id=4915","title":{"rendered":"La Musique \u00e0 Montreux-Vieux"},"content":{"rendered":"<h3 style=\"text-align: center;\">La Musique \u00e0 Montreux-Vieux<\/h3>\n<p style=\"text-align: center;\"><a href=\"http:\/\/montreux-vieux.net\/montreux-vieux.net\/wp-content\/uploads\/2015\/02\/ScreenShot273.jpg\" target=\"_blank\"><img loading=\"lazy\" decoding=\"async\" class=\"aligncenter wp-image-6839 size-medium\" src=\"http:\/\/montreux-vieux.net\/montreux-vieux.net\/wp-content\/uploads\/2015\/02\/ScreenShot273-300x193.jpg\" alt=\"la clique de la musique de Montreux-Vieuc\" width=\"300\" height=\"193\" srcset=\"https:\/\/montreux-vieux.net\/montreux-vieux.net\/wp-content\/uploads\/2015\/02\/ScreenShot273-300x193.jpg 300w, https:\/\/montreux-vieux.net\/montreux-vieux.net\/wp-content\/uploads\/2015\/02\/ScreenShot273-768x494.jpg 768w, https:\/\/montreux-vieux.net\/montreux-vieux.net\/wp-content\/uploads\/2015\/02\/ScreenShot273-1024x659.jpg 1024w, https:\/\/montreux-vieux.net\/montreux-vieux.net\/wp-content\/uploads\/2015\/02\/ScreenShot273-600x386.jpg 600w, https:\/\/montreux-vieux.net\/montreux-vieux.net\/wp-content\/uploads\/2015\/02\/ScreenShot273.jpg 1128w\" sizes=\"auto, (max-width: 300px) 100vw, 300px\" \/><\/a><\/p>\n<h4 style=\"text-align: center;\">La clique<\/h4>\n<h4 style=\"text-align: justify;\">De tout temps Montreux-Vieux a compt\u00e9 de nombreuses soci\u00e9t\u00e9s. Rien que sur le plan musical on notait bien avant guerre, la musique municipale \u00ab L\u2019estudiantina \u00bb (mandolines),<\/h4>\n<h4 style=\"text-align: justify;\">\u00ab L\u2019accord\u00e9on Club \u00bb, la \u00ab Clique des Sapeurs Pompiers \u00bb, \u00ab La Fanfare \u00bb.<\/h4>\n<p style=\"text-align: center;\"><a href=\"http:\/\/montreux-vieux.net\/montreux-vieux.net\/wp-content\/uploads\/2015\/02\/ScreenShot274.jpg\" target=\"_blank\"><img loading=\"lazy\" decoding=\"async\" class=\"aligncenter wp-image-6841 size-medium\" src=\"http:\/\/montreux-vieux.net\/montreux-vieux.net\/wp-content\/uploads\/2015\/02\/ScreenShot274-300x174.jpg\" alt=\"la fanfarede Montreux-Vieuc\" width=\"300\" height=\"174\" srcset=\"https:\/\/montreux-vieux.net\/montreux-vieux.net\/wp-content\/uploads\/2015\/02\/ScreenShot274-300x174.jpg 300w, https:\/\/montreux-vieux.net\/montreux-vieux.net\/wp-content\/uploads\/2015\/02\/ScreenShot274-768x445.jpg 768w, https:\/\/montreux-vieux.net\/montreux-vieux.net\/wp-content\/uploads\/2015\/02\/ScreenShot274-1024x594.jpg 1024w, https:\/\/montreux-vieux.net\/montreux-vieux.net\/wp-content\/uploads\/2015\/02\/ScreenShot274-600x348.jpg 600w, https:\/\/montreux-vieux.net\/montreux-vieux.net\/wp-content\/uploads\/2015\/02\/ScreenShot274.jpg 1143w\" sizes=\"auto, (max-width: 300px) 100vw, 300px\" \/><\/a><\/p>\n<h4 style=\"text-align: center;\">La Fanfare<\/h4>\n<h4 style=\"text-align: justify;\">L\u2019orchestre \u00ab&nbsp;Les Sylver Star&nbsp;\u00bb a durant de nombreuses ann\u00e9es connu un immense &nbsp;succ\u00e8s en animant bals, f\u00eates, kilbes etc.<\/h4>\n<h4 style=\"text-align: justify;\">A l\u2019\u00e9glise \u00e9galement de nombreux organistes se sont \u00e9galement succ\u00e9d\u00e9s comme par exemple, Albert Mutz, Albert Holbein, Luc Dangel, Pierre Holbein Zinck &nbsp;etc.<\/h4>\n<h4 style=\"text-align: justify;\">Quelques musiciens aujourd\u2019hui jouent dans des harmonies, de fanfares etc., d\u2019autres s\u2019amusent \u00e0 leur domicile.<\/h4>\n<h4 style=\"text-align: justify;\">Montreux-Vieux a \u00e9galement ses &nbsp;professeurs de musique Pierre Holbein Luc Dangel et Philippe Geiss.<\/h4>\n<h4 style=\"text-align: justify;\">La rel\u00e8ve est assur\u00e9e par de nouveaux \u00e9l\u00e8ves dont&nbsp; celle des enfants Lalev\u00e9e.<\/h4>\n<p style=\"text-align: center;\"><a href=\"http:\/\/montreux-vieux.net\/montreux-vieux.net\/wp-content\/uploads\/2015\/02\/ScreenShot275.jpg\" target=\"_blank\"><img loading=\"lazy\" decoding=\"async\" class=\"aligncenter wp-image-6843 size-medium\" src=\"http:\/\/montreux-vieux.net\/montreux-vieux.net\/wp-content\/uploads\/2015\/02\/ScreenShot275-300x221.jpg\" alt=\"Les fils Lalev\u00e9e\" width=\"300\" height=\"221\" srcset=\"https:\/\/montreux-vieux.net\/montreux-vieux.net\/wp-content\/uploads\/2015\/02\/ScreenShot275-300x221.jpg 300w, https:\/\/montreux-vieux.net\/montreux-vieux.net\/wp-content\/uploads\/2015\/02\/ScreenShot275-768x565.jpg 768w, https:\/\/montreux-vieux.net\/montreux-vieux.net\/wp-content\/uploads\/2015\/02\/ScreenShot275-600x442.jpg 600w, https:\/\/montreux-vieux.net\/montreux-vieux.net\/wp-content\/uploads\/2015\/02\/ScreenShot275.jpg 914w\" sizes=\"auto, (max-width: 300px) 100vw, 300px\" \/><\/a><\/p>\n<p style=\"text-align: center;\">Les fils Lalev\u00e9e<\/p>\n","protected":false},"excerpt":{"rendered":"<p>La Musique \u00e0 Montreux-Vieux La clique De tout temps Montreux-Vieux a compt\u00e9 de nombreuses soci\u00e9t\u00e9s. Rien que sur le plan musical on notait bien avant guerre, la musique municipale \u00ab L\u2019estudiantina \u00bb (mandolines), \u00ab L\u2019accord\u00e9on Club \u00bb, la \u00ab Clique &hellip; <a href=\"https:\/\/montreux-vieux.net\/?page_id=4915\">Continuer la lecture <span class=\"meta-nav\">&rarr;<\/span><\/a><\/p>\n","protected":false},"author":1,"featured_media":0,"parent":12669,"menu_order":10,"comment_status":"open","ping_status":"open","template":"","meta":{"footnotes":""},"class_list":["post-4915","page","type-page","status-publish","hentry"],"_links":{"self":[{"href":"https:\/\/montreux-vieux.net\/index.php?rest_route=\/wp\/v2\/pages\/4915","targetHints":{"allow":["GET"]}}],"collection":[{"href":"https:\/\/montreux-vieux.net\/index.php?rest_route=\/wp\/v2\/pages"}],"about":[{"href":"https:\/\/montreux-vieux.net\/index.php?rest_route=\/wp\/v2\/types\/page"}],"author":[{"embeddable":true,"href":"https:\/\/montreux-vieux.net\/index.php?rest_route=\/wp\/v2\/users\/1"}],"replies":[{"embeddable":true,"href":"https:\/\/montreux-vieux.net\/index.php?rest_route=%2Fwp%2Fv2%2Fcomments&post=4915"}],"version-history":[{"count":5,"href":"https:\/\/montreux-vieux.net\/index.php?rest_route=\/wp\/v2\/pages\/4915\/revisions"}],"predecessor-version":[{"id":12786,"href":"https:\/\/montreux-vieux.net\/index.php?rest_route=\/wp\/v2\/pages\/4915\/revisions\/12786"}],"up":[{"embeddable":true,"href":"https:\/\/montreux-vieux.net\/index.php?rest_route=\/wp\/v2\/pages\/12669"}],"wp:attachment":[{"href":"https:\/\/montreux-vieux.net\/index.php?rest_route=%2Fwp%2Fv2%2Fmedia&parent=4915"}],"curies":[{"name":"wp","href":"https:\/\/api.w.org\/{rel}","templated":true}]}}