{"id":4923,"date":"2015-02-20T10:53:21","date_gmt":"2015-02-20T09:53:21","guid":{"rendered":"http:\/\/montreux-vieux.net\/?page_id=4923"},"modified":"2022-02-15T14:44:22","modified_gmt":"2022-02-15T13:44:22","slug":"la-visite-du-president-de-la-republique-le-12-fevrier-1915","status":"publish","type":"page","link":"https:\/\/montreux-vieux.net\/?page_id=4923","title":{"rendered":"La visite du Pr\u00e9sident de la R\u00e9publique le 12 f\u00e9vrier 1915"},"content":{"rendered":"<h3 style=\"text-align: center;\">Visite du Pr\u00e9sident de la R\u00e9publique Raymond Poincar\u00e9 le 12 f\u00e9vrier 1915<\/h3>\n<div>\n<h1 class=\"entry-title\">\u00a0<\/h1>\n<div class=\"entry-content\">\n<h3 style=\"text-align: center;\"><iframe loading=\"lazy\" title=\"YouTube video player\" src=\"http:\/\/www.youtube.com\/embed\/rJuXMOB3Wy8\" width=\"425\" height=\"344\" frameborder=\"0\" allowfullscreen=\"allowfullscreen\"><\/iframe><\/h3>\n<\/div>\n<\/div>\n\n\n<h3 class=\"has-text-align-center wp-block-heading\" id=\"le-cheveu-blanc-poesie-recitee-le-12-fevrier-1915-a-raymond-poincare-president-de-la-republique\">Le cheveu blanc, po\u00e9sie r\u00e9cit\u00e9e le 12 f\u00e9vrier 1915 \u00e0 Raymond Poincar\u00e9, Pr\u00e9sident de la R\u00e9publique<\/h3>\n\n\n\n<div class=\"wp-block-image\"><figure class=\"aligncenter is-resized\"><a href=\"http:\/\/montreux-vieux.net\/montreux-vieux.net\/wp-content\/uploads\/2016\/10\/visite-du-president-Raymond-Poincar\u00e9le-12-f\u00e9vrier-1915-1.jpg\" target=\"_blank\" rel=\"noreferrer noopener\"><img loading=\"lazy\" decoding=\"async\" src=\"http:\/\/montreux-vieux.net\/montreux-vieux.net\/wp-content\/uploads\/2016\/10\/visite-du-president-Raymond-Poincar\u00e9le-12-f\u00e9vrier-1915-1-1024x819.jpg\" alt=\"visite-du-president-raymond-poincarele-12-fevrier-1915-1\" class=\"wp-image-8181\" width=\"624\" height=\"499\" srcset=\"https:\/\/montreux-vieux.net\/montreux-vieux.net\/wp-content\/uploads\/2016\/10\/visite-du-president-Raymond-Poincar\u00e9le-12-f\u00e9vrier-1915-1-1024x819.jpg 1024w, https:\/\/montreux-vieux.net\/montreux-vieux.net\/wp-content\/uploads\/2016\/10\/visite-du-president-Raymond-Poincar\u00e9le-12-f\u00e9vrier-1915-1-300x240.jpg 300w, https:\/\/montreux-vieux.net\/montreux-vieux.net\/wp-content\/uploads\/2016\/10\/visite-du-president-Raymond-Poincar\u00e9le-12-f\u00e9vrier-1915-1-768x615.jpg 768w, https:\/\/montreux-vieux.net\/montreux-vieux.net\/wp-content\/uploads\/2016\/10\/visite-du-president-Raymond-Poincar\u00e9le-12-f\u00e9vrier-1915-1-600x480.jpg 600w\" sizes=\"auto, (max-width: 624px) 100vw, 624px\" \/><\/a><\/figure><\/div>\n\n\n\n<h3 class=\"wp-block-heading\" id=\"le-cheveu-blanc\">Le cheveu blanc<\/h3>\n\n\n\n<p>Po\u00e9sie de Victor Gresset<\/p>\n\n\n\n<p><em>C&rsquo;\u00e9tait l&rsquo;\u00e9t\u00e9 dernier ; de passage \u00e0 Berlin,<\/em><em><br>Je dinais chez une baronne<br>Dont, depuis vingt ans, le destin<br>A fait une Prussienne. Elle \u00e9tait Bourguignonne<br>Avant son mariage, et, malgr\u00e9 ses succ\u00e8s<br>D&rsquo;esprit, de finesse et de gr\u00e2ce,<br>(Car \u00e0 la cour elle avait sa place,)<br>Malgr\u00e9 son nom, son c\u0153ur \u00e9tait rest\u00e9 Fran\u00e7ais ;<br>Revoir son cher pays de France<br>Etait sa plus douce esp\u00e9rance.<\/em><\/p>\n\n\n\n<p><em>Au dessert, on en vint \u00e0 parler de Paris ;<\/em><em><br>Bons germains ! ce ne fut qu&rsquo;ironie et m\u00e9pris.<br>De l&rsquo;astre des cit\u00e9s, la perte \u00e9tait fatale,<br>La superbe Lut\u00e8ce \u00e9tait sur son d\u00e9clin,<br>Et, sans aucun doute, Berlin,<br>De l&rsquo;Europe, sous peu, serait la capitale.<\/em><\/p>\n\n\n\n<p><em>Paris fut mis au pilori.<\/em><em><br>De tant d&rsquo;outrecuidance outr\u00e9e,<br>Eh bien, je vous fais un pari,<br>Dit la baronne exasp\u00e9r\u00e9e :<br>Que l&rsquo;un de vous, messieurs, me remette un objet<br>Insignifiant, sans prix, vulgaire,<br>Et, je le jure ici, Paris en saura faire<br>Un bijou, quand Berlin n&rsquo;en ferait qu&rsquo;un hochet.<\/em><\/p>\n\n\n\n<p><em>Un grand seigneur tint la gageure,<\/em><em><br>Il promit d&rsquo;envoyer un sp\u00e9cimen pur sang<br>Dont on ne pourrait pas alt\u00e9rer la nature.<br>Qu&rsquo;envoya-t-il ? un cheveu blanc.<\/em><\/p>\n\n\n\n<p><em>La baronne, un instant, fut fort embarrass\u00e9e,<\/em><em><br>Car, que faire avec un cheveu ?<br>Et sa parole \u00e9tait en jeu.<br>Bah ! Paris saurait bien trouver la panac\u00e9e.<br>En expliquant le fait,<br>Elle adressa l&rsquo;objet.<\/em><\/p>\n\n\n\n<p><em>Intelligence sans pareille,<\/em><em><br>L&rsquo;artiste, quinze jours apr\u00e8s,<br>Lui retournait une merveille.<br>Du pari, c&rsquo;\u00e9tait le succ\u00e8s.<\/em><\/p>\n\n\n\n<p><em>L&rsquo;aigle noir de la Germanie,<br>Dans sa serre, sanglante encor,<br>Etreignait un cylindre d&rsquo;or<br>Duquel le blanc cheveu sortait comme un g\u00e9nie.<br>Il supportait un \u00e9cusson,<br>Gracieux, simple de fa\u00e7on,<br>Dans lequel on voyait l&rsquo;Alsace et la Lorraine<br>Sur un lit de feuilles de ch\u00e8ne,<br>Et dessous, en lettres de feu :<br>Vous les tenez, H\u00e9las ! mais c&rsquo;est par un cheveu !<\/em><\/p>\n\n\n\n<h3 class=\"has-text-align-center wp-block-heading\" id=\"le-saviez-vous-de-l-accueil-de-president-poincare-au-camp-de-concentration\">Le saviez-vous ? De l&rsquo;accueil de Pr\u00e9sident Poincar\u00e9 au Camp de concentration<\/h3>\n\n\n\n<div class=\"wp-block-image\"><figure class=\"aligncenter is-resized\"><a href=\"http:\/\/montreux-vieux.net\/montreux-vieux.net\/wp-content\/uploads\/2016\/10\/visite-du-president-Raymond-Poincar\u00e9le-12-f\u00e9vrier-1915-1.jpg\" target=\"_blank\" rel=\"noreferrer noopener\"><img loading=\"lazy\" decoding=\"async\" src=\"http:\/\/montreux-vieux.net\/montreux-vieux.net\/wp-content\/uploads\/2016\/10\/visite-du-president-Raymond-Poincar\u00e9le-12-f\u00e9vrier-1915-1-1024x819.jpg\" alt=\"\" class=\"wp-image-8181\" width=\"587\" height=\"469\" srcset=\"https:\/\/montreux-vieux.net\/montreux-vieux.net\/wp-content\/uploads\/2016\/10\/visite-du-president-Raymond-Poincar\u00e9le-12-f\u00e9vrier-1915-1-1024x819.jpg 1024w, https:\/\/montreux-vieux.net\/montreux-vieux.net\/wp-content\/uploads\/2016\/10\/visite-du-president-Raymond-Poincar\u00e9le-12-f\u00e9vrier-1915-1-300x240.jpg 300w, https:\/\/montreux-vieux.net\/montreux-vieux.net\/wp-content\/uploads\/2016\/10\/visite-du-president-Raymond-Poincar\u00e9le-12-f\u00e9vrier-1915-1-768x615.jpg 768w, https:\/\/montreux-vieux.net\/montreux-vieux.net\/wp-content\/uploads\/2016\/10\/visite-du-president-Raymond-Poincar\u00e9le-12-f\u00e9vrier-1915-1-600x480.jpg 600w\" sizes=\"auto, (max-width: 587px) 100vw, 587px\" \/><\/a><\/figure><\/div>\n\n\n\n<h4 class=\"wp-block-heading\" id=\"gabrielle-lauber-nee-a-montreux-vieux-en-1899-la-jeune-fille-qui-a-recite-le-poeme-le-cheveu-blanc-au-president-raymond-poincare-lors-de-sa-visite-a-montreux-vieux-le-12-fevrier-1915-a-ete-deportee-avec-toute-sa-famille-en-octobre-de-la-meme-annee-au-camp-d-internement-de-viviers-ardeche-jusqu-a-la-fin-de-la-guerre-1918-pour-le-motif-qu-ils-auraient-ete-denonces-comme-des-espions-qui-a-partir-de-la-maison-laible-auraient-fait-des-signes-lumineux-aux-avions-allemands-pour-les-diriger-vers-les-positions-francaises-sur-la-photo-ci-dessus-en-bas-a-gauche-gabrielle-a-80-ans-recitant-encore-le-poeme-le-chaveu-blanc\">Gabrielle Lauber n\u00e9e \u00e0 Montreux-Vieux en 1899, la jeune fille qui a r\u00e9cit\u00e9 le po\u00e8me \u00ab&nbsp;Le Cheveu blanc\u00bb au Pr\u00e9sident Raymond Poincar\u00e9 lors de sa visite \u00e0 Montreux-Vieux le 12 f\u00e9vrier 1915 a \u00e9t\u00e9 d\u00e9port\u00e9e &nbsp;avec toute sa famille en octobre de la m\u00eame ann\u00e9e au camp d\u2019internement de Viviers (Ard\u00e8che) jusqu&rsquo;\u00e0 la fin de la guerre (1918) pour le motif qu\u2019ils auraient \u00e9t\u00e9 d\u00e9nonc\u00e9s comme des espions, qui, \u00e0 partir de la maison Laibl\u00e9 auraient fait des signes lumineux aux avions allemands pour les diriger vers les positions fran\u00e7aises. Sur la photo ci-dessus en bas \u00e0 gauche Gabrielle \u00e0 80 ans r\u00e9citant encore le po\u00e8me \u00ab\u00a0Le Chaveu blanc\u00a0\u00bb.<\/h4>\n\n\n\n<h3 class=\"has-text-align-center wp-block-heading\" id=\"la-camp-d-internement-de-viviers-ardeche\">La Camp d\u2019internement de Viviers (Ard\u00e8che)<\/h3>\n\n\n\n<div class=\"wp-block-image\"><figure class=\"aligncenter\"><a href=\"http:\/\/montreux-vieux.net\/montreux-vieux.net\/wp-content\/uploads\/2017\/04\/Le-camp-d\u2019internement-de-Viviers.jpg\" target=\"_blank\" rel=\"noreferrer noopener\"><img loading=\"lazy\" decoding=\"async\" width=\"945\" height=\"756\" src=\"http:\/\/montreux-vieux.net\/montreux-vieux.net\/wp-content\/uploads\/2017\/04\/Le-camp-d\u2019internement-de-Viviers.jpg\" alt=\"Le camp d'internement de Viviers\" class=\"wp-image-8880\" srcset=\"https:\/\/montreux-vieux.net\/montreux-vieux.net\/wp-content\/uploads\/2017\/04\/Le-camp-d\u2019internement-de-Viviers.jpg 945w, https:\/\/montreux-vieux.net\/montreux-vieux.net\/wp-content\/uploads\/2017\/04\/Le-camp-d\u2019internement-de-Viviers-300x240.jpg 300w, https:\/\/montreux-vieux.net\/montreux-vieux.net\/wp-content\/uploads\/2017\/04\/Le-camp-d\u2019internement-de-Viviers-768x614.jpg 768w, https:\/\/montreux-vieux.net\/montreux-vieux.net\/wp-content\/uploads\/2017\/04\/Le-camp-d\u2019internement-de-Viviers-600x480.jpg 600w\" sizes=\"auto, (max-width: 945px) 100vw, 945px\" \/><\/a><\/figure><\/div>\n\n\n\n<h4 class=\"wp-block-heading\" id=\"ce-camp-ayant-le-statut-de-camp-de-concentration-etait-installe-a-viviers-en-ardeche-dans-le-grand-seminaire-sous-tutelle-du-ministere-de-l-interieur-ce-lieu-a-accueilli-successivement-deux-categories-d-internes-l-une-composee-d-alsaciens-lorrains-consideres-comme-douteux-par-les-autorites-1914-1918-l-autre-d-austro-allemands-qui-ne-seront-rapatries-ou-expulses-qu-apres-la-signature-du-traite-de-versailles-1918-1919\">Ce camp ayant le statut de \u00ab&nbsp;camp de concentration&nbsp;\u00bb \u00e9tait install\u00e9 \u00e0 Viviers en Ard\u00e8che dans le grand s\u00e9minaire. Sous tutelle du minist\u00e8re de l\u2019Int\u00e9rieur, ce lieu a accueilli successivement deux cat\u00e9gories d\u2019intern\u00e9s : l\u2019une compos\u00e9e d\u2019Alsaciens-Lorrains consid\u00e9r\u00e9s comme \u201cdouteux\u201d par les autorit\u00e9s (1914-1918) ; l\u2019autre, d\u2019 \u201cAustro-Allemands\u201d qui ne seront rapatri\u00e9s ou expuls\u00e9s qu\u2019apr\u00e8s la signature du trait\u00e9 de Versailles (1918-1919).<\/h4>\n\n\n\n<p><\/p>\n\n\n\n<p>Pour m\u00e9moire : <\/p>\n\n\n\n<p>Un tout petit commentaire \u00e0 propos de la photo des petites \u00ab\u00a0alsaciennes\u00a0\u00bb sur les marches du temple. Je confirme qu&rsquo;il s&rsquo;agit bien d&rsquo;une photo prise \u00e0 l&rsquo;occasion de la visite de Poincar\u00e9 \u00e0 Montreux-Vieux le 12 f\u00e9vrier 1915. La petite au centre au premier rang est Simonne Quiquerez qui avait offert le bouquet au pr\u00e9sident \u00e0 son arriv\u00e9e. Au second rang a gauche Marie Mercelat et \u00e0 droite Augustine Kempf qui r\u00e9cita le compliment . Il n&rsquo;y a pas moins de 12 clich\u00e9s de cette visite \u00e9dit\u00e9s en cartes postales dont un publi\u00e9 en couverture de l&rsquo;Illustration. Sur celui-ci, on peut avoir l&rsquo;impression que les petites alsaciennes ne sont pas les m\u00eames, mais il n&rsquo;en est rien ; ce n&rsquo;est que le r\u00e9sultat de retouches un peu forc\u00e9es. Poincar\u00e9 venant d&rsquo;une revue de la 1ere division de montagne \u00e0 Lachapelle sous Chaux est effectivement repass\u00e9 \u00e0 Montreux-Vieux sur le chemin de Dannemarie le 13\/09\/1915, pour rendre une courte visite \u00e0 l&rsquo;\u00e9tat major. En revanche, Poincar\u00e9 n&rsquo;\u00e9tait pas \u00e0 Montreux le dimanche 2 mai 1915 comme le pense Nicole Aubry. Il \u00e9tait \u00e0 son bureau \u00e0 l&rsquo;Elys\u00e9e o\u00f9 il recevait les ministres Viviani et Millerand et plus tard le g\u00e9n\u00e9ral Gouraud. Bien cordialement. Daniel LOUGNOT<\/p>\n\n\n\n<h3 class=\"wp-block-heading\" id=\"jsc_c_qi\"><a href=\"https:\/\/www.facebook.com\/groups\/186739191349503\/user\/100069689865230\/?__cft__[0]=AZX6ulR-2lx6n2iX26_bR_ZSkAvi7dtvW2Kx986HdontEVYV4WRa4uelYc9Jkg5NkM0zoy4zbeZ3ByhiuWX6uC8UUvRUF4sqV3io48JAhl93gUWMDmTKNXJMXlXUhdKzWaihX24dwTV0lTvSB8apvXH32GlbmGtxSi1YGlg_CJhzdWm3PPGnJc0ZO3L5R9Zh4L0&amp;__tn__=-UC%2CP-R\"><strong>Daniel Lougnot<\/strong><\/a><\/h3>\n\n\n\n<p>\u00b7\u00a012 f\u00e9vrier 1915 \u2013 VISITE DU PRESIDENT DE LA REPUBLIQUE A MONTREUX-VIEUXVoici quelques \u00e9l\u00e9ments un peu moins connus concernant cette visite.<\/p>\n\n\n\n<figure class=\"wp-block-image\"><img decoding=\"async\" src=\"https:\/\/static.xx.fbcdn.net\/images\/emoji.php\/v9\/t5d\/1\/16\/1f4f7.png\" alt=\"\ud83d\udcf7\"\/><\/figure>\n\n\n\n<p>Extrait du Journal des Marches et Op\u00e9rations du 2eDragons en date du12 f\u00e9vrier 1915<em>A 0 heures, le r\u00e9giment est de piquet pendant 24 heures \u00e0 la disposition du Groupe Sud. A 15 heures, revue du r\u00e9giment dispos\u00e9 en bataille \u00e0 l&rsquo;Est de la route Montreux-Vieux\/Chavannes-sur-l&rsquo;Etang, par le Pr\u00e9sident de la R\u00e9publique qui remet la M\u00e9daille Militaire au cavalier Gastaud du 2e Dragons et la croix de Chevalier de la L\u00e9gion d&rsquo;Honneur au lieutenant de gendarmerie de l&rsquo;Etat Major de la Brigade.<\/em><\/p>\n\n\n\n<figure class=\"wp-block-image\"><img decoding=\"async\" src=\"https:\/\/static.xx.fbcdn.net\/images\/emoji.php\/v9\/t5d\/1\/16\/1f4f7.png\" alt=\"\ud83d\udcf7\"\/><\/figure>\n\n\n\n<p><em>Vers 15h sur la route de Chavannes sur l&rsquo;Etang \u00e0 Montreux-Vieux, le pr\u00e9sident Poincar\u00e9 (de dos au milieu) passe en revue le d\u00e9tachement du 2e Dragons qui assure sa s\u00e9curit\u00e9 lors de sa visite \u00e0 Montreux-Vieux. Le g\u00e9n\u00e9ral Putz, commandant le D\u00e9tachement d&rsquo;Arm\u00e9es des Vosges, salue un officier et un cavalier qui viennent d&rsquo;\u00eatre d\u00e9cor\u00e9s.<\/em><\/p>\n\n\n\n<figure class=\"wp-block-image\"><img decoding=\"async\" src=\"https:\/\/static.xx.fbcdn.net\/images\/emoji.php\/v9\/t5d\/1\/16\/1f4f7.png\" alt=\"\ud83d\udcf7\"\/><\/figure>\n\n\n\n<p><em>A la sortie de l&rsquo;\u00e9cole des filles, le Pr\u00e9sident de la R\u00e9publique suivi (de g. \u00e0 dr.) de son officier d&rsquo;ordonnance, du g\u00e9n\u00e9ral Putz, commandant le D\u00e9tachement d&rsquo;Arm\u00e9es des Vosges, de Millerand, ministre de la guerre, puis au second rang, du g\u00e9n\u00e9ral Th\u00e9venet, gouverneur de la place forte de Belfort et du g\u00e9n\u00e9ral Lebas, commandant le secteur de Bessoncourt<\/em><\/p>\n\n\n\n<figure class=\"wp-block-image\"><img decoding=\"async\" src=\"https:\/\/scontent-cdt1-1.xx.fbcdn.net\/v\/t39.30808-6\/273786712_240698148263179_1120832774511843694_n.jpg?_nc_cat=110&amp;ccb=1-5&amp;_nc_sid=5cd70e&amp;_nc_ohc=wKbWmPmXsIwAX-Grzv9&amp;_nc_ht=scontent-cdt1-1.xx&amp;oh=00_AT8C38MuRCaQ03kAnPyzO3hB9nKyluo0SE5OC7igOd3MeA&amp;oe=6210773B\" alt=\"Aucune description de photo disponible.\"\/><\/figure>\n\n\n\n<figure class=\"wp-block-image\"><img decoding=\"async\" src=\"https:\/\/scontent-cdt1-1.xx.fbcdn.net\/v\/t39.30808-6\/273896277_240698384929822_8152721556213902201_n.jpg?_nc_cat=110&amp;ccb=1-5&amp;_nc_sid=5cd70e&amp;_nc_ohc=aOMrRyfnbpYAX_oqmhp&amp;_nc_ht=scontent-cdt1-1.xx&amp;oh=00_AT8d6uWL6d6jOAG-mGN5LNI6kAF2-d4BvhmwMy1DvQ9wRA&amp;oe=6210534A\" alt=\"Peut \u00eatre une image de 5 personnes, personnes debout, plein air et texte qui dit \u2019304. En Alsace. MONTREUX- VIEUX Le Pr\u00e9sident de la R\u00e9publique visite nos troupes en Alsace (12 F\u00e9vrier 1915)\u2019\"\/><\/figure>\n\n\n\n<figure class=\"wp-block-image\"><img decoding=\"async\" src=\"https:\/\/scontent-cdg2-1.xx.fbcdn.net\/v\/t39.30808-6\/273772683_240698541596473_5055377201332708421_n.jpg?_nc_cat=102&amp;ccb=1-5&amp;_nc_sid=5cd70e&amp;_nc_ohc=PI_m2KydvNUAX9Ah0HZ&amp;_nc_ht=scontent-cdg2-1.xx&amp;oh=00_AT-VzrPejpT57tenx6QTSTm6eY4Wshp1QRBs-Ii3KcDO6w&amp;oe=62108B49\" alt=\"Peut \u00eatre une image de 4 personnes et personnes debout\"\/><\/figure>\n","protected":false},"excerpt":{"rendered":"<p>Visite du Pr\u00e9sident de la R\u00e9publique Raymond Poincar\u00e9 le 12 f\u00e9vrier 1915 \u00a0 Le cheveu blanc, po\u00e9sie r\u00e9cit\u00e9e le 12 f\u00e9vrier 1915 \u00e0 Raymond Poincar\u00e9, Pr\u00e9sident de la R\u00e9publique Le cheveu blanc Po\u00e9sie de Victor Gresset C&rsquo;\u00e9tait l&rsquo;\u00e9t\u00e9 dernier ; &hellip; <a href=\"https:\/\/montreux-vieux.net\/?page_id=4923\">Continuer la lecture <span class=\"meta-nav\">&rarr;<\/span><\/a><\/p>\n","protected":false},"author":1,"featured_media":0,"parent":4909,"menu_order":1,"comment_status":"open","ping_status":"open","template":"","meta":{"footnotes":""},"class_list":["post-4923","page","type-page","status-publish","hentry"],"_links":{"self":[{"href":"https:\/\/montreux-vieux.net\/index.php?rest_route=\/wp\/v2\/pages\/4923","targetHints":{"allow":["GET"]}}],"collection":[{"href":"https:\/\/montreux-vieux.net\/index.php?rest_route=\/wp\/v2\/pages"}],"about":[{"href":"https:\/\/montreux-vieux.net\/index.php?rest_route=\/wp\/v2\/types\/page"}],"author":[{"embeddable":true,"href":"https:\/\/montreux-vieux.net\/index.php?rest_route=\/wp\/v2\/users\/1"}],"replies":[{"embeddable":true,"href":"https:\/\/montreux-vieux.net\/index.php?rest_route=%2Fwp%2Fv2%2Fcomments&post=4923"}],"version-history":[{"count":10,"href":"https:\/\/montreux-vieux.net\/index.php?rest_route=\/wp\/v2\/pages\/4923\/revisions"}],"predecessor-version":[{"id":24575,"href":"https:\/\/montreux-vieux.net\/index.php?rest_route=\/wp\/v2\/pages\/4923\/revisions\/24575"}],"up":[{"embeddable":true,"href":"https:\/\/montreux-vieux.net\/index.php?rest_route=\/wp\/v2\/pages\/4909"}],"wp:attachment":[{"href":"https:\/\/montreux-vieux.net\/index.php?rest_route=%2Fwp%2Fv2%2Fmedia&parent=4923"}],"curies":[{"name":"wp","href":"https:\/\/api.w.org\/{rel}","templated":true}]}}