{"id":4995,"date":"2015-02-20T16:05:39","date_gmt":"2015-02-20T15:05:39","guid":{"rendered":"http:\/\/montreux-vieux.net\/?page_id=4995"},"modified":"2018-12-26T11:34:11","modified_gmt":"2018-12-26T10:34:11","slug":"histoire-de-sorcellerie","status":"publish","type":"page","link":"https:\/\/montreux-vieux.net\/?page_id=4995","title":{"rendered":"Histoire de sorcellerie"},"content":{"rendered":"<h3 style=\"text-align: center;\">Histoire de sorcellerie<\/h3>\n<h4 style=\"text-align: justify;\">Une montreusienne&nbsp; raconte que son grand-p\u00e8re Edouard avait un cheval, et un jour,&nbsp; et en revenant des champs, une femme est venue le caresser&nbsp; en disant \u00ab&nbsp;qu\u2019il est beau ton cheval&nbsp;\u00bb.<\/h4>\n<h4 style=\"text-align: justify;\">Le lendemain lorsqu\u2019il est all\u00e9 \u00e0 l\u2019\u00e9curie pour sortir son cheval, ce dernier&nbsp; ne voulait pas se lever. Il demanda alors au v\u00e9t\u00e9rinaire ce qu\u2019il avait. Il lui r\u00e9pondit que son cheval a \u00e9t\u00e9 ensorcel\u00e9 et qu\u2019il devait chauffer une po\u00eale et taper dedans avec une baguette en&nbsp; noisetier aussi fort qu\u2019il pouvait.<\/h4>\n<h4 style=\"text-align: justify;\">Il a ex\u00e9cut\u00e9 les conseils du v\u00e9t\u00e9rinaire et au moment o\u00f9 il tapait dans sa po\u00eale, cette femme est venue le supplier d\u2019arr\u00eater de taper et lui a dit que son cheval \u00e9tait debout. C\u2019\u00e9tait elle qui avait ensorcel\u00e9 le cheval.<\/h4>\n","protected":false},"excerpt":{"rendered":"<p>Histoire de sorcellerie Une montreusienne&nbsp; raconte que son grand-p\u00e8re Edouard avait un cheval, et un jour,&nbsp; et en revenant des champs, une femme est venue le caresser&nbsp; en disant \u00ab&nbsp;qu\u2019il est beau ton cheval&nbsp;\u00bb. Le lendemain lorsqu\u2019il est all\u00e9 \u00e0 &hellip; <a href=\"https:\/\/montreux-vieux.net\/?page_id=4995\">Continuer la lecture <span class=\"meta-nav\">&rarr;<\/span><\/a><\/p>\n","protected":false},"author":1,"featured_media":0,"parent":13044,"menu_order":4,"comment_status":"open","ping_status":"open","template":"","meta":{"footnotes":""},"class_list":["post-4995","page","type-page","status-publish","hentry"],"_links":{"self":[{"href":"https:\/\/montreux-vieux.net\/index.php?rest_route=\/wp\/v2\/pages\/4995","targetHints":{"allow":["GET"]}}],"collection":[{"href":"https:\/\/montreux-vieux.net\/index.php?rest_route=\/wp\/v2\/pages"}],"about":[{"href":"https:\/\/montreux-vieux.net\/index.php?rest_route=\/wp\/v2\/types\/page"}],"author":[{"embeddable":true,"href":"https:\/\/montreux-vieux.net\/index.php?rest_route=\/wp\/v2\/users\/1"}],"replies":[{"embeddable":true,"href":"https:\/\/montreux-vieux.net\/index.php?rest_route=%2Fwp%2Fv2%2Fcomments&post=4995"}],"version-history":[{"count":3,"href":"https:\/\/montreux-vieux.net\/index.php?rest_route=\/wp\/v2\/pages\/4995\/revisions"}],"predecessor-version":[{"id":13071,"href":"https:\/\/montreux-vieux.net\/index.php?rest_route=\/wp\/v2\/pages\/4995\/revisions\/13071"}],"up":[{"embeddable":true,"href":"https:\/\/montreux-vieux.net\/index.php?rest_route=\/wp\/v2\/pages\/13044"}],"wp:attachment":[{"href":"https:\/\/montreux-vieux.net\/index.php?rest_route=%2Fwp%2Fv2%2Fmedia&parent=4995"}],"curies":[{"name":"wp","href":"https:\/\/api.w.org\/{rel}","templated":true}]}}