{"id":4997,"date":"2015-02-20T16:08:35","date_gmt":"2015-02-20T15:08:35","guid":{"rendered":"http:\/\/montreux-vieux.net\/?page_id=4997"},"modified":"2025-11-08T15:58:18","modified_gmt":"2025-11-08T14:58:18","slug":"distribution-de-lait-dans-les-ecoles","status":"publish","type":"page","link":"https:\/\/montreux-vieux.net\/?page_id=4997","title":{"rendered":"Distribution de lait dans les \u00e9coles"},"content":{"rendered":"<h4 style=\"text-align: center;\">Distribution de lait en 1954<\/h4>\n<h4 style=\"text-align: justify;\">C\u2019\u00e9tait dans le cadre d\u2019une campagne anti alcoolique que Mendes France* a d\u00e9cid\u00e9 de faire distribuer du lait dans les \u00e9coles maternelles et primaires<\/h4>\n<h4 style=\"text-align: justify;\">Cette campagne visait les enfants de 3 \u00e0 10 ans. On ne peut que supposer qu&rsquo;\u00e0 l&rsquo;\u00e9poque l&rsquo;alcoolisme commen\u00e7ait dirait-on presque au berceau\u00a0?<\/h4>\n<h4 style=\"text-align: justify;\">C\u2019est au moment de la r\u00e9cr\u00e9ation de l\u2019apr\u00e8s-midi que la distribution se faisait \u00e0 l\u2019\u00e9cole rue des Tilleuls par Melle M\u00e9rian Marthe qui s\u2019en souvient encore.<\/h4>\n<p>Le Comit\u00e9 de l\u2019\u00e9cole maternelle en 1979 avait relanc\u00e9 l\u2019id\u00e9e et \u00a0sollicit\u00e9 une distribution de lait quotidienne. Le conseil municipal n\u2019a pas donn\u00e9 d\u2019avis favorable compte tenu des probl\u00e8mes que pouvaient soulever une telle distribution.<\/p>\n<h6>\u00a0* <i>Pierre Isaac Isidore Mend\u00e8s France, surnomm\u00e9 PMF, n\u00e9 le 11 janvier 1907 \u00e0 Paris et mort le 18 octobre 1982 dans la m\u00eame ville, est un homme politique fran\u00e7ais. Sa vie politique commence lors de son \u00e9lection comme d\u00e9put\u00e9 de l&rsquo;Eure, en 1932.\u00a0(<a href=\"http:\/\/fr.wikipedia.org\/wiki\/Pierre_Mend%C3%A8s_France\">Wikip\u00e9dia<\/a>)<\/i><\/h6>\n","protected":false},"excerpt":{"rendered":"<p>Distribution de lait en 1954 C\u2019\u00e9tait dans le cadre d\u2019une campagne anti alcoolique que Mendes France* a d\u00e9cid\u00e9 de faire distribuer du lait dans les \u00e9coles maternelles et primaires Cette campagne visait les enfants de 3 \u00e0 10 ans. On &hellip; <a href=\"https:\/\/montreux-vieux.net\/?page_id=4997\">Continuer la lecture <span class=\"meta-nav\">&rarr;<\/span><\/a><\/p>\n","protected":false},"author":1,"featured_media":0,"parent":12826,"menu_order":6,"comment_status":"open","ping_status":"open","template":"","meta":{"footnotes":""},"class_list":["post-4997","page","type-page","status-publish","hentry"],"_links":{"self":[{"href":"https:\/\/montreux-vieux.net\/index.php?rest_route=\/wp\/v2\/pages\/4997","targetHints":{"allow":["GET"]}}],"collection":[{"href":"https:\/\/montreux-vieux.net\/index.php?rest_route=\/wp\/v2\/pages"}],"about":[{"href":"https:\/\/montreux-vieux.net\/index.php?rest_route=\/wp\/v2\/types\/page"}],"author":[{"embeddable":true,"href":"https:\/\/montreux-vieux.net\/index.php?rest_route=\/wp\/v2\/users\/1"}],"replies":[{"embeddable":true,"href":"https:\/\/montreux-vieux.net\/index.php?rest_route=%2Fwp%2Fv2%2Fcomments&post=4997"}],"version-history":[{"count":3,"href":"https:\/\/montreux-vieux.net\/index.php?rest_route=\/wp\/v2\/pages\/4997\/revisions"}],"predecessor-version":[{"id":28394,"href":"https:\/\/montreux-vieux.net\/index.php?rest_route=\/wp\/v2\/pages\/4997\/revisions\/28394"}],"up":[{"embeddable":true,"href":"https:\/\/montreux-vieux.net\/index.php?rest_route=\/wp\/v2\/pages\/12826"}],"wp:attachment":[{"href":"https:\/\/montreux-vieux.net\/index.php?rest_route=%2Fwp%2Fv2%2Fmedia&parent=4997"}],"curies":[{"name":"wp","href":"https:\/\/api.w.org\/{rel}","templated":true}]}}