{"id":5001,"date":"2015-02-20T16:12:41","date_gmt":"2015-02-20T15:12:41","guid":{"rendered":"http:\/\/montreux-vieux.net\/?page_id=5001"},"modified":"2018-12-26T10:58:00","modified_gmt":"2018-12-26T09:58:00","slug":"incendie-du-6-juillet-1846","status":"publish","type":"page","link":"https:\/\/montreux-vieux.net\/?page_id=5001","title":{"rendered":"Incendie du 6 juillet 1846"},"content":{"rendered":"<h3 style=\"text-align: center;\">Incendie du 6 juillet 1846<\/h3>\n<h4 style=\"text-align: justify;\">6\/7\/1846 un orage a \u00e9clat\u00e9 dans la nuit du 6\/7\/1846 il a fallut les pompiers de Chavannes sur l\u2019Etang, Foussemagne, Lutran, Reppe et Chavannes les Grands. La maison de Cuenin Claude fut touch\u00e9e par la foudre et a br\u00fbl\u00e9e. Gr\u00e2ce \u00e0 l\u2019intervention de ces pompiers d\u2019autres maisons ont \u00e9t\u00e9 pr\u00e9serv\u00e9es&nbsp;?<\/h4>\n<h4 style=\"text-align: justify;\">Les frais de l\u2019aubergiste Cuenin Henry pour le ravitaillement des hommes se sont \u00e9lev\u00e9s \u00e0 48.60 f que la commune \u00e0 pay\u00e9s<\/h4>\n","protected":false},"excerpt":{"rendered":"<p>Incendie du 6 juillet 1846 6\/7\/1846 un orage a \u00e9clat\u00e9 dans la nuit du 6\/7\/1846 il a fallut les pompiers de Chavannes sur l\u2019Etang, Foussemagne, Lutran, Reppe et Chavannes les Grands. La maison de Cuenin Claude fut touch\u00e9e par la &hellip; <a href=\"https:\/\/montreux-vieux.net\/?page_id=5001\">Continuer la lecture <span class=\"meta-nav\">&rarr;<\/span><\/a><\/p>\n","protected":false},"author":1,"featured_media":0,"parent":13044,"menu_order":2,"comment_status":"open","ping_status":"open","template":"","meta":{"footnotes":""},"class_list":["post-5001","page","type-page","status-publish","hentry"],"_links":{"self":[{"href":"https:\/\/montreux-vieux.net\/index.php?rest_route=\/wp\/v2\/pages\/5001","targetHints":{"allow":["GET"]}}],"collection":[{"href":"https:\/\/montreux-vieux.net\/index.php?rest_route=\/wp\/v2\/pages"}],"about":[{"href":"https:\/\/montreux-vieux.net\/index.php?rest_route=\/wp\/v2\/types\/page"}],"author":[{"embeddable":true,"href":"https:\/\/montreux-vieux.net\/index.php?rest_route=\/wp\/v2\/users\/1"}],"replies":[{"embeddable":true,"href":"https:\/\/montreux-vieux.net\/index.php?rest_route=%2Fwp%2Fv2%2Fcomments&post=5001"}],"version-history":[{"count":2,"href":"https:\/\/montreux-vieux.net\/index.php?rest_route=\/wp\/v2\/pages\/5001\/revisions"}],"predecessor-version":[{"id":13046,"href":"https:\/\/montreux-vieux.net\/index.php?rest_route=\/wp\/v2\/pages\/5001\/revisions\/13046"}],"up":[{"embeddable":true,"href":"https:\/\/montreux-vieux.net\/index.php?rest_route=\/wp\/v2\/pages\/13044"}],"wp:attachment":[{"href":"https:\/\/montreux-vieux.net\/index.php?rest_route=%2Fwp%2Fv2%2Fmedia&parent=5001"}],"curies":[{"name":"wp","href":"https:\/\/api.w.org\/{rel}","templated":true}]}}