{"id":5003,"date":"2015-02-20T16:15:19","date_gmt":"2015-02-20T15:15:19","guid":{"rendered":"http:\/\/montreux-vieux.net\/?page_id=5003"},"modified":"2018-12-26T11:37:23","modified_gmt":"2018-12-26T10:37:23","slug":"les-jetons-de-necessite","status":"publish","type":"page","link":"https:\/\/montreux-vieux.net\/?page_id=5003","title":{"rendered":"Les jetons de n\u00e9cessit\u00e9"},"content":{"rendered":"<h3 style=\"text-align: center;\">Les jetons de n\u00e9cessit\u00e9<\/h3>\n<p style=\"text-align: center;\"><a href=\"http:\/\/montreux-vieux.net\/montreux-vieux.net\/wp-content\/uploads\/2012\/02\/reverscalame.jpg\" target=\"_blank\"><img loading=\"lazy\" decoding=\"async\" class=\"aligncenter wp-image-3057 size-thumbnail\" src=\"http:\/\/montreux-vieux.net\/montreux-vieux.net\/wp-content\/uploads\/2012\/02\/reverscalame-150x150.jpg\" alt=\"Un jeton de n\u00e9cessit\u00e9\" width=\"150\" height=\"150\"><\/a><\/p>\n<h4 style=\"text-align: justify;\">Dans la commune de Montreux-Vieux autrefois \u00e9tait utilis\u00e9s des jetons de n\u00e9cessit\u00e9. Ils servaient par exemple&nbsp; \u00e0 comptabiliser les bi\u00e8res vendues dans un \u00e9tablissement.<\/h4>\n<h4 style=\"text-align: justify;\"><\/h4>\n<h4 style=\"text-align: center;\">&nbsp;<a href=\"http:\/\/montreux-vieux.net\/montreux-vieux.net\/wp-content\/uploads\/2012\/02\/averscalame.jpg\" target=\"_blank\"><img loading=\"lazy\" decoding=\"async\" class=\"aligncenter wp-image-3053 size-thumbnail\" src=\"http:\/\/montreux-vieux.net\/montreux-vieux.net\/wp-content\/uploads\/2012\/02\/averscalame-150x150.jpg\" alt=\"Un jeton de n\u00e9cessit\u00e9 Altm\u00fcnst\u00e9roll\" width=\"150\" height=\"150\"><\/a><\/h4>\n<h4 style=\"text-align: justify;\"><\/h4>\n<h4 style=\"text-align: justify;\">La date n\u2019a pas encore pu \u00eatre situ\u00e9e du jeton ci-dessus mais l\u2019on pense entre 1870 et 1920<\/h4>\n","protected":false},"excerpt":{"rendered":"<p>Les jetons de n\u00e9cessit\u00e9 Dans la commune de Montreux-Vieux autrefois \u00e9tait utilis\u00e9s des jetons de n\u00e9cessit\u00e9. Ils servaient par exemple&nbsp; \u00e0 comptabiliser les bi\u00e8res vendues dans un \u00e9tablissement. &nbsp; La date n\u2019a pas encore pu \u00eatre situ\u00e9e du jeton ci-dessus &hellip; <a href=\"https:\/\/montreux-vieux.net\/?page_id=5003\">Continuer la lecture <span class=\"meta-nav\">&rarr;<\/span><\/a><\/p>\n","protected":false},"author":1,"featured_media":0,"parent":13034,"menu_order":4,"comment_status":"open","ping_status":"open","template":"","meta":{"footnotes":""},"class_list":["post-5003","page","type-page","status-publish","hentry"],"_links":{"self":[{"href":"https:\/\/montreux-vieux.net\/index.php?rest_route=\/wp\/v2\/pages\/5003","targetHints":{"allow":["GET"]}}],"collection":[{"href":"https:\/\/montreux-vieux.net\/index.php?rest_route=\/wp\/v2\/pages"}],"about":[{"href":"https:\/\/montreux-vieux.net\/index.php?rest_route=\/wp\/v2\/types\/page"}],"author":[{"embeddable":true,"href":"https:\/\/montreux-vieux.net\/index.php?rest_route=\/wp\/v2\/users\/1"}],"replies":[{"embeddable":true,"href":"https:\/\/montreux-vieux.net\/index.php?rest_route=%2Fwp%2Fv2%2Fcomments&post=5003"}],"version-history":[{"count":5,"href":"https:\/\/montreux-vieux.net\/index.php?rest_route=\/wp\/v2\/pages\/5003\/revisions"}],"predecessor-version":[{"id":13074,"href":"https:\/\/montreux-vieux.net\/index.php?rest_route=\/wp\/v2\/pages\/5003\/revisions\/13074"}],"up":[{"embeddable":true,"href":"https:\/\/montreux-vieux.net\/index.php?rest_route=\/wp\/v2\/pages\/13034"}],"wp:attachment":[{"href":"https:\/\/montreux-vieux.net\/index.php?rest_route=%2Fwp%2Fv2%2Fmedia&parent=5003"}],"curies":[{"name":"wp","href":"https:\/\/api.w.org\/{rel}","templated":true}]}}