{"id":5005,"date":"2015-02-20T16:17:52","date_gmt":"2015-02-20T15:17:52","guid":{"rendered":"http:\/\/montreux-vieux.net\/?page_id=5005"},"modified":"2018-12-26T11:38:28","modified_gmt":"2018-12-26T10:38:28","slug":"le-taureau-communal","status":"publish","type":"page","link":"https:\/\/montreux-vieux.net\/?page_id=5005","title":{"rendered":"Le taureau communal"},"content":{"rendered":"<h3 style=\"text-align: center;\">Le taureau communal<\/h3>\n<p style=\"text-align: center;\"><a href=\"http:\/\/montreux-vieux.net\/montreux-vieux.net\/wp-content\/uploads\/2011\/12\/itaureaujpg.jpg\" target=\"_blank\"><img loading=\"lazy\" decoding=\"async\" class=\"aligncenter wp-image-3139 size-full\" src=\"http:\/\/montreux-vieux.net\/montreux-vieux.net\/wp-content\/uploads\/2011\/12\/itaureaujpg.jpg\" alt=\"itaureaujpg\" width=\"270\" height=\"187\"><\/a><\/p>\n<h4 style=\"text-align: justify;\">Autrefois, dans chaque village il y avait&nbsp;\u00abun taureau communal\u00bb&nbsp; car l\u2019ins\u00e9mination artificielle n\u2019existait pas.&nbsp; A Montreux-Vieux, il y avait m\u00eame un pr\u00e9 nomm\u00e9 \u00abLe Pr\u00e9 du Taureau\u00bb, c\u2019est l\u00e0 que l\u2019on mettait en p\u00e2ture le taureau qui \u00e9tait choisi.<\/h4>\n<h4 style=\"text-align: justify;\">Le remplacement du taureau n\u2019\u00e9tait pas chose facile puisqu\u2019il fallait proc\u00e9der par une adjudication publique. En 1792 dans une petite commune de France,&nbsp; il a fallu 4 s\u00e9ances du conseil municipal pour le remplacement du taureau communal dont \u00ab l\u2019invalidit\u00e9&nbsp;\u00bb avait \u00e9t\u00e9 d\u00fbment constat\u00e9e et \u00ab&nbsp;l\u2019impuissance \u00bb reconnue de tous.<\/h4>\n<h4 style=\"text-align: justify;\">Le syst\u00e8me de la monte publique<\/h4>\n<h4 style=\"text-align: justify;\">Voici ce que contenait le contrat d\u2019adjudication du 16 janvier 1832 pour la saillie des vaches de particuliers de Montreux-Vieux&nbsp;:<\/h4>\n<h4 style=\"text-align: justify;\">La fourniture aura lieu le jour de la St Antoine&nbsp; prochain<\/h4>\n<h4 style=\"text-align: justify;\">Il devra \u00eatre de belles esp\u00e8ces, propres<\/h4>\n<h4 style=\"text-align: justify;\">Il devra \u00eatre agr\u00e9\u00e9 par le Conseil Municipal<\/h4>\n<h4 style=\"text-align: justify;\">Il devra \u00eatre amen\u00e9 au moins une fois par jour au troupeau<\/h4>\n<h4 style=\"text-align: justify;\">Il devra \u00eatre remplac\u00e9 dans les quinze jours s\u2019il est accident\u00e9 ou hors service<\/h4>\n<h4 style=\"text-align: justify;\">Il pourra \u00eatre attel\u00e9 une fois par jour par le propri\u00e9taire pour son usage.<\/h4>\n<h4 style=\"text-align: justify;\">C\u2019est le taureau du sieur Gaspard Cuenin qui fut agr\u00e9\u00e9 au prix de 81f<\/h4>\n","protected":false},"excerpt":{"rendered":"<p>Le taureau communal Autrefois, dans chaque village il y avait&nbsp;\u00abun taureau communal\u00bb&nbsp; car l\u2019ins\u00e9mination artificielle n\u2019existait pas.&nbsp; A Montreux-Vieux, il y avait m\u00eame un pr\u00e9 nomm\u00e9 \u00abLe Pr\u00e9 du Taureau\u00bb, c\u2019est l\u00e0 que l\u2019on mettait en p\u00e2ture le taureau qui &hellip; <a href=\"https:\/\/montreux-vieux.net\/?page_id=5005\">Continuer la lecture <span class=\"meta-nav\">&rarr;<\/span><\/a><\/p>\n","protected":false},"author":1,"featured_media":0,"parent":13036,"menu_order":4,"comment_status":"open","ping_status":"open","template":"","meta":{"footnotes":""},"class_list":["post-5005","page","type-page","status-publish","hentry"],"_links":{"self":[{"href":"https:\/\/montreux-vieux.net\/index.php?rest_route=\/wp\/v2\/pages\/5005","targetHints":{"allow":["GET"]}}],"collection":[{"href":"https:\/\/montreux-vieux.net\/index.php?rest_route=\/wp\/v2\/pages"}],"about":[{"href":"https:\/\/montreux-vieux.net\/index.php?rest_route=\/wp\/v2\/types\/page"}],"author":[{"embeddable":true,"href":"https:\/\/montreux-vieux.net\/index.php?rest_route=\/wp\/v2\/users\/1"}],"replies":[{"embeddable":true,"href":"https:\/\/montreux-vieux.net\/index.php?rest_route=%2Fwp%2Fv2%2Fcomments&post=5005"}],"version-history":[{"count":4,"href":"https:\/\/montreux-vieux.net\/index.php?rest_route=\/wp\/v2\/pages\/5005\/revisions"}],"predecessor-version":[{"id":13075,"href":"https:\/\/montreux-vieux.net\/index.php?rest_route=\/wp\/v2\/pages\/5005\/revisions\/13075"}],"up":[{"embeddable":true,"href":"https:\/\/montreux-vieux.net\/index.php?rest_route=\/wp\/v2\/pages\/13036"}],"wp:attachment":[{"href":"https:\/\/montreux-vieux.net\/index.php?rest_route=%2Fwp%2Fv2%2Fmedia&parent=5005"}],"curies":[{"name":"wp","href":"https:\/\/api.w.org\/{rel}","templated":true}]}}