{"id":5008,"date":"2015-02-20T16:22:14","date_gmt":"2015-02-20T15:22:14","guid":{"rendered":"http:\/\/montreux-vieux.net\/?page_id=5008"},"modified":"2022-12-19T11:18:10","modified_gmt":"2022-12-19T10:18:10","slug":"un-montreusien-mort-dans-le-sous-marin-le-protee-2","status":"publish","type":"page","link":"https:\/\/montreux-vieux.net\/?page_id=5008","title":{"rendered":"Le saviez-vous ? Un montreusien mort dans le sous marin le Prot\u00e9e 2, le 19 d\u00e9cembre 1943"},"content":{"rendered":"<h3 style=\"text-align: center;\">Le saviez-vous ?&nbsp;Un montreusien mort dans le sous marin Le Prot\u00e9e 2<\/h3>\n<div id=\"attachment_9891\" style=\"width: 955px\" class=\"wp-caption aligncenter\"><a href=\"http:\/\/montreux-vieux.net\/montreux-vieux.net\/wp-content\/uploads\/2015\/02\/Une-famille-d\u00e9chir\u00e9e.jpg\" target=\"_blank\" rel=\"noopener noreferrer\"><img loading=\"lazy\" decoding=\"async\" aria-describedby=\"caption-attachment-9891\" class=\"wp-image-9891 size-full\" src=\"http:\/\/montreux-vieux.net\/montreux-vieux.net\/wp-content\/uploads\/2015\/02\/Une-famille-d\u00e9chir\u00e9e.jpg\" alt=\"\" width=\"945\" height=\"756\" srcset=\"https:\/\/montreux-vieux.net\/montreux-vieux.net\/wp-content\/uploads\/2015\/02\/Une-famille-d\u00e9chir\u00e9e.jpg 945w, https:\/\/montreux-vieux.net\/montreux-vieux.net\/wp-content\/uploads\/2015\/02\/Une-famille-d\u00e9chir\u00e9e-300x240.jpg 300w, https:\/\/montreux-vieux.net\/montreux-vieux.net\/wp-content\/uploads\/2015\/02\/Une-famille-d\u00e9chir\u00e9e-768x614.jpg 768w, https:\/\/montreux-vieux.net\/montreux-vieux.net\/wp-content\/uploads\/2015\/02\/Une-famille-d\u00e9chir\u00e9e-600x480.jpg 600w\" sizes=\"auto, (max-width: 945px) 100vw, 945px\" \/><\/a><p id=\"caption-attachment-9891\" class=\"wp-caption-text\">Au dessus \u00e0 gauche Seiler Charles m\u00e9canicien \u00e0 bord du sous-marin Le Prot\u00e9e 2sous sa photo. Au dessus \u00e0 droite le Prot\u00e9e 2 photographi\u00e9 r\u00e9cemment et en dessous la photo de communion avec \u00e0 gauche Ren\u00e9 Seiler et \u00e0 sa droite son fr\u00e8re Charles Seiler<\/p><\/div>\n<h4><\/h4>\n<h4 style=\"text-align: justify;\">Bien triste histoire durant la guerre 1939\/1945, Auguste Seiler \u00e9tait alors &nbsp;maire de Montreux-Vieux puis r\u00e9\u00e9lu de 1945 \u00e0 1971. Il avait deux fils Ren\u00e9 et Charles. L&rsquo;un a servi sous l&rsquo;uniforme fran\u00e7ais et le second oblig\u00e9 de porter celui des &nbsp;allemands. Auguste Seiler, tailleur de m\u00e9tier a \u00e9t\u00e9 contraint par les allemands d&rsquo; \u00e9crire \u00e0 son fils Charles alors m\u00e9canicien \u00e0 bord du sous-marin Le Prot\u00e9e 2 afin qu&rsquo;il rentre et qu&rsquo;il porte \u00e9galement l&rsquo;uniforme allemand sous peine de faire interner la famille enti\u00e8re dans un camp de travail. Charles a r\u00e9pondu \u00e0 son p\u00e8re qu&rsquo;il \u00e9tait fran\u00e7ais et qu&rsquo;il ne voulait pas renier sa patrie.<\/h4>\n<div id=\"attachment_5013\" style=\"width: 443px\" class=\"wp-caption aligncenter\"><a href=\"http:\/\/montreux-vieux.net\/montreux-vieux.net\/wp-content\/uploads\/2015\/02\/ScreenShot350.jpg\" target=\"_blank\" rel=\"noopener noreferrer\"><img loading=\"lazy\" decoding=\"async\" aria-describedby=\"caption-attachment-5013\" class=\"wp-image-5013 size-full\" src=\"http:\/\/montreux-vieux.net\/montreux-vieux.net\/wp-content\/uploads\/2015\/02\/ScreenShot350.jpg\" alt=\"le sous marin Le Prot\u00e9e 2\" width=\"433\" height=\"260\" srcset=\"https:\/\/montreux-vieux.net\/montreux-vieux.net\/wp-content\/uploads\/2015\/02\/ScreenShot350.jpg 433w, https:\/\/montreux-vieux.net\/montreux-vieux.net\/wp-content\/uploads\/2015\/02\/ScreenShot350-300x180.jpg 300w\" sizes=\"auto, (max-width: 433px) 100vw, 433px\" \/><\/a><p id=\"caption-attachment-5013\" class=\"wp-caption-text\">Le sous marin Le Prot\u00e9e 2 coul\u00e9 par les Allemands le 19 d\u00e9cembre 1943 au large de la Ciotat.<\/p><\/div>\n<h4><\/h4>\n<h4 style=\"text-align: justify;\">C&rsquo;est avec son v\u00e9lo que Monsieur Seiler Auguste a pu envoyer et recevoir le courrier de son fils \u00e0 partir d&rsquo;un caf\u00e9 de Montreux-Ch\u00e2teau. Il se d\u00e9pla\u00e7ait vers la France le soir apr\u00e8s minuit avec la peur de se faire voir par les Allemands. C&rsquo;est grace \u00e0 sa fonction de maire et qu&rsquo;un fils \u00e9tait soldat dans l&rsquo;arm\u00e9e allemande qu&rsquo;il n&rsquo;a pas \u00e9t\u00e9 intern\u00e9 dans un camp.<\/h4>\n<h4 style=\"text-align: justify;\">A la fin de la guerre Ren\u00e9 alors soldat portant l&rsquo;uniforme &nbsp;allemand est rentr\u00e9 mais le 19 d\u00e9cembre 1943 au large de Marseille Le Prot\u00e9e 2 fut coul\u00e9 par un canon allemand lorsqu&rsquo;il a fait surface.&nbsp;Seiler Charles repose dans l\u2019\u00e9pave \u00e0 125m avec 73 autres marins &nbsp;sur le plateau des Blauqui\u00e8res pr\u00e8s de la fosse de Cassidaigue \u00e0 20 milles de Marseille. Le b\u00e2timent est \u00e0 plat l\u00e9g\u00e8rement inclin\u00e9, il a \u00e9t\u00e9 retrouv\u00e9 et photographi\u00e9 il y a quelques temps. Sur la c\u00f4te un monument a \u00e9t\u00e9 \u00e9rig\u00e9 portant le noms des disparus, une c\u00e9r\u00e9monie est c\u00e9l\u00e9br\u00e9e chaque ann\u00e9e avec les familles.<\/h4>\n<h4 style=\"text-align: justify;\">C&rsquo;est une bien triste histoire d&rsquo;une famille d\u00e9chir\u00e9e mais certainement pas la seule en Alsace-Moselle.<\/h4>\n","protected":false},"excerpt":{"rendered":"<p>Le saviez-vous ?&nbsp;Un montreusien mort dans le sous marin Le Prot\u00e9e 2 Bien triste histoire durant la guerre 1939\/1945, Auguste Seiler \u00e9tait alors &nbsp;maire de Montreux-Vieux puis r\u00e9\u00e9lu de 1945 \u00e0 1971. Il avait deux fils Ren\u00e9 et Charles. L&rsquo;un &hellip; <a href=\"https:\/\/montreux-vieux.net\/?page_id=5008\">Continuer la lecture <span class=\"meta-nav\">&rarr;<\/span><\/a><\/p>\n","protected":false},"author":1,"featured_media":0,"parent":4091,"menu_order":105,"comment_status":"open","ping_status":"open","template":"","meta":{"footnotes":""},"class_list":["post-5008","page","type-page","status-publish","hentry"],"_links":{"self":[{"href":"https:\/\/montreux-vieux.net\/index.php?rest_route=\/wp\/v2\/pages\/5008","targetHints":{"allow":["GET"]}}],"collection":[{"href":"https:\/\/montreux-vieux.net\/index.php?rest_route=\/wp\/v2\/pages"}],"about":[{"href":"https:\/\/montreux-vieux.net\/index.php?rest_route=\/wp\/v2\/types\/page"}],"author":[{"embeddable":true,"href":"https:\/\/montreux-vieux.net\/index.php?rest_route=\/wp\/v2\/users\/1"}],"replies":[{"embeddable":true,"href":"https:\/\/montreux-vieux.net\/index.php?rest_route=%2Fwp%2Fv2%2Fcomments&post=5008"}],"version-history":[{"count":11,"href":"https:\/\/montreux-vieux.net\/index.php?rest_route=\/wp\/v2\/pages\/5008\/revisions"}],"predecessor-version":[{"id":25430,"href":"https:\/\/montreux-vieux.net\/index.php?rest_route=\/wp\/v2\/pages\/5008\/revisions\/25430"}],"up":[{"embeddable":true,"href":"https:\/\/montreux-vieux.net\/index.php?rest_route=\/wp\/v2\/pages\/4091"}],"wp:attachment":[{"href":"https:\/\/montreux-vieux.net\/index.php?rest_route=%2Fwp%2Fv2%2Fmedia&parent=5008"}],"curies":[{"name":"wp","href":"https:\/\/api.w.org\/{rel}","templated":true}]}}