{"id":5024,"date":"2015-02-21T16:08:08","date_gmt":"2015-02-21T15:08:08","guid":{"rendered":"http:\/\/montreux-vieux.net\/?page_id=5024"},"modified":"2018-12-26T14:17:14","modified_gmt":"2018-12-26T13:17:14","slug":"un-montreusien-secouriste-aux-24-heures-du-mans","status":"publish","type":"page","link":"https:\/\/montreux-vieux.net\/?page_id=5024","title":{"rendered":"Un montreusien secouriste aux 24 heures du Mans"},"content":{"rendered":"<h3 style=\"text-align: center;\">Un montreusien secouriste aux 24 heures du Mans (Raymond Frelin)<\/h3>\n<div><\/div>\n<h3 style=\"text-align: center;\">\n<div><iframe loading=\"lazy\" src=\"http:\/\/www.youtube.com\/embed\/7pNFXb7RtVo\" width=\"420\" height=\"315\" frameborder=\"0\" allowfullscreen=\"allowfullscreen\"><\/iframe><\/div>\n<\/h3>\n<div>\n<h3><span style=\"color: #000000;\">Intervention de l\u2019\u00e9quipe de l\u2019ADPC don fait partie Raymond Frelin un montreusien<\/span><\/h3>\n<p><a style=\"line-height: 24px; font-size: 16px; text-align: center;\" href=\"http:\/\/montreux-vieux.net\/?attachment_id=3586\" target=\"_blank\" rel=\"attachment wp-att-3586\"><img loading=\"lazy\" decoding=\"async\" class=\"aligncenter size-medium wp-image-3586\" title=\"ScreenShot085\" src=\"http:\/\/montreux-vieux.net\/montreux-vieux.net\/wp-content\/uploads\/2012\/11\/ScreenShot085-300x197.jpg\" alt=\"\" width=\"300\" height=\"197\"><\/a><\/p>\n<h4 style=\"text-align: justify;\">L\u2019ADPC 63 Val de Dore faisait partie du dispositif d\u2019intervention m\u00e9dicale des pilotes, lors des 24 heures du Mans. Leur rapidit\u00e9 et leur efficacit\u00e9 sur l\u2019accident du pilote de l\u2019\u00e9curie Pescarolo ont \u00e9t\u00e9 soulign\u00e9es.<br \/>\nDimanche 3 juin, lors de la journ\u00e9e test des 24 heures du Mans, l&rsquo;ADPC 63 Val de Dore (*) a fait partie du dispositif d&rsquo;intervention m\u00e9dical pour les pilotes, tr\u00e8s important sur cette \u00e9preuve. En cas d&rsquo;accident, l&rsquo;\u00e9quipe de secours intervient ensemble sur ordre du directeur de course et du PC m\u00e9dical. Le circuit de 12 km environ est partag\u00e9 en 4 secteurs de 3 km sur lesquels les \u00e9quipes interviennent (sauf cas exceptionnel) sans que la course soit stopp\u00e9e.<br \/>\nUne sortie de route \u00e0 plus de 200 km\\h<br \/>\nLe pilote Guillaume Moreau de l&rsquo;\u00e9curie Pescarolo a effectu\u00e9 une sortie de piste \u00e0 plus de 200 km\\h et a \u00e9t\u00e9 gravement bless\u00e9 (fracture de la 12 e vert\u00e8bre) avec pour cons\u00e9quence un risque de paralysie. Le d\u00e9gagement du pilote de son v\u00e9hicule par l&rsquo;\u00e9quipe sp\u00e9cialis\u00e9e d&rsquo;extracteurs de l&rsquo;ADPC 63 Val de Dore a permis d&rsquo;\u00e9viter une aggravation de son \u00e9tat. La rapidit\u00e9 d&rsquo;ex\u00e9cution de la man&rsquo;uvre s&rsquo;est d\u00e9roul\u00e9e en toute s\u00e9curit\u00e9 avec l&rsquo;utilisation d&rsquo;un KED d&rsquo;extraction. Ce mat\u00e9riel d&rsquo;intervention est constitu\u00e9 d&rsquo;un corset d&rsquo;immobilisation de l&rsquo;axe t\u00eate\\cou\\tronc. Il est mis en place par l&rsquo;\u00e9quipe en utilisant des techniques mises au point par le service m\u00e9dical de la F\u00e9d\u00e9ration internationale de l&rsquo;automobile. Il permet la sortie du pilote de son habitacle en lui assurant le maximum de s\u00e9curit\u00e9.<br \/>\nL&rsquo;\u00e9curie OAK Racing a tenu \u00e0 souligner \u00ab la rapidit\u00e9 d&rsquo;intervention de l&rsquo;\u00e9quipe de l&rsquo;ADPC 63 aussi bien au niveau de l&rsquo;extraction du pilote que de la prise de d\u00e9cision de son transfert dans le service sp\u00e9cialis\u00e9 d&rsquo;Angers, permettant de r\u00e9duire au minimum le d\u00e9lai entre l&rsquo;accident et l&rsquo;op\u00e9ration en urgence \u00bb.<br \/>\nComposition de la colonne d&rsquo;intervention. Mat\u00e9riel et moyens humains : un v\u00e9hicule d&rsquo;intervention rapide avec un pilote, un m\u00e9decin urgentiste, un infirmier r\u00e9animateur ; un v\u00e9hicule d&rsquo;extraction avec cinq secouristes extracteurs et leur mat\u00e9riel sp\u00e9cialis\u00e9 ; une ambulance avec une \u00e9quipe de secouristes ; un v\u00e9hicule secours routier\\incendie avec une \u00e9quipe de sapeurs-pompiers.<br \/>\n(*) L&rsquo;\u00e9quipe d&rsquo;extracteurs du Val de Dore \u00e9tait compos\u00e9e de Jean-Claude Romo, responsable des \u00e9quipes extracteurs ; Ghislaine Romo, chef d&rsquo;\u00e9quipe extracteurs ; Christian Crohas, extracteur et pilote du v\u00e9hicule extraction ; Fr\u00e9d\u00e9ric Romo et Raymond Frelin, extracteurs.<\/h4>\n<\/div>\n<div><\/div>\n","protected":false},"excerpt":{"rendered":"<p>Un montreusien secouriste aux 24 heures du Mans (Raymond Frelin) Intervention de l\u2019\u00e9quipe de l\u2019ADPC don fait partie Raymond Frelin un montreusien L\u2019ADPC 63 Val de Dore faisait partie du dispositif d\u2019intervention m\u00e9dicale des pilotes, lors des 24 heures du &hellip; <a href=\"https:\/\/montreux-vieux.net\/?page_id=5024\">Continuer la lecture <span class=\"meta-nav\">&rarr;<\/span><\/a><\/p>\n","protected":false},"author":1,"featured_media":0,"parent":4091,"menu_order":30,"comment_status":"open","ping_status":"open","template":"","meta":{"footnotes":""},"class_list":["post-5024","page","type-page","status-publish","hentry"],"_links":{"self":[{"href":"https:\/\/montreux-vieux.net\/index.php?rest_route=\/wp\/v2\/pages\/5024","targetHints":{"allow":["GET"]}}],"collection":[{"href":"https:\/\/montreux-vieux.net\/index.php?rest_route=\/wp\/v2\/pages"}],"about":[{"href":"https:\/\/montreux-vieux.net\/index.php?rest_route=\/wp\/v2\/types\/page"}],"author":[{"embeddable":true,"href":"https:\/\/montreux-vieux.net\/index.php?rest_route=\/wp\/v2\/users\/1"}],"replies":[{"embeddable":true,"href":"https:\/\/montreux-vieux.net\/index.php?rest_route=%2Fwp%2Fv2%2Fcomments&post=5024"}],"version-history":[{"count":4,"href":"https:\/\/montreux-vieux.net\/index.php?rest_route=\/wp\/v2\/pages\/5024\/revisions"}],"predecessor-version":[{"id":13088,"href":"https:\/\/montreux-vieux.net\/index.php?rest_route=\/wp\/v2\/pages\/5024\/revisions\/13088"}],"up":[{"embeddable":true,"href":"https:\/\/montreux-vieux.net\/index.php?rest_route=\/wp\/v2\/pages\/4091"}],"wp:attachment":[{"href":"https:\/\/montreux-vieux.net\/index.php?rest_route=%2Fwp%2Fv2%2Fmedia&parent=5024"}],"curies":[{"name":"wp","href":"https:\/\/api.w.org\/{rel}","templated":true}]}}