{"id":5043,"date":"2015-02-22T09:35:03","date_gmt":"2015-02-22T08:35:03","guid":{"rendered":"http:\/\/montreux-vieux.net\/?page_id=5043"},"modified":"2015-02-28T22:15:03","modified_gmt":"2015-02-28T21:15:03","slug":"5043-2","status":"publish","type":"page","link":"https:\/\/montreux-vieux.net\/?page_id=5043","title":{"rendered":"Pluie de r\u00e9compenses pour le centre de secours et d\u2019incendie de Montreux-Vieux 2012"},"content":{"rendered":"<h3 style=\"text-align: center;\"><b>Pluie de r\u00e9compenses pour le centre de secours et d\u2019incendie de Montreux-Vieux<\/b><\/h3>\n<p><img loading=\"lazy\" decoding=\"async\" class=\"aligncenter\" src=\"http:\/\/montreux-vieux.info\/z_4647\/images\/pompiers02.jpg\" alt=\"\" width=\"200\" height=\"150\" \/><\/p>\n<h4 style=\"text-align: justify;\">Au monument aux morts, dans le cadre de la c\u00e9r\u00e9monie du 11 novembre 2012, les soldats du feu ont \u00e9t\u00e9 honor\u00e9s. Andr\u00e9 Trabold, maire de Montreux-Vieux, Michel Herrgott, maire de Montreux-Jeune et le Commandant Roland Peter,adjoint au chef du Groupement\u00a0territorial Sud du SDIS 68 et vice-pr\u00e9sident de l\u2019Union d\u00e9partementale des Sapeurs-pompiers ont remis les galons de sapeur premi\u00e8re classe \u00e0 Lo\u00efc Sinniger, \u00e9lev\u00e9 au grade de caporal Laurent Fournel et K\u00e9vin Brockl. Le galon d\u2019adjudant a \u00e9t\u00e9 remis \u00e0 G\u00e9rald Pierre. Deux des sapeurs mis \u00e0 l\u2019honneur sont en double engagement entre Montreux-Vieux et Montreux-Jeune. Ensuite, au centre de secours local, le Commandant Roland Peter a remis la m\u00e9daille de l\u2019Union d\u00e9partementale des sapeurs-pompiers du Haut-Rhin au capitaine Fran\u00e7ois Notter, chef de centre de Montreux-Vieux et au capitaine Daniel Cuenin. Les capitaines honoraires Joseph Rein et Daniel Bouchonnet ont \u00e9t\u00e9 honor\u00e9s de cette m\u00e9daille. Par cette distinction, c\u2019est toute la corporation des sapeurs-pompiers qui t\u00e9moigne sa reconnaissance aux r\u00e9cipiendaires pour leur engagement et leur d\u00e9vouement dans le cadre de leurs fonctions respectives.<\/h4>\n<h4 style=\"text-align: justify;\">Le vin d\u2019honneur a \u00e9t\u00e9 servi en cl\u00f4ture de cette manifestation<\/h4>\n","protected":false},"excerpt":{"rendered":"<p>Pluie de r\u00e9compenses pour le centre de secours et d\u2019incendie de Montreux-Vieux Au monument aux morts, dans le cadre de la c\u00e9r\u00e9monie du 11 novembre 2012, les soldats du feu ont \u00e9t\u00e9 honor\u00e9s. Andr\u00e9 Trabold, maire de Montreux-Vieux, Michel Herrgott, &hellip; <a href=\"https:\/\/montreux-vieux.net\/?page_id=5043\">Continuer la lecture <span class=\"meta-nav\">&rarr;<\/span><\/a><\/p>\n","protected":false},"author":1,"featured_media":0,"parent":4107,"menu_order":17,"comment_status":"open","ping_status":"open","template":"","meta":{"footnotes":""},"class_list":["post-5043","page","type-page","status-publish","hentry"],"_links":{"self":[{"href":"https:\/\/montreux-vieux.net\/index.php?rest_route=\/wp\/v2\/pages\/5043","targetHints":{"allow":["GET"]}}],"collection":[{"href":"https:\/\/montreux-vieux.net\/index.php?rest_route=\/wp\/v2\/pages"}],"about":[{"href":"https:\/\/montreux-vieux.net\/index.php?rest_route=\/wp\/v2\/types\/page"}],"author":[{"embeddable":true,"href":"https:\/\/montreux-vieux.net\/index.php?rest_route=\/wp\/v2\/users\/1"}],"replies":[{"embeddable":true,"href":"https:\/\/montreux-vieux.net\/index.php?rest_route=%2Fwp%2Fv2%2Fcomments&post=5043"}],"version-history":[{"count":3,"href":"https:\/\/montreux-vieux.net\/index.php?rest_route=\/wp\/v2\/pages\/5043\/revisions"}],"predecessor-version":[{"id":5180,"href":"https:\/\/montreux-vieux.net\/index.php?rest_route=\/wp\/v2\/pages\/5043\/revisions\/5180"}],"up":[{"embeddable":true,"href":"https:\/\/montreux-vieux.net\/index.php?rest_route=\/wp\/v2\/pages\/4107"}],"wp:attachment":[{"href":"https:\/\/montreux-vieux.net\/index.php?rest_route=%2Fwp%2Fv2%2Fmedia&parent=5043"}],"curies":[{"name":"wp","href":"https:\/\/api.w.org\/{rel}","templated":true}]}}