{"id":5047,"date":"2015-02-22T09:41:33","date_gmt":"2015-02-22T08:41:33","guid":{"rendered":"http:\/\/montreux-vieux.net\/?page_id=5047"},"modified":"2018-12-25T18:04:20","modified_gmt":"2018-12-25T17:04:20","slug":"montreux-vieux-est-desservi-par-plus-de-30-ter-par-jour","status":"publish","type":"page","link":"https:\/\/montreux-vieux.net\/?page_id=5047","title":{"rendered":"Montreux-Vieux est desservi par plus de 30 TER par jour"},"content":{"rendered":"<h3 style=\"text-align: center;\"><b>Montreux-Vieux est desservi par plus de 30 TER par jour<\/b><\/h3>\n<p style=\"text-align: center;\"><a href=\"http:\/\/montreux-vieux.net\/montreux-vieux.net\/wp-content\/uploads\/2015\/02\/ScreenShot137.jpg\" target=\"_blank\"><img loading=\"lazy\" decoding=\"async\" class=\"aligncenter wp-image-6775 size-medium\" src=\"http:\/\/montreux-vieux.net\/montreux-vieux.net\/wp-content\/uploads\/2015\/02\/ScreenShot137-300x169.jpg\" alt=\"Un T.E.R\" width=\"300\" height=\"169\" srcset=\"https:\/\/montreux-vieux.net\/montreux-vieux.net\/wp-content\/uploads\/2015\/02\/ScreenShot137-300x169.jpg 300w, https:\/\/montreux-vieux.net\/montreux-vieux.net\/wp-content\/uploads\/2015\/02\/ScreenShot137.jpg 517w\" sizes=\"auto, (max-width: 300px) 100vw, 300px\" \/><\/a><\/p>\n<h4>Montreux-Vieux est desservi par le T.E.R (Transports express r\u00e9gional) de la r\u00e9gion Alsace par<\/h4>\n<ul>\n<li>20 trains par jour en direction de Belfort de 6h 44 \u00e0 22h 19<\/li>\n<li>21 trains par jour en direction de Mulhouse de 5h 38 \u00e0 21h 14<\/li>\n<\/ul>\n<h4>Pour plus de pr\u00e9cisions et horaires rendez-vous \u00e0 la rubrique \u00ab&nbsp;Services \u00bb \u00ab&nbsp;Horaires des T.E.R.&nbsp;\u00bb<\/h4>\n","protected":false},"excerpt":{"rendered":"<p>Montreux-Vieux est desservi par plus de 30 TER par jour Montreux-Vieux est desservi par le T.E.R (Transports express r\u00e9gional) de la r\u00e9gion Alsace par 20 trains par jour en direction de Belfort de 6h 44 \u00e0 22h 19 21 trains &hellip; <a href=\"https:\/\/montreux-vieux.net\/?page_id=5047\">Continuer la lecture <span class=\"meta-nav\">&rarr;<\/span><\/a><\/p>\n","protected":false},"author":1,"featured_media":0,"parent":13007,"menu_order":4,"comment_status":"open","ping_status":"open","template":"","meta":{"footnotes":""},"class_list":["post-5047","page","type-page","status-publish","hentry"],"_links":{"self":[{"href":"https:\/\/montreux-vieux.net\/index.php?rest_route=\/wp\/v2\/pages\/5047","targetHints":{"allow":["GET"]}}],"collection":[{"href":"https:\/\/montreux-vieux.net\/index.php?rest_route=\/wp\/v2\/pages"}],"about":[{"href":"https:\/\/montreux-vieux.net\/index.php?rest_route=\/wp\/v2\/types\/page"}],"author":[{"embeddable":true,"href":"https:\/\/montreux-vieux.net\/index.php?rest_route=\/wp\/v2\/users\/1"}],"replies":[{"embeddable":true,"href":"https:\/\/montreux-vieux.net\/index.php?rest_route=%2Fwp%2Fv2%2Fcomments&post=5047"}],"version-history":[{"count":3,"href":"https:\/\/montreux-vieux.net\/index.php?rest_route=\/wp\/v2\/pages\/5047\/revisions"}],"predecessor-version":[{"id":12764,"href":"https:\/\/montreux-vieux.net\/index.php?rest_route=\/wp\/v2\/pages\/5047\/revisions\/12764"}],"up":[{"embeddable":true,"href":"https:\/\/montreux-vieux.net\/index.php?rest_route=\/wp\/v2\/pages\/13007"}],"wp:attachment":[{"href":"https:\/\/montreux-vieux.net\/index.php?rest_route=%2Fwp%2Fv2%2Fmedia&parent=5047"}],"curies":[{"name":"wp","href":"https:\/\/api.w.org\/{rel}","templated":true}]}}