{"id":5049,"date":"2015-02-22T09:48:24","date_gmt":"2015-02-22T08:48:24","guid":{"rendered":"http:\/\/montreux-vieux.net\/?page_id=5049"},"modified":"2015-02-28T22:15:37","modified_gmt":"2015-02-28T21:15:37","slug":"passation-de-commandement-chez-les-sapeurs-pompiers","status":"publish","type":"page","link":"https:\/\/montreux-vieux.net\/?page_id=5049","title":{"rendered":"Passation de commandement chez les sapeurs pompiers 2014"},"content":{"rendered":"<h3 style=\"text-align: center;\">Passation de commandement chez les sapeurs pompiers<\/h3>\n<h4 style=\"text-align: justify;\">Samedi 18 janvier 2014 \u00e0 10 heures, place de l&rsquo;\u00e9glise \u00e0 Montreux-Vieux \u00e0 eu\u00a0\u00a0lieu la passation de commandement chez les sapeurs pompiers entre le capitaine Fran\u00e7ois Notter et le Lieutenant Emmanuel Schirch. Le verre de l&rsquo;amiti\u00e9 a \u00e9t\u00e9\u00a0offert \u00e0 la salle des f\u00eates \u00e0 l&rsquo;issue du d\u00e9fil\u00e9 et des discours.<\/h4>\n","protected":false},"excerpt":{"rendered":"<p>Passation de commandement chez les sapeurs pompiers Samedi 18 janvier 2014 \u00e0 10 heures, place de l&rsquo;\u00e9glise \u00e0 Montreux-Vieux \u00e0 eu\u00a0\u00a0lieu la passation de commandement chez les sapeurs pompiers entre le capitaine Fran\u00e7ois Notter et le Lieutenant Emmanuel Schirch. Le &hellip; <a href=\"https:\/\/montreux-vieux.net\/?page_id=5049\">Continuer la lecture <span class=\"meta-nav\">&rarr;<\/span><\/a><\/p>\n","protected":false},"author":1,"featured_media":0,"parent":4107,"menu_order":18,"comment_status":"open","ping_status":"open","template":"","meta":{"footnotes":""},"class_list":["post-5049","page","type-page","status-publish","hentry"],"_links":{"self":[{"href":"https:\/\/montreux-vieux.net\/index.php?rest_route=\/wp\/v2\/pages\/5049","targetHints":{"allow":["GET"]}}],"collection":[{"href":"https:\/\/montreux-vieux.net\/index.php?rest_route=\/wp\/v2\/pages"}],"about":[{"href":"https:\/\/montreux-vieux.net\/index.php?rest_route=\/wp\/v2\/types\/page"}],"author":[{"embeddable":true,"href":"https:\/\/montreux-vieux.net\/index.php?rest_route=\/wp\/v2\/users\/1"}],"replies":[{"embeddable":true,"href":"https:\/\/montreux-vieux.net\/index.php?rest_route=%2Fwp%2Fv2%2Fcomments&post=5049"}],"version-history":[{"count":2,"href":"https:\/\/montreux-vieux.net\/index.php?rest_route=\/wp\/v2\/pages\/5049\/revisions"}],"predecessor-version":[{"id":5181,"href":"https:\/\/montreux-vieux.net\/index.php?rest_route=\/wp\/v2\/pages\/5049\/revisions\/5181"}],"up":[{"embeddable":true,"href":"https:\/\/montreux-vieux.net\/index.php?rest_route=\/wp\/v2\/pages\/4107"}],"wp:attachment":[{"href":"https:\/\/montreux-vieux.net\/index.php?rest_route=%2Fwp%2Fv2%2Fmedia&parent=5049"}],"curies":[{"name":"wp","href":"https:\/\/api.w.org\/{rel}","templated":true}]}}