{"id":5053,"date":"2015-02-22T10:00:13","date_gmt":"2015-02-22T09:00:13","guid":{"rendered":"http:\/\/montreux-vieux.net\/?page_id=5053"},"modified":"2018-12-26T11:44:24","modified_gmt":"2018-12-26T10:44:24","slug":"le-nombre-de-commerces-artisans-etc-au-1er-avril-1948-installes-a-montreux-vieux","status":"publish","type":"page","link":"https:\/\/montreux-vieux.net\/?page_id=5053","title":{"rendered":"La Belle \u00e9poque"},"content":{"rendered":"<h3 style=\"text-align: center;\">La Belle \u00e9poque<\/h3>\n<h4 style=\"text-align: center;\">Le nombre de commercants, artisans, etc. au 1er avril 1948 install\u00e9s \u00e0 Montreux-Vieux<\/h4>\n<h4 style=\"text-align: justify;\">Au 1er avril 1948, 43 commerces sont install\u00e9s sur le territoire de la Commune dont : Ackermann Armand, restaurateur ; Dauphin Marie, restauratrice ; Flury Ernest, restaurateur ; Messinger Fernand, restaurateur ; Sutter Ren\u00e9, boulangerie-\u00e9picerie ; Specht Ren\u00e9, boulangerie-\u00e9picerie ; Dangel Emile fils, \u00e9picerie ; Braunstedter Paul, boucher ; Koehl Emile, boucher ; Sutter Marcel, grains et fourrages ; Barbier Ernest p\u00e8re, marchand de vin en gros ; Barbier Ernest fils, marchand de charbons ; Dietrich Alphonse, marchand de charbons ; Bittighoffer Joseph, coiffeur ; Messinger Fernand, coiffeur ; Brungart Achille, cordonnier ; Gimelli Emile, ferblantier ; Seiler Auguste, tailleur ; Sutter Xavier, menuisier ; Gutbrod Charles fils, menuisier ; Schnitzler J\u00e9r\u00f4me (Catt\u00e9), entrepreneur en menuiserie ; Bosetti Victor, entrepreneur en ma\u00e7onnerie ; Bonato Albin, entrepreneur en ma\u00e7onnerie ; Maggi Abbondie, entrepreneur en peinture ; De Vittori Joseph, peintre ; Cuenin Emile, cin\u00e9ma \u00e9lectrique ; Jeanne d\u2019Arc, alimentation en gros ; Filature et Tissage, usine ; Huggenberger Th\u00e9ophile, mar\u00e9chal-ferrant ; Limacher Martin, m\u00e9canicien pour auto ; Wininger Armand, m\u00e9canicien pour cycle ; Fermbach Albert, m\u00e9canicien pour cycles et motos ; Bloch Philibert, sellier ; Berchtold Lucie, couturi\u00e8re ; Boirgault Jean-Baptiste, horloger ; Wilhelm Marcel, \u00e9lectricien ; Bonato Joseph, entrepreneur en ma\u00e7onnerie ; Bichmann Madeleine, restauratrice ; Schmerber Xavier, restaurateur, commerce forain ; Wilhelm Marcel, vente magasin \u00e9lectricit\u00e9 ; Fuhrer Jean-Claude, cabinet dentaire ; Thuet Robert, restaurateur.<\/h4>\n<h4 style=\"text-align: justify;\">Par rapport au pass\u00e9 et aux heures de gloire de la Belle Epoque, Montreux-Vieux a connu de profondes mutations.<\/h4>\n<h4 style=\"text-align: justify;\"><span class=\"textePagePlus\">La d\u00e9cadence la plus importante fut celle de la gare de SNCF locale. Autour des ann\u00e9es 1960, tout trafic cessa sur la ligne de Foussemagne.<\/span><\/h4>\n<h4 style=\"text-align: justify;\"><span class=\"textePagePlus\">Avec la fermeture d\u00e9finitive des tuileries Clavey, on enleva m\u00eame les rails.<\/span><\/h4>\n<h4 style=\"text-align: justify;\"><span class=\"textePagePlus\">Au fil des ann\u00e9es, on vit des installations cesser de servir, comme par exemple les halles SNCF.<\/span><\/h4>\n<h4 style=\"text-align: justify;\"><span class=\"textePagePlus\">On assista au d\u00e9part de Total, la CAVB, puis Mory, les Ets Hartmann et d\u2019autres entreprises, \u00e0 la fermeture de la boulangerie Specht, puis Sutter le 11-01-97, et d\u2019autres commerces, comme la quincaillerie Gimelli.<\/span><\/h4>\n<h4 style=\"text-align: justify;\"><span class=\"textePagePlus\">En 1997, sur le plan industriel, il reste les Etablissements Filature et Tissage, qui emploient environ 40 salari\u00e9s.<\/span><\/h4>\n<h4 style=\"text-align: justify;\"><span class=\"textePagePlus\">En mati\u00e8re commerciale, le centre de l\u2019agglom\u00e9ration est tr\u00e8s anim\u00e9e, tout d\u2019abord avec la Sup\u00e9rette Sutter Unico, reprise le 1-1-97 par la SARL Brefie, l\u2019\u00e9picerie mercerie Dangel, par le bureau de tabac et de presse Legroux<\/span><\/h4>\n<h4 style=\"text-align: justify;\"><span class=\"textePagePlus\">L\u2019\u00e9tablissement bancaire (Cr\u00e9dit Mutuel) implant\u00e9 dans un immeuble de conception moderne avec guichets automatiques, la pharmacie, le bureau de Poste.<\/span><\/h4>\n<h4 style=\"text-align: justify;\"><span class=\"textePagePlus\">A c\u00f4t\u00e9 de ses \u00e9tablissements, l\u2019artisanat est repr\u00e9sent\u00e9 par un \u00e9b\u00e9niste, un \u00e9lectricien, une coiffeuse, une entreprise de d\u00e9bardage, transport, etc&#8230;<\/span><\/h4>\n<h4 style=\"text-align: justify;\"><span class=\"textePagePlus\">S\u2019y rajoutent les professions lib\u00e9rales, comme les m\u00e9decins, le cabinet de Kin\u00e9sith\u00e9rapeutes et de p\u00e9dicure, le cabinet dentaire, une soci\u00e9t\u00e9 de services et d\u2019ing\u00e9nierie informatique.<\/span><\/h4>\n","protected":false},"excerpt":{"rendered":"<p>La Belle \u00e9poque Le nombre de commercants, artisans, etc. au 1er avril 1948 install\u00e9s \u00e0 Montreux-Vieux Au 1er avril 1948, 43 commerces sont install\u00e9s sur le territoire de la Commune dont : Ackermann Armand, restaurateur ; Dauphin Marie, restauratrice ; &hellip; <a href=\"https:\/\/montreux-vieux.net\/?page_id=5053\">Continuer la lecture <span class=\"meta-nav\">&rarr;<\/span><\/a><\/p>\n","protected":false},"author":1,"featured_media":0,"parent":13034,"menu_order":8,"comment_status":"open","ping_status":"open","template":"","meta":{"footnotes":""},"class_list":["post-5053","page","type-page","status-publish","hentry"],"_links":{"self":[{"href":"https:\/\/montreux-vieux.net\/index.php?rest_route=\/wp\/v2\/pages\/5053","targetHints":{"allow":["GET"]}}],"collection":[{"href":"https:\/\/montreux-vieux.net\/index.php?rest_route=\/wp\/v2\/pages"}],"about":[{"href":"https:\/\/montreux-vieux.net\/index.php?rest_route=\/wp\/v2\/types\/page"}],"author":[{"embeddable":true,"href":"https:\/\/montreux-vieux.net\/index.php?rest_route=\/wp\/v2\/users\/1"}],"replies":[{"embeddable":true,"href":"https:\/\/montreux-vieux.net\/index.php?rest_route=%2Fwp%2Fv2%2Fcomments&post=5053"}],"version-history":[{"count":3,"href":"https:\/\/montreux-vieux.net\/index.php?rest_route=\/wp\/v2\/pages\/5053\/revisions"}],"predecessor-version":[{"id":5093,"href":"https:\/\/montreux-vieux.net\/index.php?rest_route=\/wp\/v2\/pages\/5053\/revisions\/5093"}],"up":[{"embeddable":true,"href":"https:\/\/montreux-vieux.net\/index.php?rest_route=\/wp\/v2\/pages\/13034"}],"wp:attachment":[{"href":"https:\/\/montreux-vieux.net\/index.php?rest_route=%2Fwp%2Fv2%2Fmedia&parent=5053"}],"curies":[{"name":"wp","href":"https:\/\/api.w.org\/{rel}","templated":true}]}}