{"id":5057,"date":"2015-02-22T10:04:05","date_gmt":"2015-02-22T09:04:05","guid":{"rendered":"http:\/\/montreux-vieux.net\/?page_id=5057"},"modified":"2018-12-28T13:11:35","modified_gmt":"2018-12-28T12:11:35","slug":"letang-bey","status":"publish","type":"page","link":"https:\/\/montreux-vieux.net\/?page_id=5057","title":{"rendered":"L&rsquo;Etang Bey"},"content":{"rendered":"<h3 style=\"text-align: center;\">Un \u00e9tang pas si vide que cela<\/h3>\n<div><\/div>\n<div>\n<h4 style=\"text-align: justify;\">L\u2019\u00e9tang Bey a \u00e9t\u00e9 vid\u00e9 il y avait environ deux ans afin que le propri\u00e9taire puisse effectuer un certain nombre de travaux.<\/h4>\n<h4 style=\"text-align: justify;\">Durant la p\u00e9riode d\u2019ass\u00e8chement de celui-ci il paraissait bien vide.<\/h4>\n<h4 style=\"text-align: justify;\">En r\u00e9alit\u00e9, il n\u2019\u00e9tait pas si vide que cela.<\/h4>\n<div><\/div>\n<\/div>\n<div><\/div>\n<h3 style=\"text-align: center;\">\n<div><iframe loading=\"lazy\" src=\"http:\/\/www.youtube.com\/embed\/l-Hv_norXls\" width=\"420\" height=\"315\" frameborder=\"0\" allowfullscreen=\"allowfullscreen\"><\/iframe><\/div>\n<\/h3>\n","protected":false},"excerpt":{"rendered":"<p>Un \u00e9tang pas si vide que cela L\u2019\u00e9tang Bey a \u00e9t\u00e9 vid\u00e9 il y avait environ deux ans afin que le propri\u00e9taire puisse effectuer un certain nombre de travaux. Durant la p\u00e9riode d\u2019ass\u00e8chement de celui-ci il paraissait bien vide. En &hellip; <a href=\"https:\/\/montreux-vieux.net\/?page_id=5057\">Continuer la lecture <span class=\"meta-nav\">&rarr;<\/span><\/a><\/p>\n","protected":false},"author":1,"featured_media":0,"parent":13101,"menu_order":2,"comment_status":"open","ping_status":"open","template":"","meta":{"footnotes":""},"class_list":["post-5057","page","type-page","status-publish","hentry"],"_links":{"self":[{"href":"https:\/\/montreux-vieux.net\/index.php?rest_route=\/wp\/v2\/pages\/5057","targetHints":{"allow":["GET"]}}],"collection":[{"href":"https:\/\/montreux-vieux.net\/index.php?rest_route=\/wp\/v2\/pages"}],"about":[{"href":"https:\/\/montreux-vieux.net\/index.php?rest_route=\/wp\/v2\/types\/page"}],"author":[{"embeddable":true,"href":"https:\/\/montreux-vieux.net\/index.php?rest_route=\/wp\/v2\/users\/1"}],"replies":[{"embeddable":true,"href":"https:\/\/montreux-vieux.net\/index.php?rest_route=%2Fwp%2Fv2%2Fcomments&post=5057"}],"version-history":[{"count":2,"href":"https:\/\/montreux-vieux.net\/index.php?rest_route=\/wp\/v2\/pages\/5057\/revisions"}],"predecessor-version":[{"id":13103,"href":"https:\/\/montreux-vieux.net\/index.php?rest_route=\/wp\/v2\/pages\/5057\/revisions\/13103"}],"up":[{"embeddable":true,"href":"https:\/\/montreux-vieux.net\/index.php?rest_route=\/wp\/v2\/pages\/13101"}],"wp:attachment":[{"href":"https:\/\/montreux-vieux.net\/index.php?rest_route=%2Fwp%2Fv2%2Fmedia&parent=5057"}],"curies":[{"name":"wp","href":"https:\/\/api.w.org\/{rel}","templated":true}]}}