{"id":5064,"date":"2015-02-22T11:01:18","date_gmt":"2015-02-22T10:01:18","guid":{"rendered":"http:\/\/montreux-vieux.net\/?page_id=5064"},"modified":"2019-05-14T08:31:37","modified_gmt":"2019-05-14T07:31:37","slug":"la-liste-des-maires-depuis-1790","status":"publish","type":"page","link":"https:\/\/montreux-vieux.net\/?page_id=5064","title":{"rendered":"La liste des maires depuis 1790"},"content":{"rendered":"<h4 align=\"center\"><span class=\"textePagePlus\"><img loading=\"lazy\" decoding=\"async\" src=\"http:\/\/montreux-vieux.com\/images\/bl02.gif\" alt=\"\" width=\"23\" height=\"23\" \/> de 1790 \u00e0 1800 PREVOT Joseph<\/span><\/h4>\n<h4 align=\"center\"><span class=\"textePagePlus\"><span class=\"textePagePlus\"><span class=\"textePagePlus\"><span class=\"textePagePlus\"><span class=\"textePagePlus\"><span class=\"textePagePlus\"><span class=\"textePagePlus\"><span class=\"textePagePlus\"><span class=\"textePagePlus\"><span class=\"textePagePlus\"><span class=\"textePagePlus\"><span class=\"textePagePlus\"><span class=\"textePagePlus\"><span class=\"textePagePlus\"><span class=\"textePagePlus\"><span class=\"textePagePlus\"><span class=\"textePagePlus\"><img loading=\"lazy\" decoding=\"async\" src=\"http:\/\/montreux-vieux.com\/images\/bl02.gif\" alt=\"\" width=\"23\" height=\"23\" \/><\/span><\/span><\/span><\/span><\/span><\/span><\/span><\/span> de 1800 \u00e0 avril 1813 GEVRIER Joseph<\/span><\/span><\/span><\/span><\/span><\/span><\/span><\/span><\/span><\/h4>\n<h4 align=\"center\"><span class=\"textePagePlus\"><span class=\"textePagePlus\"><span class=\"textePagePlus\"><span class=\"textePagePlus\"><span class=\"textePagePlus\"><span class=\"textePagePlus\"><span class=\"textePagePlus\"><span class=\"textePagePlus\"><span class=\"textePagePlus\"><span class=\"textePagePlus\"><span class=\"textePagePlus\"><span class=\"textePagePlus\"><span class=\"textePagePlus\"><span class=\"textePagePlus\"><span class=\"textePagePlus\"><span class=\"textePagePlus\"><span class=\"textePagePlus\"><img loading=\"lazy\" decoding=\"async\" src=\"http:\/\/montreux-vieux.com\/images\/bl02.gif\" alt=\"\" width=\"23\" height=\"23\" \/><\/span><\/span><\/span><\/span><\/span><\/span><\/span><\/span> de mai 1813 \u00e0 avril 1816 CUENIN Joseph<\/span><\/span><\/span><\/span><\/span><\/span><\/span><\/span><\/span><\/h4>\n<h4 align=\"center\"><span class=\"textePagePlus\"><span class=\"textePagePlus\"><span class=\"textePagePlus\"><span class=\"textePagePlus\"><span class=\"textePagePlus\"><span class=\"textePagePlus\"><span class=\"textePagePlus\"><span class=\"textePagePlus\"><span class=\"textePagePlus\"><span class=\"textePagePlus\"><span class=\"textePagePlus\"><span class=\"textePagePlus\"><span class=\"textePagePlus\"><span class=\"textePagePlus\"><span class=\"textePagePlus\"><span class=\"textePagePlus\"><span class=\"textePagePlus\"><img loading=\"lazy\" decoding=\"async\" src=\"http:\/\/montreux-vieux.com\/images\/bl02.gif\" alt=\"\" width=\"23\" height=\"23\" \/><\/span><\/span><\/span><\/span><\/span><\/span><\/span><\/span> de mai 1816 \u00e0 janvier 1818 PREVOT Joseph<\/span><\/span><\/span><\/span><\/span><\/span><\/span><\/span><\/span><\/h4>\n<h4 align=\"center\"><span class=\"textePagePlus\"><span class=\"textePagePlus\"><span class=\"textePagePlus\"><span class=\"textePagePlus\"><span class=\"textePagePlus\"><span class=\"textePagePlus\"><span class=\"textePagePlus\"><span class=\"textePagePlus\"><span class=\"textePagePlus\"><span class=\"textePagePlus\"><span class=\"textePagePlus\"><span class=\"textePagePlus\"><span class=\"textePagePlus\"><span class=\"textePagePlus\"><span class=\"textePagePlus\"><span class=\"textePagePlus\"><span class=\"textePagePlus\"><img loading=\"lazy\" decoding=\"async\" src=\"http:\/\/montreux-vieux.com\/images\/bl02.gif\" alt=\"\" width=\"23\" height=\"23\" \/><\/span><\/span><\/span><\/span><\/span><\/span><\/span><\/span> de f\u00e9vrier 1818 \u00e0 septembre 1831 PATAT Jean-Pierre<\/span><\/span><\/span><\/span><\/span><\/span><\/span><\/span><\/span><\/h4>\n<h4 align=\"center\"><span class=\"textePagePlus\"><span class=\"textePagePlus\"><span class=\"textePagePlus\"><span class=\"textePagePlus\"><span class=\"textePagePlus\"><span class=\"textePagePlus\"><span class=\"textePagePlus\"><span class=\"textePagePlus\"><span class=\"textePagePlus\"><span class=\"textePagePlus\"><span class=\"textePagePlus\"><span class=\"textePagePlus\"><span class=\"textePagePlus\"><span class=\"textePagePlus\"><span class=\"textePagePlus\"><span class=\"textePagePlus\"><span class=\"textePagePlus\"><img loading=\"lazy\" decoding=\"async\" src=\"http:\/\/montreux-vieux.com\/images\/bl02.gif\" alt=\"\" width=\"23\" height=\"23\" \/><\/span><\/span><\/span><\/span><\/span><\/span><\/span><\/span> d&rsquo;octobre 1831 \u00e0 juillet 1843 CHARBONNIER Jean-Pierre<\/span><\/span><\/span><\/span><\/span><\/span><\/span><\/span><\/span><\/h4>\n<h4 align=\"center\"><span class=\"textePagePlus\"><span class=\"textePagePlus\"><span class=\"textePagePlus\"><span class=\"textePagePlus\"><span class=\"textePagePlus\"><span class=\"textePagePlus\"><span class=\"textePagePlus\"><span class=\"textePagePlus\"><span class=\"textePagePlus\"><span class=\"textePagePlus\"><span class=\"textePagePlus\"><span class=\"textePagePlus\"><span class=\"textePagePlus\"><span class=\"textePagePlus\"><span class=\"textePagePlus\"><span class=\"textePagePlus\"><span class=\"textePagePlus\"><img loading=\"lazy\" decoding=\"async\" src=\"http:\/\/montreux-vieux.com\/images\/bl02.gif\" alt=\"\" width=\"23\" height=\"23\" \/><\/span><\/span><\/span><\/span><\/span><\/span><\/span><\/span> d&rsquo;ao\u00fbt 1843 \u00e0 juin 1846 CHARBONNIER Henri<\/span><\/span><\/span><\/span><\/span><\/span><\/span><\/span><\/span><\/h4>\n<h4 align=\"center\"><span class=\"textePagePlus\"><span class=\"textePagePlus\"><span class=\"textePagePlus\"><span class=\"textePagePlus\"><span class=\"textePagePlus\"><span class=\"textePagePlus\"><span class=\"textePagePlus\"><span class=\"textePagePlus\"><span class=\"textePagePlus\"><span class=\"textePagePlus\"><span class=\"textePagePlus\"><span class=\"textePagePlus\"><span class=\"textePagePlus\"><span class=\"textePagePlus\"><span class=\"textePagePlus\"><span class=\"textePagePlus\"><span class=\"textePagePlus\"><img loading=\"lazy\" decoding=\"async\" src=\"http:\/\/montreux-vieux.com\/images\/bl02.gif\" alt=\"\" width=\"23\" height=\"23\" \/><\/span><\/span><\/span><\/span><\/span><\/span><\/span><\/span> de juillet 1846 \u00e0 octobre 1848 PATAT Jean-Pierre<\/span><\/span><\/span><\/span><\/span><\/span><\/span><\/span><\/span><\/h4>\n<h4 align=\"center\"><span class=\"textePagePlus\"><span class=\"textePagePlus\"><span class=\"textePagePlus\"><span class=\"textePagePlus\"><span class=\"textePagePlus\"><span class=\"textePagePlus\"><span class=\"textePagePlus\"><span class=\"textePagePlus\"><span class=\"textePagePlus\"><span class=\"textePagePlus\"><span class=\"textePagePlus\"><span class=\"textePagePlus\"><span class=\"textePagePlus\"><span class=\"textePagePlus\"><span class=\"textePagePlus\"><span class=\"textePagePlus\"><span class=\"textePagePlus\"><img loading=\"lazy\" decoding=\"async\" src=\"http:\/\/montreux-vieux.com\/images\/bl02.gif\" alt=\"\" width=\"23\" height=\"23\" \/><\/span><\/span><\/span><\/span><\/span><\/span><\/span><\/span> de novembre 1848 \u00e0 juillet 1855 CHARBONNIER Jean-Pierre<\/span><\/span><\/span><\/span><\/span><\/span><\/span><\/span><\/span><\/h4>\n<h4 align=\"center\"><span class=\"textePagePlus\"><span class=\"textePagePlus\"><span class=\"textePagePlus\"><span class=\"textePagePlus\"><span class=\"textePagePlus\"><span class=\"textePagePlus\"><span class=\"textePagePlus\"><span class=\"textePagePlus\"><span class=\"textePagePlus\"><span class=\"textePagePlus\"><span class=\"textePagePlus\"><span class=\"textePagePlus\"><span class=\"textePagePlus\"><span class=\"textePagePlus\"><span class=\"textePagePlus\"><span class=\"textePagePlus\"><span class=\"textePagePlus\"><img loading=\"lazy\" decoding=\"async\" src=\"http:\/\/montreux-vieux.com\/images\/bl02.gif\" alt=\"\" width=\"23\" height=\"23\" \/><\/span><\/span><\/span><\/span><\/span><\/span><\/span><\/span> d&rsquo;ao\u00fbt 1855 au 16 f\u00e9vrier 1858 PATAT Pierre<\/span><\/span><\/span><\/span><\/span><\/span><\/span><\/span><\/span><\/h4>\n<h4 align=\"center\"><span class=\"textePagePlus\"><span class=\"textePagePlus\"><span class=\"textePagePlus\"><span class=\"textePagePlus\"><span class=\"textePagePlus\"><span class=\"textePagePlus\"><span class=\"textePagePlus\"><span class=\"textePagePlus\"><span class=\"textePagePlus\"><span class=\"textePagePlus\"><span class=\"textePagePlus\"><span class=\"textePagePlus\"><span class=\"textePagePlus\"><span class=\"textePagePlus\"><span class=\"textePagePlus\"><span class=\"textePagePlus\"><span class=\"textePagePlus\"><img loading=\"lazy\" decoding=\"async\" src=\"http:\/\/montreux-vieux.com\/images\/bl02.gif\" alt=\"\" width=\"23\" height=\"23\" \/><\/span><\/span><\/span><\/span><\/span><\/span><\/span><\/span> du 17 f\u00e9vrier 1858 \u00e0 janvier 1873 GEVRIER Ferdinand<\/span><\/span><\/span><\/span><\/span><\/span><\/span><\/span><\/span><\/h4>\n<h4 align=\"center\"><span class=\"textePagePlus\"><span class=\"textePagePlus\"><span class=\"textePagePlus\"><span class=\"textePagePlus\"><span class=\"textePagePlus\"><span class=\"textePagePlus\"><span class=\"textePagePlus\"><span class=\"textePagePlus\"><span class=\"textePagePlus\"><span class=\"textePagePlus\"><span class=\"textePagePlus\"><span class=\"textePagePlus\"><span class=\"textePagePlus\"><span class=\"textePagePlus\"><span class=\"textePagePlus\"><span class=\"textePagePlus\"><span class=\"textePagePlus\"><img loading=\"lazy\" decoding=\"async\" src=\"http:\/\/montreux-vieux.com\/images\/bl02.gif\" alt=\"\" width=\"23\" height=\"23\" \/><\/span><\/span><\/span><\/span><\/span><\/span><\/span><\/span> de f\u00e9vrier 1873 au 11 septembre 1883 GEVRIER Fran\u00e7ois<\/span><\/span><\/span><\/span><\/span><\/span><\/span><\/span><\/span><\/h4>\n<h4 align=\"center\"><span class=\"textePagePlus\"><span class=\"textePagePlus\"><span class=\"textePagePlus\"><span class=\"textePagePlus\"><span class=\"textePagePlus\"><span class=\"textePagePlus\"><span class=\"textePagePlus\"><span class=\"textePagePlus\"><span class=\"textePagePlus\"><span class=\"textePagePlus\"><span class=\"textePagePlus\"><span class=\"textePagePlus\"><span class=\"textePagePlus\"><span class=\"textePagePlus\"><span class=\"textePagePlus\"><span class=\"textePagePlus\"><span class=\"textePagePlus\"><img loading=\"lazy\" decoding=\"async\" src=\"http:\/\/montreux-vieux.com\/images\/bl02.gif\" alt=\"\" width=\"23\" height=\"23\" \/><\/span><\/span><\/span><\/span><\/span><\/span><\/span><\/span> du 12 septembre 1883 au 28 ao\u00fbt 1896 GEVRIER Ferdinand<\/span><\/span><\/span><\/span><\/span><\/span><\/span><\/span><\/span><\/h4>\n<h4 align=\"center\"><span class=\"textePagePlus\"><span class=\"textePagePlus\"><span class=\"textePagePlus\"><span class=\"textePagePlus\"><span class=\"textePagePlus\"><span class=\"textePagePlus\"><span class=\"textePagePlus\"><span class=\"textePagePlus\"><span class=\"textePagePlus\"><span class=\"textePagePlus\"><span class=\"textePagePlus\"><span class=\"textePagePlus\"><span class=\"textePagePlus\"><span class=\"textePagePlus\"><span class=\"textePagePlus\"><span class=\"textePagePlus\"><span class=\"textePagePlus\"><img loading=\"lazy\" decoding=\"async\" src=\"http:\/\/montreux-vieux.com\/images\/bl02.gif\" alt=\"\" width=\"23\" height=\"23\" \/><\/span><\/span><\/span><\/span><\/span><\/span><\/span><\/span> du 29 ao\u00fbt 1896 au 05 mars 1912 LAIBLE Wilhelm<\/span><\/span><\/span><\/span><\/span><\/span><\/span><\/span><\/span><\/h4>\n<h4 align=\"center\"><span class=\"textePagePlus\"><span class=\"textePagePlus\"><span class=\"textePagePlus\"><span class=\"textePagePlus\"><span class=\"textePagePlus\"><span class=\"textePagePlus\"><span class=\"textePagePlus\"><span class=\"textePagePlus\"><span class=\"textePagePlus\">\u00a0de 1912 au 16 mars 1915 LAIBLE\u00a0<\/span><\/span><\/span><\/span><\/span><\/span><\/span><\/span><\/span>Wilhelm Gerhard, dit Willy<\/h4>\n<h4 align=\"center\"><span class=\"textePagePlus\"><span class=\"textePagePlus\"><span class=\"textePagePlus\"><span class=\"textePagePlus\"><span class=\"textePagePlus\"><span class=\"textePagePlus\"><span class=\"textePagePlus\"><span class=\"textePagePlus\"><span class=\"textePagePlus\"><span class=\"textePagePlus\"><span class=\"textePagePlus\"><span class=\"textePagePlus\"><span class=\"textePagePlus\"><span class=\"textePagePlus\"><span class=\"textePagePlus\"><span class=\"textePagePlus\"><span class=\"textePagePlus\"><img loading=\"lazy\" decoding=\"async\" src=\"http:\/\/montreux-vieux.com\/images\/bl02.gif\" alt=\"\" width=\"23\" height=\"23\" \/><\/span><\/span><\/span><\/span><\/span><\/span><\/span><\/span> du 17 mars 1915 au 8 septembre 192<span class=\"textePagePlus\">3 VIOLARD Jean-Pierre<\/span><\/span><\/span><\/span><\/span><\/span><\/span><\/span><\/span><\/span><\/h4>\n<h4 align=\"center\"><span class=\"textePagePlus\"><span class=\"textePagePlus\"><span class=\"textePagePlus\"><span class=\"textePagePlus\"><span class=\"textePagePlus\"><span class=\"textePagePlus\"><span class=\"textePagePlus\"><span class=\"textePagePlus\"><span class=\"textePagePlus\"><span class=\"textePagePlus\"><span class=\"textePagePlus\"><span class=\"textePagePlus\"><span class=\"textePagePlus\"><span class=\"textePagePlus\"><span class=\"textePagePlus\"><span class=\"textePagePlus\"><span class=\"textePagePlus\"><img loading=\"lazy\" decoding=\"async\" src=\"http:\/\/montreux-vieux.com\/images\/bl02.gif\" alt=\"\" width=\"23\" height=\"23\" \/><\/span><\/span><\/span><\/span><\/span><\/span><\/span><\/span> du 9 septembre 1923 au 12 ao\u00fbt 1940 CATTE C\u00e9lestin<\/span><\/span><\/span><\/span><\/span><\/span><\/span><\/span><\/span><\/h4>\n<h4 align=\"center\"><span class=\"textePagePlus\"><span class=\"textePagePlus\"><span class=\"textePagePlus\"><span class=\"textePagePlus\"><span class=\"textePagePlus\"><span class=\"textePagePlus\"><span class=\"textePagePlus\"><span class=\"textePagePlus\"><span class=\"textePagePlus\"><span class=\"textePagePlus\"><span class=\"textePagePlus\"><span class=\"textePagePlus\"><span class=\"textePagePlus\"><span class=\"textePagePlus\"><span class=\"textePagePlus\"><span class=\"textePagePlus\"><span class=\"textePagePlus\"><img loading=\"lazy\" decoding=\"async\" src=\"http:\/\/montreux-vieux.com\/images\/bl02.gif\" alt=\"\" width=\"23\" height=\"23\" \/><\/span><\/span><\/span><\/span><\/span><\/span><\/span><\/span> du 13 ao\u00fbt 1940 au 30 novembre 1944 SEILER Auguste<\/span><\/span><\/span><\/span><\/span><\/span><\/span><\/span><\/span><\/h4>\n<h4 align=\"center\"><span class=\"textePagePlus\"><span class=\"textePagePlus\"><span class=\"textePagePlus\"><span class=\"textePagePlus\"><span class=\"textePagePlus\"><span class=\"textePagePlus\"><span class=\"textePagePlus\"><span class=\"textePagePlus\"><span class=\"textePagePlus\"><span class=\"textePagePlus\"><span class=\"textePagePlus\"><span class=\"textePagePlus\"><span class=\"textePagePlus\"><span class=\"textePagePlus\"><span class=\"textePagePlus\"><span class=\"textePagePlus\"><span class=\"textePagePlus\"><img loading=\"lazy\" decoding=\"async\" src=\"http:\/\/montreux-vieux.com\/images\/bl02.gif\" alt=\"\" width=\"23\" height=\"23\" \/><\/span><\/span><\/span><\/span><\/span><\/span><\/span><\/span> du 1er d\u00e9cembre 1944 au 29 septembre 1945 CATTE C\u00e9lestin<\/span><\/span><\/span><\/span><\/span><\/span><\/span><\/span><\/span><\/h4>\n<h4 align=\"center\"><span class=\"textePagePlus\"><span class=\"textePagePlus\"><span class=\"textePagePlus\"><span class=\"textePagePlus\"><span class=\"textePagePlus\"><span class=\"textePagePlus\"><span class=\"textePagePlus\"><span class=\"textePagePlus\"><span class=\"textePagePlus\"><span class=\"textePagePlus\"><span class=\"textePagePlus\"><span class=\"textePagePlus\"><span class=\"textePagePlus\"><span class=\"textePagePlus\"><span class=\"textePagePlus\"><span class=\"textePagePlus\"><span class=\"textePagePlus\"><img loading=\"lazy\" decoding=\"async\" src=\"http:\/\/montreux-vieux.com\/images\/bl02.gif\" alt=\"\" width=\"23\" height=\"23\" \/><\/span><\/span><\/span><\/span><\/span><\/span><\/span><\/span> du 30 septembre 1945 au 19 mars 1971 SEILER Auguste<\/span><\/span><\/span><\/span><\/span><\/span><\/span><\/span><\/span><\/h4>\n<h4 align=\"center\"><span class=\"textePagePlus\"><span class=\"textePagePlus\"><span class=\"textePagePlus\"><span class=\"textePagePlus\"><span class=\"textePagePlus\"><span class=\"textePagePlus\"><span class=\"textePagePlus\"><span class=\"textePagePlus\"><span class=\"textePagePlus\"><span class=\"textePagePlus\"><span class=\"textePagePlus\"><span class=\"textePagePlus\"><span class=\"textePagePlus\"><span class=\"textePagePlus\"><span class=\"textePagePlus\"><span class=\"textePagePlus\"><span class=\"textePagePlus\"><img loading=\"lazy\" decoding=\"async\" src=\"http:\/\/montreux-vieux.com\/images\/bl02.gif\" alt=\"\" width=\"23\" height=\"23\" \/><\/span><\/span><\/span><\/span><\/span><\/span><\/span><\/span> du 20 mars 1971 au 18 mars 1983 VIC Georges<\/span><\/span><\/span><\/span><\/span><\/span><\/span><\/span><\/span><\/h4>\n<h4 align=\"center\"><span class=\"textePagePlus\"><span class=\"textePagePlus\"><span class=\"textePagePlus\"><span class=\"textePagePlus\"><span class=\"textePagePlus\"><span class=\"textePagePlus\"><span class=\"textePagePlus\"><span class=\"textePagePlus\"><span class=\"textePagePlus\"><span class=\"textePagePlus\"><span class=\"textePagePlus\"><span class=\"textePagePlus\"><span class=\"textePagePlus\"><span class=\"textePagePlus\"><span class=\"textePagePlus\"><span class=\"textePagePlus\"><span class=\"textePagePlus\"><img loading=\"lazy\" decoding=\"async\" src=\"http:\/\/montreux-vieux.com\/images\/bl02.gif\" alt=\"\" width=\"23\" height=\"23\" \/><\/span><\/span><\/span><\/span><\/span><\/span><\/span><\/span> du 19 mars 1983 au 17 mars 1989 SCHORR Andr\u00e9<\/span><\/span><\/span><\/span><\/span><\/span><\/span><\/span><\/span><\/h4>\n<h4 align=\"center\"><span class=\"textePagePlus\"><span class=\"textePagePlus\"><span class=\"textePagePlus\"><span class=\"textePagePlus\"><span class=\"textePagePlus\"><span class=\"textePagePlus\"><span class=\"textePagePlus\"><span class=\"textePagePlus\"><span class=\"textePagePlus\"><span class=\"textePagePlus\"><span class=\"textePagePlus\"><span class=\"textePagePlus\"><span class=\"textePagePlus\"><span class=\"textePagePlus\"><span class=\"textePagePlus\"><span class=\"textePagePlus\"><span class=\"textePagePlus\"><img loading=\"lazy\" decoding=\"async\" src=\"http:\/\/montreux-vieux.com\/images\/bl02.gif\" alt=\"\" width=\"23\" height=\"23\" \/><\/span><\/span><\/span><\/span><\/span><\/span><\/span><\/span> du 18 mars 1989 au mars 2001 DE VITTORI Denis<\/span><\/span><\/span><\/span><\/span><\/span><\/span><\/span><\/span><\/h4>\n<h4 align=\"center\"><span class=\"textePagePlus\"><span class=\"textePagePlus\"><span class=\"textePagePlus\"><span class=\"textePagePlus\"><span class=\"textePagePlus\"><span class=\"textePagePlus\"><span class=\"textePagePlus\"><span class=\"textePagePlus\"><span class=\"textePagePlus\"><span class=\"textePagePlus\"><span class=\"textePagePlus\"><span class=\"textePagePlus\"><span class=\"textePagePlus\"><span class=\"textePagePlus\"><span class=\"textePagePlus\"><span class=\"textePagePlus\"><span class=\"textePagePlus\"><img loading=\"lazy\" decoding=\"async\" src=\"http:\/\/montreux-vieux.com\/images\/bl02.gif\" alt=\"\" width=\"23\" height=\"23\" \/><\/span><\/span><\/span><\/span><\/span><\/span><\/span><\/span> du mars 2001 au (actuellement) TRABOLD Andr\u00e9<\/span><\/span><\/span><\/span><\/span><\/span><\/span><\/span><\/span><\/h4>\n","protected":false},"excerpt":{"rendered":"<p>de 1790 \u00e0 1800 PREVOT Joseph de 1800 \u00e0 avril 1813 GEVRIER Joseph de mai 1813 \u00e0 avril 1816 CUENIN Joseph de mai 1816 \u00e0 janvier 1818 PREVOT Joseph de f\u00e9vrier 1818 \u00e0 septembre 1831 PATAT Jean-Pierre d&rsquo;octobre 1831 \u00e0 &hellip; <a href=\"https:\/\/montreux-vieux.net\/?page_id=5064\">Continuer la lecture <span class=\"meta-nav\">&rarr;<\/span><\/a><\/p>\n","protected":false},"author":1,"featured_media":0,"parent":4103,"menu_order":56,"comment_status":"open","ping_status":"open","template":"","meta":{"footnotes":""},"class_list":["post-5064","page","type-page","status-publish","hentry"],"_links":{"self":[{"href":"https:\/\/montreux-vieux.net\/index.php?rest_route=\/wp\/v2\/pages\/5064","targetHints":{"allow":["GET"]}}],"collection":[{"href":"https:\/\/montreux-vieux.net\/index.php?rest_route=\/wp\/v2\/pages"}],"about":[{"href":"https:\/\/montreux-vieux.net\/index.php?rest_route=\/wp\/v2\/types\/page"}],"author":[{"embeddable":true,"href":"https:\/\/montreux-vieux.net\/index.php?rest_route=\/wp\/v2\/users\/1"}],"replies":[{"embeddable":true,"href":"https:\/\/montreux-vieux.net\/index.php?rest_route=%2Fwp%2Fv2%2Fcomments&post=5064"}],"version-history":[{"count":3,"href":"https:\/\/montreux-vieux.net\/index.php?rest_route=\/wp\/v2\/pages\/5064\/revisions"}],"predecessor-version":[{"id":16598,"href":"https:\/\/montreux-vieux.net\/index.php?rest_route=\/wp\/v2\/pages\/5064\/revisions\/16598"}],"up":[{"embeddable":true,"href":"https:\/\/montreux-vieux.net\/index.php?rest_route=\/wp\/v2\/pages\/4103"}],"wp:attachment":[{"href":"https:\/\/montreux-vieux.net\/index.php?rest_route=%2Fwp%2Fv2%2Fmedia&parent=5064"}],"curies":[{"name":"wp","href":"https:\/\/api.w.org\/{rel}","templated":true}]}}