{"id":5071,"date":"2015-02-22T11:12:41","date_gmt":"2015-02-22T10:12:41","guid":{"rendered":"http:\/\/montreux-vieux.net\/?page_id=5071"},"modified":"2019-01-02T14:42:25","modified_gmt":"2019-01-02T13:42:25","slug":"les-grands-travaux-a-montreux-vieux","status":"publish","type":"page","link":"https:\/\/montreux-vieux.net\/?page_id=5071","title":{"rendered":"Les grands travaux \u00e0 Montreux-Vieux"},"content":{"rendered":"<p align=\"center\"><b>&nbsp;Construction de l\u2019Eglise en 1899<\/b><\/p>\n<p align=\"center\"><b>&nbsp;Construction du Ch\u00e2teau d\u2019Eau, la station et le r\u00e9seau d\u2019eau en 1938<\/b><\/p>\n<p align=\"center\"><b>&nbsp;Construction de 6 lotissements apr\u00e8s guerre<\/b><\/p>\n<p align=\"center\"><b>&nbsp;P\u00e2turage Communal en 1952<\/b><\/p>\n<p align=\"center\"><b>&nbsp;Les Bourquardettes en 1955<\/b><\/p>\n<p align=\"center\"><b>&nbsp;Lotissement du Breuleux en 1970<\/b><\/p>\n<p align=\"center\"><b>&nbsp;Lotissement Bellevue en 1971<\/b><\/p>\n<p align=\"center\"><b>&nbsp;Lotissement des Echampoix en 1973<\/b><\/p>\n<p align=\"center\"><b>&nbsp;Lotissement G\u00e9ant en 1987<\/b><\/p>\n<p align=\"center\"><b>&nbsp;Construction d\u2019une salle des f\u00eates en 1958<\/b><\/p>\n<p align=\"center\"><b>&nbsp;Travaux de remplacement du r\u00e9seau \u00e9lectrique et am\u00e9lioration des installation de l\u2019Eclairage Public en 1970.<\/b><\/p>\n<p align=\"center\"><b>&nbsp;Construction d\u2019un plateau sportif en 1979.<\/b><\/p>\n<p align=\"center\"><b>&nbsp;Travaux de r\u00e9fection du ch\u00e2teau d\u2019eau en 1974<\/b><\/p>\n<p align=\"center\"><b>&nbsp;Construction de la Caserne de sapeurs-pompiers en 1980<\/b><\/p>\n<p align=\"center\"><b>&nbsp;Travaux d\u2019\u00e9vacuation des eaux pluviales et construction de trottoirs depuis 1983 rue d\u2019Alsace, de Belfort, des Vosges, des Tilleuls, des M\u00e9sanges, des Jardins, de la Tour, de l\u2019Eglise, de la Gare, Grand\u2019Rue, rue des Vergers.<\/b><\/p>\n<p align=\"center\"><b>&nbsp;Am\u00e9nagement de la place de la mairie en 1988<\/b><\/p>\n<p align=\"center\"><b>&nbsp;Construction de 2 courts de tennis en 1989<\/b><\/p>\n<p align=\"center\"><b>&nbsp;Travaux de r\u00e9habilitation des \u00e9coles maternelle et primaire en 1996. Co\u00fbt 2 336 071.57F subv.&amp; TVA d\u00e9duites<\/b><\/p>\n<p align=\"center\"><b>&nbsp;Travaux de r\u00e9fection du ch\u00e2teau d&rsquo;eau en 1997. Co\u00fbt 151 129.40F subv.&amp; TVA d\u00e9duites<\/b><\/p>\n<p align=\"center\"><b>&nbsp;Travaux de r\u00e9novation int\u00e9rieur de l&rsquo;\u00e9glise en 1998. Co\u00fbt 223 051.26 subv. &amp; TVA d\u00e9duites<\/b><\/p>\n<p align=\"center\"><b>&nbsp;Trx d&rsquo;am\u00e9nagement d&rsquo;un stade en 2000. Montant du projet 2 500 038F (hors branch.eau.EDF,mobilier,assur.)<\/b><\/p>\n","protected":false},"excerpt":{"rendered":"<p>&nbsp;Construction de l\u2019Eglise en 1899 &nbsp;Construction du Ch\u00e2teau d\u2019Eau, la station et le r\u00e9seau d\u2019eau en 1938 &nbsp;Construction de 6 lotissements apr\u00e8s guerre &nbsp;P\u00e2turage Communal en 1952 &nbsp;Les Bourquardettes en 1955 &nbsp;Lotissement du Breuleux en 1970 &nbsp;Lotissement Bellevue en 1971 &hellip; <a href=\"https:\/\/montreux-vieux.net\/?page_id=5071\">Continuer la lecture <span class=\"meta-nav\">&rarr;<\/span><\/a><\/p>\n","protected":false},"author":1,"featured_media":0,"parent":13036,"menu_order":42,"comment_status":"open","ping_status":"open","template":"","meta":{"footnotes":""},"class_list":["post-5071","page","type-page","status-publish","hentry"],"_links":{"self":[{"href":"https:\/\/montreux-vieux.net\/index.php?rest_route=\/wp\/v2\/pages\/5071","targetHints":{"allow":["GET"]}}],"collection":[{"href":"https:\/\/montreux-vieux.net\/index.php?rest_route=\/wp\/v2\/pages"}],"about":[{"href":"https:\/\/montreux-vieux.net\/index.php?rest_route=\/wp\/v2\/types\/page"}],"author":[{"embeddable":true,"href":"https:\/\/montreux-vieux.net\/index.php?rest_route=\/wp\/v2\/users\/1"}],"replies":[{"embeddable":true,"href":"https:\/\/montreux-vieux.net\/index.php?rest_route=%2Fwp%2Fv2%2Fcomments&post=5071"}],"version-history":[{"count":2,"href":"https:\/\/montreux-vieux.net\/index.php?rest_route=\/wp\/v2\/pages\/5071\/revisions"}],"predecessor-version":[{"id":13357,"href":"https:\/\/montreux-vieux.net\/index.php?rest_route=\/wp\/v2\/pages\/5071\/revisions\/13357"}],"up":[{"embeddable":true,"href":"https:\/\/montreux-vieux.net\/index.php?rest_route=\/wp\/v2\/pages\/13036"}],"wp:attachment":[{"href":"https:\/\/montreux-vieux.net\/index.php?rest_route=%2Fwp%2Fv2%2Fmedia&parent=5071"}],"curies":[{"name":"wp","href":"https:\/\/api.w.org\/{rel}","templated":true}]}}