{"id":5091,"date":"2015-02-22T16:53:38","date_gmt":"2015-02-22T15:53:38","guid":{"rendered":"http:\/\/montreux-vieux.net\/?page_id=5091"},"modified":"2018-12-26T11:26:25","modified_gmt":"2018-12-26T10:26:25","slug":"ozo-est-ozo-total-total-est-montreux-pneus","status":"publish","type":"page","link":"https:\/\/montreux-vieux.net\/?page_id=5091","title":{"rendered":"Ozo, Est-Ozo Total, Total-Est &#8211; Montreux-Pneus"},"content":{"rendered":"<h3 style=\"text-align: center;\">Ozo, Est-Ozo Total, Total-Est &#8211; Montreux-Pneus<\/h3>\n<h4 style=\"text-align: justify;\"><span class=\"textePagePlus\">C\u2019est avec \u00ab La Jeanne d\u2019Arc \u00bb que des r\u00e9servoirs d\u2019hydrocarbures se sont implant\u00e9s pour en devenir des entreprises ind\u00e9pendantes comme \u00ab OZO \u00bb, \u00ab Est-OZO \u00bb et finalement \u00ab Total \u00bb puis \u00ab Total Est \u00bb.<\/span><\/h4>\n<h4 style=\"text-align: justify;\"><span class=\"textePagePlus\">La capacit\u00e9 de stockage \u00e9tait de 15 040 m3 dont un r\u00e9servoir de 30 m de diam\u00e8tre, contenant \u00e0 lui seul 10 000 m3 d\u2019hydrocarbures.<\/span><\/h4>\n<h4 style=\"text-align: justify;\"><span class=\"textePagePlus\">De 1970 \u00e0 1985, le d\u00e9p\u00f4t de Montreux-Vieux \u00e9tait l\u2019un des plus importants de la r\u00e9gion. Au 31 d\u00e9cembre 1985, les installations ont cess\u00e9 leurs activit\u00e9s.<\/span><\/h4>\n<h4 style=\"text-align: justify;\"><span class=\"textePagePlus\">En mars 1990, les r\u00e9servoirs ont \u00e9t\u00e9 d\u00e9molis.<\/span><\/h4>\n<h3 style=\"text-align: center;\">Montreux-Pneus<\/h3>\n<h4 style=\"text-align: justify;\"><span class=\"textePagePlus\">Install\u00e9e sur l\u2019aire occup\u00e9 ant\u00e9rieurement par les Ets Total depuis 92, l\u2019entreprise de n\u00e9goce de pneus allemande, a rachet\u00e9 le site pour en cr\u00e9er Montreux-Pneus. Son directeur M. Guern Sylvio expliquait dans l\u2019Alsace du 4-4-92 que l\u2019activit\u00e9 consistait \u00e0 acheter des pneus d\u2019occasion pour les revendre ensuite, soit pour le r\u00e9emploi direct, soit pour le rechapage.<\/span><\/h4>\n<h4 style=\"text-align: justify;\"><span class=\"textePagePlus\">D\u2019envergure internationale, elle les exporte vers diff\u00e9rents pays, notamment en Afrique, Am\u00e9rique du Sud, etc&#8230;, 2 embauches ont d\u00e9bouch\u00e9 depuis.<\/span><\/h4>\n<h4 style=\"text-align: justify;\"><span class=\"textePagePlus\">L&rsquo;Entreprise a ferm\u00e9 ses portes le 28 avril 1999 par liquidation Judiciaire. Me Philippe Froehlich en a \u00e9t\u00e9 charg\u00e9 .<\/span><\/h4>\n","protected":false},"excerpt":{"rendered":"<p>Ozo, Est-Ozo Total, Total-Est &#8211; Montreux-Pneus C\u2019est avec \u00ab La Jeanne d\u2019Arc \u00bb que des r\u00e9servoirs d\u2019hydrocarbures se sont implant\u00e9s pour en devenir des entreprises ind\u00e9pendantes comme \u00ab OZO \u00bb, \u00ab Est-OZO \u00bb et finalement \u00ab Total \u00bb puis \u00ab &hellip; <a href=\"https:\/\/montreux-vieux.net\/?page_id=5091\">Continuer la lecture <span class=\"meta-nav\">&rarr;<\/span><\/a><\/p>\n","protected":false},"author":1,"featured_media":0,"parent":13040,"menu_order":20,"comment_status":"open","ping_status":"open","template":"","meta":{"footnotes":""},"class_list":["post-5091","page","type-page","status-publish","hentry"],"_links":{"self":[{"href":"https:\/\/montreux-vieux.net\/index.php?rest_route=\/wp\/v2\/pages\/5091","targetHints":{"allow":["GET"]}}],"collection":[{"href":"https:\/\/montreux-vieux.net\/index.php?rest_route=\/wp\/v2\/pages"}],"about":[{"href":"https:\/\/montreux-vieux.net\/index.php?rest_route=\/wp\/v2\/types\/page"}],"author":[{"embeddable":true,"href":"https:\/\/montreux-vieux.net\/index.php?rest_route=\/wp\/v2\/users\/1"}],"replies":[{"embeddable":true,"href":"https:\/\/montreux-vieux.net\/index.php?rest_route=%2Fwp%2Fv2%2Fcomments&post=5091"}],"version-history":[{"count":2,"href":"https:\/\/montreux-vieux.net\/index.php?rest_route=\/wp\/v2\/pages\/5091\/revisions"}],"predecessor-version":[{"id":13065,"href":"https:\/\/montreux-vieux.net\/index.php?rest_route=\/wp\/v2\/pages\/5091\/revisions\/13065"}],"up":[{"embeddable":true,"href":"https:\/\/montreux-vieux.net\/index.php?rest_route=\/wp\/v2\/pages\/13040"}],"wp:attachment":[{"href":"https:\/\/montreux-vieux.net\/index.php?rest_route=%2Fwp%2Fv2%2Fmedia&parent=5091"}],"curies":[{"name":"wp","href":"https:\/\/api.w.org\/{rel}","templated":true}]}}