{"id":5122,"date":"2015-02-25T15:14:27","date_gmt":"2015-02-25T14:14:27","guid":{"rendered":"http:\/\/montreux-vieux.net\/?page_id=5122"},"modified":"2020-06-12T14:27:11","modified_gmt":"2020-06-12T13:27:11","slug":"la-peche-a-montreux-vieux","status":"publish","type":"page","link":"https:\/\/montreux-vieux.net\/?page_id=5122","title":{"rendered":"La p\u00eache \u00e0 Montreux-Vieux. Des p\u00eacheurs de partout"},"content":{"rendered":"\n<p>Soci\u00e9t\u00e9 de pisciculture. \u2014 Dimanche 17 juin 1888, aura lieu l\u2018assembl\u00e9e g\u00e9n\u00e9rale de la Soci\u00e9t\u00e9 alsacienne de pisciculture \u00e0 Danremarie et Montreux-Vieux. Voici le programme de la journ\u00e9e: 9 heures du matin, &nbsp;r\u00e9union \u00e0 la gare de Mulhouse et r\u00e9ception des membres du dehors; 9 heures 23, d\u00e9part pour Montreux-Vieux ; 10 heures, d\u00e9part de Montreux-Vieux pour le canal du Rh\u00f4ne-au-Rhln ; visite du bief de partage des \u00e9tangs de Montreux et de la rigole alimentaire du canal dont la p\u00e8che est afferm\u00e9e \u00e0 la Soci\u00e9t\u00e9. Les membres participants de la Soci\u00e9t\u00e9, amateurs de la p\u00eache \u00e0 la ligne, pourront p\u00eacher dans le canal et dans la rigole ; 12 h. 30, arriv\u00e9e \u00e0 Manspach, o\u00f9 il y aura des voitures qui conduiront les membres \u00e0 Dannemarie; 1 heure, assembl\u00e9e g\u00e9n\u00e9rale. Apr\u00e8s l\u2019ouverture de la session, par le pr\u00e9sident, M. K\u0153hren, inspecteur des travaux hydrauliques, a prononc\u00e9 un discours dans lequel il a fait ressortir l\u2019activit\u00e9 de la section de Mulhouse depuis sa fondation. Les membres de la Soci\u00e9t\u00e9 pourront ensuite pr\u00e9senter des propositions &nbsp;La s\u00e9ance sera close par une conf\u00e9rence de M. Haack, directeur de l\u2019\u00e9tablissement de Huningue, sur l\u2019\u00e9levage des carpes &nbsp;A 2 heures, banquet au caf\u00e9 Riss, \u00e0 Dannemarie. D\u00e9part \u00e0 4 h. 06 ou 7 h. 47 ; arriv\u00e9e \u00e0 Mulhouse \u00e0 4 h. f&gt;2 ou 8 h. 29 ; \u00e0 Colmar, \u00e0 7 h. 12 ou 9 h. 47 ; \u00e0 Strasbourg, \u00e0 8 h. 40 ou 10 h. 57.<\/p>\n\n\n\n<p>Tout soci\u00e9taire obtiendra, sur pr\u00e9sentation de sa carte, un simple billet pour Mul bouse-Montreux-Vieux; muni au dos, du timbre de la station de d\u00e9livrance, et qui donne droit au retour gratuit de Mulhouse-Montreux-Vieux \u00e0 cette station, pour celle des classes et celui des trains, pour lesquels il a \u00e9t\u00e9 d\u00e9livr\u00e9. Ce billet est valable pour trois jours, le jour de la d\u00e9livrance y compris.<\/p>\n\n\n\n<p>Sources&nbsp;: Express 12 juin 1888<\/p>\n\n\n<div id=\"attachment_5123\" style=\"width: 310px\" class=\"wp-caption aligncenter\"><a href=\"http:\/\/montreux-vieux.net\/montreux-vieux.net\/wp-content\/uploads\/2015\/02\/ScreenShot028.jpg\" target=\"_blank\" rel=\"noopener noreferrer\"><img loading=\"lazy\" decoding=\"async\" aria-describedby=\"caption-attachment-5123\" class=\"wp-image-5123 size-medium\" src=\"http:\/\/montreux-vieux.net\/montreux-vieux.net\/wp-content\/uploads\/2015\/02\/ScreenShot028-300x186.jpg\" alt=\"ScreenShot028\" width=\"300\" height=\"186\" srcset=\"https:\/\/montreux-vieux.net\/montreux-vieux.net\/wp-content\/uploads\/2015\/02\/ScreenShot028-300x186.jpg 300w, https:\/\/montreux-vieux.net\/montreux-vieux.net\/wp-content\/uploads\/2015\/02\/ScreenShot028-600x372.jpg 600w, https:\/\/montreux-vieux.net\/montreux-vieux.net\/wp-content\/uploads\/2015\/02\/ScreenShot028.jpg 1002w\" sizes=\"auto, (max-width: 300px) 100vw, 300px\" \/><\/a><p id=\"caption-attachment-5123\" class=\"wp-caption-text\">Chaque week-end les mulhousiens venaient \u00e0 la p\u00eache \u00e0 Montreux-Vieux en cravates.<\/p><\/div>","protected":false},"excerpt":{"rendered":"<p>Soci\u00e9t\u00e9 de pisciculture. \u2014 Dimanche 17 juin 1888, aura lieu l\u2018assembl\u00e9e g\u00e9n\u00e9rale de la Soci\u00e9t\u00e9 alsacienne de pisciculture \u00e0 Danremarie et Montreux-Vieux. Voici le programme de la journ\u00e9e: 9 heures du matin, &nbsp;r\u00e9union \u00e0 la gare de Mulhouse et r\u00e9ception &hellip; <a href=\"https:\/\/montreux-vieux.net\/?page_id=5122\">Continuer la lecture <span class=\"meta-nav\">&rarr;<\/span><\/a><\/p>\n","protected":false},"author":1,"featured_media":0,"parent":13104,"menu_order":2,"comment_status":"open","ping_status":"open","template":"","meta":{"footnotes":""},"class_list":["post-5122","page","type-page","status-publish","hentry"],"_links":{"self":[{"href":"https:\/\/montreux-vieux.net\/index.php?rest_route=\/wp\/v2\/pages\/5122","targetHints":{"allow":["GET"]}}],"collection":[{"href":"https:\/\/montreux-vieux.net\/index.php?rest_route=\/wp\/v2\/pages"}],"about":[{"href":"https:\/\/montreux-vieux.net\/index.php?rest_route=\/wp\/v2\/types\/page"}],"author":[{"embeddable":true,"href":"https:\/\/montreux-vieux.net\/index.php?rest_route=\/wp\/v2\/users\/1"}],"replies":[{"embeddable":true,"href":"https:\/\/montreux-vieux.net\/index.php?rest_route=%2Fwp%2Fv2%2Fcomments&post=5122"}],"version-history":[{"count":5,"href":"https:\/\/montreux-vieux.net\/index.php?rest_route=\/wp\/v2\/pages\/5122\/revisions"}],"predecessor-version":[{"id":19683,"href":"https:\/\/montreux-vieux.net\/index.php?rest_route=\/wp\/v2\/pages\/5122\/revisions\/19683"}],"up":[{"embeddable":true,"href":"https:\/\/montreux-vieux.net\/index.php?rest_route=\/wp\/v2\/pages\/13104"}],"wp:attachment":[{"href":"https:\/\/montreux-vieux.net\/index.php?rest_route=%2Fwp%2Fv2%2Fmedia&parent=5122"}],"curies":[{"name":"wp","href":"https:\/\/api.w.org\/{rel}","templated":true}]}}