{"id":5125,"date":"2015-02-25T21:50:36","date_gmt":"2015-02-25T20:50:36","guid":{"rendered":"http:\/\/montreux-vieux.net\/?page_id=5125"},"modified":"2018-12-25T17:00:00","modified_gmt":"2018-12-25T16:00:00","slug":"roland-catte-mort-pour-la-france","status":"publish","type":"page","link":"https:\/\/montreux-vieux.net\/?page_id=5125","title":{"rendered":"Roland Catt\u00e9 mort pour la France"},"content":{"rendered":"<h3 style=\"text-align: center;\">Roland Catt\u00e9 mort pour la France<\/h3>\n<h4 style=\"text-align: justify;\">&nbsp;Parmi les 177 noms inscrits sur la st\u00e8le \u00e9rig\u00e9e \u00e0 Colmar \u00e0 la m\u00e9moire des Haut-rhinois \u00ab&nbsp;morts pour la France&nbsp;\u00bb en Alg\u00e9rie, Maroc et Tunisie,&nbsp; entre 1952 et 1962,&nbsp; figure celui d\u2019un montreusien Roland Catt\u00e9<\/h4>\n","protected":false},"excerpt":{"rendered":"<p>Roland Catt\u00e9 mort pour la France &nbsp;Parmi les 177 noms inscrits sur la st\u00e8le \u00e9rig\u00e9e \u00e0 Colmar \u00e0 la m\u00e9moire des Haut-rhinois \u00ab&nbsp;morts pour la France&nbsp;\u00bb en Alg\u00e9rie, Maroc et Tunisie,&nbsp; entre 1952 et 1962,&nbsp; figure celui d\u2019un montreusien Roland &hellip; <a href=\"https:\/\/montreux-vieux.net\/?page_id=5125\">Continuer la lecture <span class=\"meta-nav\">&rarr;<\/span><\/a><\/p>\n","protected":false},"author":1,"featured_media":0,"parent":12988,"menu_order":2,"comment_status":"open","ping_status":"open","template":"","meta":{"footnotes":""},"class_list":["post-5125","page","type-page","status-publish","hentry"],"_links":{"self":[{"href":"https:\/\/montreux-vieux.net\/index.php?rest_route=\/wp\/v2\/pages\/5125","targetHints":{"allow":["GET"]}}],"collection":[{"href":"https:\/\/montreux-vieux.net\/index.php?rest_route=\/wp\/v2\/pages"}],"about":[{"href":"https:\/\/montreux-vieux.net\/index.php?rest_route=\/wp\/v2\/types\/page"}],"author":[{"embeddable":true,"href":"https:\/\/montreux-vieux.net\/index.php?rest_route=\/wp\/v2\/users\/1"}],"replies":[{"embeddable":true,"href":"https:\/\/montreux-vieux.net\/index.php?rest_route=%2Fwp%2Fv2%2Fcomments&post=5125"}],"version-history":[{"count":2,"href":"https:\/\/montreux-vieux.net\/index.php?rest_route=\/wp\/v2\/pages\/5125\/revisions"}],"predecessor-version":[{"id":12992,"href":"https:\/\/montreux-vieux.net\/index.php?rest_route=\/wp\/v2\/pages\/5125\/revisions\/12992"}],"up":[{"embeddable":true,"href":"https:\/\/montreux-vieux.net\/index.php?rest_route=\/wp\/v2\/pages\/12988"}],"wp:attachment":[{"href":"https:\/\/montreux-vieux.net\/index.php?rest_route=%2Fwp%2Fv2%2Fmedia&parent=5125"}],"curies":[{"name":"wp","href":"https:\/\/api.w.org\/{rel}","templated":true}]}}