{"id":5158,"date":"2015-02-27T09:23:09","date_gmt":"2015-02-27T08:23:09","guid":{"rendered":"http:\/\/montreux-vieux.net\/?page_id=5158"},"modified":"2015-02-27T09:23:09","modified_gmt":"2015-02-27T08:23:09","slug":"jolidon-francois-ne-a-montreux-vieux-ingenieur-des-ponts-et-chaussees","status":"publish","type":"page","link":"https:\/\/montreux-vieux.net\/?page_id=5158","title":{"rendered":"Jolidon Fran\u00e7ois n\u00e9 \u00e0 Montreux-Vieux Ing\u00e9nieur des Ponts-et-Chauss\u00e9es"},"content":{"rendered":"<h3 style=\"text-align: center;\">Jolidon Fran\u00e7ois n\u00e9 \u00e0 Montreux-Vieux Ing\u00e9nieur des Ponts-et-Chauss\u00e9es<\/h3>\n<h4 style=\"text-align: justify;\">Aux Archives Nationales figure les dossiers individuels des Conducteurs des Ponts-et-Chauss\u00e9es \u00a0des XVIIIe-XIXe si\u00e8cles dont celui du montreusien :<\/h4>\n<h4 style=\"text-align: justify;\"><strong>JOLIDON (Fran\u00e7ois-Auguste)<\/strong><\/h4>\n<h4 style=\"text-align: justify;\">n\u00e9 le 11 octobre 1825 \u00e0 Montreux-Vieux (Haut-Rhin)<\/h4>\n<h4 style=\"text-align: justify;\">fonctions d&rsquo;ing\u00e9nieur ordinaire<\/h4>\n<h4 style=\"text-align: justify;\">retrait\u00e9 en 1886<\/h4>\n","protected":false},"excerpt":{"rendered":"<p>Jolidon Fran\u00e7ois n\u00e9 \u00e0 Montreux-Vieux Ing\u00e9nieur des Ponts-et-Chauss\u00e9es Aux Archives Nationales figure les dossiers individuels des Conducteurs des Ponts-et-Chauss\u00e9es \u00a0des XVIIIe-XIXe si\u00e8cles dont celui du montreusien : JOLIDON (Fran\u00e7ois-Auguste) n\u00e9 le 11 octobre 1825 \u00e0 Montreux-Vieux (Haut-Rhin) fonctions d&rsquo;ing\u00e9nieur ordinaire &hellip; <a href=\"https:\/\/montreux-vieux.net\/?page_id=5158\">Continuer la lecture <span class=\"meta-nav\">&rarr;<\/span><\/a><\/p>\n","protected":false},"author":1,"featured_media":0,"parent":4091,"menu_order":13,"comment_status":"open","ping_status":"open","template":"","meta":{"footnotes":""},"class_list":["post-5158","page","type-page","status-publish","hentry"],"_links":{"self":[{"href":"https:\/\/montreux-vieux.net\/index.php?rest_route=\/wp\/v2\/pages\/5158","targetHints":{"allow":["GET"]}}],"collection":[{"href":"https:\/\/montreux-vieux.net\/index.php?rest_route=\/wp\/v2\/pages"}],"about":[{"href":"https:\/\/montreux-vieux.net\/index.php?rest_route=\/wp\/v2\/types\/page"}],"author":[{"embeddable":true,"href":"https:\/\/montreux-vieux.net\/index.php?rest_route=\/wp\/v2\/users\/1"}],"replies":[{"embeddable":true,"href":"https:\/\/montreux-vieux.net\/index.php?rest_route=%2Fwp%2Fv2%2Fcomments&post=5158"}],"version-history":[{"count":1,"href":"https:\/\/montreux-vieux.net\/index.php?rest_route=\/wp\/v2\/pages\/5158\/revisions"}],"predecessor-version":[{"id":5159,"href":"https:\/\/montreux-vieux.net\/index.php?rest_route=\/wp\/v2\/pages\/5158\/revisions\/5159"}],"up":[{"embeddable":true,"href":"https:\/\/montreux-vieux.net\/index.php?rest_route=\/wp\/v2\/pages\/4091"}],"wp:attachment":[{"href":"https:\/\/montreux-vieux.net\/index.php?rest_route=%2Fwp%2Fv2%2Fmedia&parent=5158"}],"curies":[{"name":"wp","href":"https:\/\/api.w.org\/{rel}","templated":true}]}}