{"id":5177,"date":"2015-02-28T16:31:17","date_gmt":"2015-02-28T15:31:17","guid":{"rendered":"http:\/\/montreux-vieux.net\/?page_id=5177"},"modified":"2018-12-28T13:17:33","modified_gmt":"2018-12-28T12:17:33","slug":"deux-vies-en-meme-temps-que-deux-destins","status":"publish","type":"page","link":"https:\/\/montreux-vieux.net\/?page_id=5177","title":{"rendered":"Deux vies en m\u00eame temps que deux destins"},"content":{"rendered":"<h3 style=\"text-align: center;\"><b>Deux vies en m\u00eame temps que deux destins<\/b><\/h3>\n<h4 style=\"text-align: justify;\">Le <b>27 Octobre 1909<\/b> le train imp\u00e9rial russe achevant, sans incident,&nbsp; son voyage de retour de voyage officiel en France est arriv\u00e9 ce matin l\u00e0 \u00e0 5H 56 en gare de Belfort en avance de 4 minutes sur l\u2019horaire \u2013 Le tsar Nicolas II dormait.<\/h4>\n<p style=\"text-align: center;\"><a href=\"http:\/\/montreux-vieux.net\/montreux-vieux.net\/wp-content\/uploads\/2012\/02\/Tsar.jpg\" target=\"_blank\" rel=\"noopener noreferrer\"><img loading=\"lazy\" decoding=\"async\" class=\"aligncenter wp-image-3031 size-full\" src=\"http:\/\/montreux-vieux.net\/montreux-vieux.net\/wp-content\/uploads\/2012\/02\/Tsar.jpg\" alt=\"\" width=\"160\" height=\"240\"><\/a><\/p>\n<h4 style=\"text-align: center;\">&nbsp; &nbsp;Le Tsar de Russie Nicolas II<\/h4>\n<h4 style=\"text-align: justify;\">Ce train est imm\u00e9diatement aiguill\u00e9 sur la voie d\u2019Alsace et a quitt\u00e9 Belfort \u00e0 6H10 \u2013 Il n\u2019y eu, sur la demande du Tsar, aucune r\u00e9union en gare de Petit-Croix et lorsque le train est pass\u00e9 en gare fronti\u00e8re de Montreux \u2013 Vieux, Mr Nekludoff, Conseiller de l\u2019 Ambassade Russe de Paris descend du train en quittant son souverain qui ne manque pas de demander a cet homme de transmettre ses plus vifs remerciements aux autorit\u00e9s fran\u00e7aises &#8211;&nbsp; Il n\u2019y a personne sur le quai et Mrs Margot et Ruelle, ing\u00e9nieurs en chef du PLM, accompagnent le train jusqu\u2019\u00e0 la fronti\u00e8re.<\/h4>\n<h4 style=\"text-align: justify;\">Ce matin l\u00e0, Nicolas II ne sait probablement pas qu\u2019il n\u2019aura plus jamais l\u2019occasion de revoir la France, s\u2019en allant vers son horrible destin\u00e9e.<\/h4>\n<h4 style=\"text-align: justify;\">&nbsp;Le <b>30 Mai 1994<\/b> au 04, Rue d\u2019Alsace \u00e0 Montreux Vieux emm\u00e9nageait une petite femme efficiente avec famille et entreprise pour exercer tout son art en mati\u00e8re d\u2019informatique sur l\u2019ensemble du territoire national.<\/h4>\n<p style=\"text-align: center;\"><img loading=\"lazy\" decoding=\"async\" class=\"\" src=\"http:\/\/montreux-vieux.info\/z_4647\/images\/angeline.jpg\" alt=\"\" width=\"420\" height=\"295\"><\/p>\n<h4 style=\"text-align: center;\">Angeline Batenko<\/h4>\n<h4 style=\"text-align: justify;\">Ang\u00e9lina Batenko, puisqu\u2019il s\u2019agit d\u2019elle \u00e9tait issue d\u2019une famille binationale, son p\u00e8re Mika\u00ebl Batenko \u00e9tait russe immigr\u00e9 entre 1925, 1930 avec ses parents et famille apr\u00e8s l\u2019assassinat de Nicolas II et de ses proches &#8211;&nbsp; Sa maman Lydia Seiboth \u00e9tait allemande et est arriv\u00e9e en France, elle, apr\u00e8s le conflit de 1945.<\/h4>\n<h4 style=\"text-align: justify;\">Ang\u00e9lina d\u2019abord comptable passe a l\u2019informatique et devient, dans cet art de gestion nouveau a l\u2019\u00e9poque ( 1982 \u2013 1983 ) une sommit\u00e9 reconnue par IBM comme \u00ab d\u00e9veloppeur associ\u00e9 \u00bb pour des applications logicielles de gestion et gestion de production complexes \u2013 Ang\u00e9lina, par passion aura un temps assur\u00e9 des cours du soir informatique en IUT pour des cadres d\u2019entreprises en plus de ses journ\u00e9es bien remplies \u2013 Elle avait une \u00e2me russe mais \u00e9tait un bourreau de travail \u00e0 l\u2019 allemande.<\/h4>\n<h4 style=\"text-align: justify;\">Ang\u00e9lina, \u00e9tait un mod\u00e8le d\u2019int\u00e9gration dans notre pays estimant que la France, par l\u2019accueil de sa famille, lui imposait d\u2019\u00eatre redevable a ce pays contrairement au standard observ\u00e9, de plus, elle pratiquait parfaitement les langues de ses origines ( Russe, Allemand mais aussi le dialecte saxon et ma\u00eetrise de l\u2019anglais par n\u00e9cessit\u00e9 informatique ) \u2013 Femme tr\u00e8s accomplie mais aussi mod\u00e8le de modestie.<\/h4>\n<h4 style=\"text-align: justify;\">Chacun a Montreux Vieux, pour l\u2019avoir c\u00f4toy\u00e9, a connu sa bonne humeur, son extr\u00eame courtoisie, son sens associatif et d\u2019organisation par MELI-MELO, sa culture par l\u2019apprentissage de la musique (orgue) son d\u00e9vouement a la paroisse et bien d\u2019autres attentions qui en font une personne qui doit compter.<\/h4>\n<h4 style=\"text-align: justify;\">En 2002, un destin funeste rattrape Ang\u00e9lina qui devient, par un mal irr\u00e9versible, une proie a la douleur, la d\u00e9ch\u00e9ance et une descente aux enfers \u2013 Durant deux ans tout change y compris dans l\u2019absence de ceux l\u00e0 m\u00eame qui se disaient ses amis et le soir du 23 Septembre 2004 \u00e0 21H05 tout s\u2019\u00e9teint.<\/h4>\n<h4 style=\"text-align: justify;\">2004 \u2013 2014, il y a d\u00e9j\u00e0 10 ans, j\u2019esp\u00e8re que certains se souviendront et auront une pens\u00e9e pour elle en cette ann\u00e9e de rep\u00e8re au combien triste, entre autre ; pour la jeune Marie sa fille qui elle, sur les traces de sa maman est restauratrice d\u2019\u0153uvres d\u2019art et fait montre, je crois, d\u2019une volont\u00e9 et application comparable a Ang\u00e9lina c\u2019est \u00e0 dire sans compromissions et beaucoup d\u2019exigences.<\/h4>\n<h4 style=\"text-align: justify;\">Nicolas II et Ang\u00e9lina, par une branche de sa famille, avait quelques liens de parent\u00e9 raison pour laquelle je rapproche ces deux destins en un seul d\u2019autant que dans sa famille paternelle une d\u00e9votion particuli\u00e8re \u00e9tait octroy\u00e9e a ce Tsar par rapport a sa fin tragique \u2013 Tous deux, a un moment auront connu Montreux \u2013 Vieux, ce qui est plus singulier bien qu\u2019un clin d\u2019\u0153il a l\u2019histoire de cette ville qui n\u2019en demandait probablement pas tant.<\/h4>\n","protected":false},"excerpt":{"rendered":"<p>Deux vies en m\u00eame temps que deux destins Le 27 Octobre 1909 le train imp\u00e9rial russe achevant, sans incident,&nbsp; son voyage de retour de voyage officiel en France est arriv\u00e9 ce matin l\u00e0 \u00e0 5H 56 en gare de Belfort &hellip; <a href=\"https:\/\/montreux-vieux.net\/?page_id=5177\">Continuer la lecture <span class=\"meta-nav\">&rarr;<\/span><\/a><\/p>\n","protected":false},"author":1,"featured_media":0,"parent":4091,"menu_order":34,"comment_status":"open","ping_status":"open","template":"","meta":{"footnotes":""},"class_list":["post-5177","page","type-page","status-publish","hentry"],"_links":{"self":[{"href":"https:\/\/montreux-vieux.net\/index.php?rest_route=\/wp\/v2\/pages\/5177","targetHints":{"allow":["GET"]}}],"collection":[{"href":"https:\/\/montreux-vieux.net\/index.php?rest_route=\/wp\/v2\/pages"}],"about":[{"href":"https:\/\/montreux-vieux.net\/index.php?rest_route=\/wp\/v2\/types\/page"}],"author":[{"embeddable":true,"href":"https:\/\/montreux-vieux.net\/index.php?rest_route=\/wp\/v2\/users\/1"}],"replies":[{"embeddable":true,"href":"https:\/\/montreux-vieux.net\/index.php?rest_route=%2Fwp%2Fv2%2Fcomments&post=5177"}],"version-history":[{"count":4,"href":"https:\/\/montreux-vieux.net\/index.php?rest_route=\/wp\/v2\/pages\/5177\/revisions"}],"predecessor-version":[{"id":13578,"href":"https:\/\/montreux-vieux.net\/index.php?rest_route=\/wp\/v2\/pages\/5177\/revisions\/13578"}],"up":[{"embeddable":true,"href":"https:\/\/montreux-vieux.net\/index.php?rest_route=\/wp\/v2\/pages\/4091"}],"wp:attachment":[{"href":"https:\/\/montreux-vieux.net\/index.php?rest_route=%2Fwp%2Fv2%2Fmedia&parent=5177"}],"curies":[{"name":"wp","href":"https:\/\/api.w.org\/{rel}","templated":true}]}}