{"id":5194,"date":"2015-03-04T15:02:16","date_gmt":"2015-03-04T14:02:16","guid":{"rendered":"http:\/\/montreux-vieux.net\/?page_id=5194"},"modified":"2021-10-10T13:18:18","modified_gmt":"2021-10-10T12:18:18","slug":"la-poste-a-montreux-vieux","status":"publish","type":"page","link":"https:\/\/montreux-vieux.net\/?page_id=5194","title":{"rendered":"La Poste \u00e0 Montreux-Vieux"},"content":{"rendered":"<h3 style=\"text-align: center;\">La Poste \u00e0 Montreux-Vieux<\/h3>\n<h4 style=\"text-align: justify;\">Apr\u00e8s 1871, en face de la gare fut \u00e9rig\u00e9 un bureau de poste avec une tourelle, qui \u00e9tait l\u2019aile sud de l\u2019h\u00f4tel de la gare. Ce bureau de poste fut d\u00e9truit par les flammes le 29 septembre 1914. C\u2019est \u00e0 la suite de cet incendie qu\u2019on attribua \u00e0 des espions allemands, Montreux-Vieux ayant \u00e9t\u00e9 lib\u00e9r\u00e9 d\u00e8s le 7 Ao\u00fbt 1914 par l\u2019arm\u00e9e fran\u00e7aise, que pour \u00e9carter au maximum le danger de sabotage, il fut question pour la premi\u00e8re fois d\u2019expulser les femmes d\u2019origine allemande.<\/h4>\n<h4 style=\"text-align: justify;\">La Poste a \u00e9t\u00e9 d\u00e9plac\u00e9e dans la maison Dietrich ci-dessus puis&nbsp;&nbsp;transf\u00e9r\u00e9e dans la Grand&rsquo;Rue &nbsp;chez M.et Mme Ponitzil&nbsp;La maison Ponizil est la premi\u00e8re \u00e0 gauche de la photo mais on ne distingue qu&rsquo;une partie.<\/h4>\n<h4 style=\"text-align: justify;\">Enfin Rue des Vosges en face de la maison des Associations puis&nbsp;&nbsp;\u00e0 la mairie en tant qu&rsquo;Agence Postale<\/h4>\n<p style=\"text-align: center;\"><a href=\"http:\/\/montreux-vieux.net\/montreux-vieux.net\/wp-content\/uploads\/2015\/03\/ScreenShot404.jpg\" target=\"_blank\" rel=\"noopener\"><img loading=\"lazy\" decoding=\"async\" class=\"aligncenter wp-image-5221 size-full\" src=\"http:\/\/montreux-vieux.net\/montreux-vieux.net\/wp-content\/uploads\/2015\/03\/ScreenShot404.jpg\" alt=\"La Poste de Montreux-Vieux\" width=\"750\" height=\"569\" srcset=\"https:\/\/montreux-vieux.net\/montreux-vieux.net\/wp-content\/uploads\/2015\/03\/ScreenShot404.jpg 750w, https:\/\/montreux-vieux.net\/montreux-vieux.net\/wp-content\/uploads\/2015\/03\/ScreenShot404-300x228.jpg 300w, https:\/\/montreux-vieux.net\/montreux-vieux.net\/wp-content\/uploads\/2015\/03\/ScreenShot404-600x455.jpg 600w\" sizes=\"auto, (max-width: 750px) 100vw, 750px\" \/><\/a><\/p>\n<h4 style=\"text-align: center;\">Les diff\u00e9rents b\u00e2timents ayant ou abritant la Poste de Montreux-Vieux<\/h4>\n\n\n<p>P.M. :<\/p>\n\n\n\n<p><a href=\"https:\/\/www.facebook.com\/groups\/186739191349503\/user\/100069689865230\/?__cft__[0]=AZWduBW8BM-WUV8PHjhHyrUK6Slv6x96IXVJKkxI3Rn5VxlcidAHer_Sla_dhAJnGuU1fMoHwwZx2nV4etm6viSWS79akBmLwL7Mn33dntZvPpQUrKwe9wZiMXgdX0C6KyPDBzmZ-keOhyPF7RATceCjaa5QanHzSDk3jwEALaGZU4oCnaGmaaMCA-yM9al2644&amp;__tn__=R]-R\">Daniel Lougnot<\/a>Le service postal fut r\u00e9tabli \u00e0 Dannemarie le 11 f\u00e9vrier 1915 en m\u00eame temps qu&rsquo;\u00e0 Moosch, Wesserling, Thann et St Amarin. Un bureau fut ouvert \u00e0 Montreux-Vieux le 1er d\u00e9cembre 1916. Voici les cachets correspondant \u00e0 ces premiers jours de fonctionnement. La poste ne retrouva un fonctionnement \u00ab\u00a0normal\u00a0\u00bb \u00e0 Montreux-Vieux qu&rsquo;\u00e0 la fin de l&rsquo;ann\u00e9e 1920.<\/p>\n\n\n\n<figure class=\"wp-block-image\"><a href=\"https:\/\/www.facebook.com\/photo.php?fbid=157589296574065&amp;set=p.157589296574065&amp;type=3&amp;__cft__[0]=AZWduBW8BM-WUV8PHjhHyrUK6Slv6x96IXVJKkxI3Rn5VxlcidAHer_Sla_dhAJnGuU1fMoHwwZx2nV4etm6viSWS79akBmLwL7Mn33dntZvPpQUrKwe9wZiMXgdX0C6KyPDBzmZ-keOhyPF7RATceCjaa5QanHzSDk3jwEALaGZU4oCnaGmaaMCA-yM9al2644&amp;__tn__=R]-R\"><img decoding=\"async\" src=\"https:\/\/scontent-frt3-1.xx.fbcdn.net\/v\/t39.30808-6\/s261x260\/245093510_157589286574066_75008595263432690_n.jpg?_nc_cat=106&amp;_nc_rgb565=1&amp;ccb=1-5&amp;_nc_sid=dbeb18&amp;_nc_ohc=SDbIzjdgIokAX-_xeFN&amp;_nc_ht=scontent-frt3-1.xx&amp;oh=1bf72a1288b9a75d55a9ce2ebe637f5d&amp;oe=6168B36E\" alt=\"Aucune description de photo disponible.\"\/><\/a><\/figure>\n\n\n\n<p><\/p>\n","protected":false},"excerpt":{"rendered":"<p>La Poste \u00e0 Montreux-Vieux Apr\u00e8s 1871, en face de la gare fut \u00e9rig\u00e9 un bureau de poste avec une tourelle, qui \u00e9tait l\u2019aile sud de l\u2019h\u00f4tel de la gare. Ce bureau de poste fut d\u00e9truit par les flammes le 29 &hellip; <a href=\"https:\/\/montreux-vieux.net\/?page_id=5194\">Continuer la lecture <span class=\"meta-nav\">&rarr;<\/span><\/a><\/p>\n","protected":false},"author":1,"featured_media":0,"parent":13036,"menu_order":28,"comment_status":"open","ping_status":"open","template":"","meta":{"footnotes":""},"class_list":["post-5194","page","type-page","status-publish","hentry"],"_links":{"self":[{"href":"https:\/\/montreux-vieux.net\/index.php?rest_route=\/wp\/v2\/pages\/5194","targetHints":{"allow":["GET"]}}],"collection":[{"href":"https:\/\/montreux-vieux.net\/index.php?rest_route=\/wp\/v2\/pages"}],"about":[{"href":"https:\/\/montreux-vieux.net\/index.php?rest_route=\/wp\/v2\/types\/page"}],"author":[{"embeddable":true,"href":"https:\/\/montreux-vieux.net\/index.php?rest_route=\/wp\/v2\/users\/1"}],"replies":[{"embeddable":true,"href":"https:\/\/montreux-vieux.net\/index.php?rest_route=%2Fwp%2Fv2%2Fcomments&post=5194"}],"version-history":[{"count":24,"href":"https:\/\/montreux-vieux.net\/index.php?rest_route=\/wp\/v2\/pages\/5194\/revisions"}],"predecessor-version":[{"id":23981,"href":"https:\/\/montreux-vieux.net\/index.php?rest_route=\/wp\/v2\/pages\/5194\/revisions\/23981"}],"up":[{"embeddable":true,"href":"https:\/\/montreux-vieux.net\/index.php?rest_route=\/wp\/v2\/pages\/13036"}],"wp:attachment":[{"href":"https:\/\/montreux-vieux.net\/index.php?rest_route=%2Fwp%2Fv2%2Fmedia&parent=5194"}],"curies":[{"name":"wp","href":"https:\/\/api.w.org\/{rel}","templated":true}]}}