{"id":5441,"date":"2015-04-16T09:29:46","date_gmt":"2015-04-16T08:29:46","guid":{"rendered":"http:\/\/montreux-vieux.net\/?page_id=5441"},"modified":"2019-02-02T10:32:45","modified_gmt":"2019-02-02T09:32:45","slug":"montreux-vieux-altmunsterol-vers-1875","status":"publish","type":"page","link":"https:\/\/montreux-vieux.net\/?page_id=5441","title":{"rendered":"Montreux-Vieux (Altm\u00fcnsterol) vers 1875"},"content":{"rendered":"<h3 style=\"text-align: center;\">Montreux-Vieux (Altm\u00fcnsterol) vers 1875<\/h3>\n<p style=\"text-align: center;\"><a href=\"http:\/\/montreux-vieux.net\/montreux-vieux.net\/wp-content\/uploads\/2015\/04\/ScreenShot440.jpg\" target=\"_blank\"><img loading=\"lazy\" decoding=\"async\" class=\"aligncenter wp-image-5429 size-thumbnail\" src=\"http:\/\/montreux-vieux.net\/montreux-vieux.net\/wp-content\/uploads\/2015\/04\/ScreenShot440-150x150.jpg\" alt=\"Laible Entreprneur de transport \u00e0 Montreux-Vieux\" width=\"150\" height=\"150\"><\/a><\/p>\n<h4 style=\"text-align: justify;\">Vers 1875 Montreux-Vieux alors Altm\u00fcnsterol a pris un essor tr\u00e8s important. De 222 habitants en 1870 son nombre a plus que doubl\u00e9 en 4 ans pour s\u2019\u00e9lever \u00e0 1000 habitants en 1911.<\/h4>\n<h4 style=\"text-align: justify;\">En 1875, il y avait alors : 70 maisons habit\u00e9es, 423 catholiques, 116 protestants, 6 juifs soit au total 545 habitants.<\/h4>\n<h4 style=\"text-align: justify;\">Le maire se nommait Gevrier, l\u2019instituteur, Wirthe, le pr\u00eatre Dossmann. Il y avait 5 restaurants avec chambres d\u2019h\u00f4tes, une boucherie, 2 boulangeries, 5 \u00e9piceries, 1 ma\u00e7on, 2 menuisiers, 1 cordonnier, 1 ferblantier, 1 tailleur, 1 marchand de tissus et 1 transporteur, Laible.<\/h4>\n","protected":false},"excerpt":{"rendered":"<p>Montreux-Vieux (Altm\u00fcnsterol) vers 1875 Vers 1875 Montreux-Vieux alors Altm\u00fcnsterol a pris un essor tr\u00e8s important. De 222 habitants en 1870 son nombre a plus que doubl\u00e9 en 4 ans pour s\u2019\u00e9lever \u00e0 1000 habitants en 1911. En 1875, il y &hellip; <a href=\"https:\/\/montreux-vieux.net\/?page_id=5441\">Continuer la lecture <span class=\"meta-nav\">&rarr;<\/span><\/a><\/p>\n","protected":false},"author":1,"featured_media":0,"parent":13034,"menu_order":100,"comment_status":"open","ping_status":"open","template":"","meta":{"footnotes":""},"class_list":["post-5441","page","type-page","status-publish","hentry"],"_links":{"self":[{"href":"https:\/\/montreux-vieux.net\/index.php?rest_route=\/wp\/v2\/pages\/5441","targetHints":{"allow":["GET"]}}],"collection":[{"href":"https:\/\/montreux-vieux.net\/index.php?rest_route=\/wp\/v2\/pages"}],"about":[{"href":"https:\/\/montreux-vieux.net\/index.php?rest_route=\/wp\/v2\/types\/page"}],"author":[{"embeddable":true,"href":"https:\/\/montreux-vieux.net\/index.php?rest_route=\/wp\/v2\/users\/1"}],"replies":[{"embeddable":true,"href":"https:\/\/montreux-vieux.net\/index.php?rest_route=%2Fwp%2Fv2%2Fcomments&post=5441"}],"version-history":[{"count":3,"href":"https:\/\/montreux-vieux.net\/index.php?rest_route=\/wp\/v2\/pages\/5441\/revisions"}],"predecessor-version":[{"id":13109,"href":"https:\/\/montreux-vieux.net\/index.php?rest_route=\/wp\/v2\/pages\/5441\/revisions\/13109"}],"up":[{"embeddable":true,"href":"https:\/\/montreux-vieux.net\/index.php?rest_route=\/wp\/v2\/pages\/13034"}],"wp:attachment":[{"href":"https:\/\/montreux-vieux.net\/index.php?rest_route=%2Fwp%2Fv2%2Fmedia&parent=5441"}],"curies":[{"name":"wp","href":"https:\/\/api.w.org\/{rel}","templated":true}]}}