{"id":5467,"date":"2015-04-20T15:29:07","date_gmt":"2015-04-20T14:29:07","guid":{"rendered":"http:\/\/montreux-vieux.net\/?page_id=5467"},"modified":"2019-02-02T10:37:18","modified_gmt":"2019-02-02T09:37:18","slug":"lancienne-eglise-catholique-navait-que-112-ans","status":"publish","type":"page","link":"https:\/\/montreux-vieux.net\/?page_id=5467","title":{"rendered":"L&rsquo;ancienne \u00e9glise catholique n&rsquo;avait que  112 ans."},"content":{"rendered":"<h3 style=\"text-align: center;\">L&rsquo;ancienne \u00e9glise catholique n&rsquo;avait que &nbsp;112 ans.<\/h3>\n<h4 style=\"text-align: center;\"><a href=\"http:\/\/montreux-vieux.net\/montreux-vieux.net\/wp-content\/uploads\/2015\/02\/0000.jpg\" target=\"_blank\"><img loading=\"lazy\" decoding=\"async\" class=\"aligncenter wp-image-4974 size-medium\" src=\"http:\/\/montreux-vieux.net\/montreux-vieux.net\/wp-content\/uploads\/2015\/02\/0000-300x225.jpg\" alt=\"L'ancienne \u00e9glise de Montreux-Vieux\" width=\"300\" height=\"225\" srcset=\"https:\/\/montreux-vieux.net\/montreux-vieux.net\/wp-content\/uploads\/2015\/02\/0000-300x225.jpg 300w, https:\/\/montreux-vieux.net\/montreux-vieux.net\/wp-content\/uploads\/2015\/02\/0000-1024x768.jpg 1024w, https:\/\/montreux-vieux.net\/montreux-vieux.net\/wp-content\/uploads\/2015\/02\/0000-600x450.jpg 600w\" sizes=\"auto, (max-width: 300px) 100vw, 300px\" \/><\/a><\/h4>\n<h4 style=\"text-align: justify;\">L\u2019ancienne \u00e9glise catholique de Montreux-Vieux n\u2019avait que 112 ans lorsqu\u2019elle a \u00e9t\u00e9 d\u00e9molie. Construite \u00e0 partir de 1782 entre la maison de Monsieur Th\u00e9ophile Huggenberger (actuellement Guy Lambert) qui n\u2019est que l\u2019ancien presbyt\u00e8re &nbsp;et le cimeti\u00e8re rue de Belfort. Pour sa construction il a fallut une autorisation sp\u00e9ciale \u00e0 un abattage d\u2019arbres dans les for\u00eats environnantes pour le paiement de l\u2019\u00e9difice.<\/h4>\n<h4 style=\"text-align: justify;\">Cette \u00e9glise avait 45 pieds de long, 28 de large et 18 de haut. Au pourtour du plafond il y avait une imp\u00e9riale gypse de 15 pouces de haut et 2 pieds de large. L\u2019adjudication des travaux eut lieu le 30 Juillet 1781 et \u00e0 l\u2019extinction des feux ce fut M. Georges Vickert, entrepreneur de Retzwiller qui avait la mise pour 3.915 livres.<\/h4>\n<h4 style=\"text-align: justify;\">Les mat\u00e9riaux de construction (pierre etc..) provenaient de P\u00e9rouse et Saint Germain (90) et les dalles d\u2019Offemont. (90).<\/h4>\n<h4 style=\"text-align: justify;\">Le mur du cimeti\u00e8re fut en m\u00eame temps reconstruit et les plans dress\u00e9s par l\u2019architecte Kleber, inspecteur des travaux publics du Haut-Rhin qui devait devenir plus tard le c\u00e9l\u00e8bre g\u00e9n\u00e9ral de Napol\u00e9on. Elle fut achev\u00e9e en 1787 soit une dur\u00e9e de construction d\u2019environ 5 ans et inaugur\u00e9e le 20 mai 1787 avec la permission de l\u2019archev\u00eaque de Besan\u00e7on, par Pierre Noblat, cur\u00e9 de Lucelle, desservant la paroisse. Dans le m\u00eame temps a eu lieu le bapt\u00eame des cloches.&nbsp; Les parrains et marraines de la grosse cloche \u00e9taient Louis Cuenin et Agathe P\u00e9tri de Delle Pour la petite cloche J.P. Patat&nbsp; et Anne Pr\u00e9vost. Les 4 cloches \u00e9taient \u00e2g\u00e9es de 300 ans. L\u2019\u00e9glise fut d\u00e9molie&nbsp;le 21 juin&nbsp; 1899.<\/h4>\n<h4 style=\"text-align: justify;\">Un projet de construction d\u2019une nouvelle \u00e9glise a vu le jour quelques ann\u00e9es avant sa d\u00e9molition sous l\u2019impulsion de Cur\u00e9 Triponney. C\u2019est ainsi que lors de&nbsp; sa s\u00e9ance du conseil municipal du 25 mars 1897 alors pr\u00e9sid\u00e9 par le maire Laible, l\u2019assembl\u00e9e a approuv\u00e9 l\u2019achat du terrain de construction de la nouvelle \u00e9glise situ\u00e9 \u00e0 l\u2019emplacement de la propri\u00e9t\u00e9 &nbsp;de l\u2019ancien &nbsp;cordonnier du village,&nbsp; C\u00e9lestin Eichinger, &nbsp;pr\u00e8s de la bascule (pont-bascule). Le prix d\u2019achat s\u2019\u00e9levait \u00e0 4&nbsp;020 mark plus les frais notari\u00e9s de 798,40 mark.<\/h4>\n<h4 style=\"text-align: justify;\">Le 25 mai 1897 \u00e0 13 heures une procession \u00e0 eu lieu de l\u2019ancienne \u00e9glise \u00e0 l\u2019emplacement de la nouvelle.<\/h4>\n","protected":false},"excerpt":{"rendered":"<p>L&rsquo;ancienne \u00e9glise catholique n&rsquo;avait que &nbsp;112 ans. L\u2019ancienne \u00e9glise catholique de Montreux-Vieux n\u2019avait que 112 ans lorsqu\u2019elle a \u00e9t\u00e9 d\u00e9molie. Construite \u00e0 partir de 1782 entre la maison de Monsieur Th\u00e9ophile Huggenberger (actuellement Guy Lambert) qui n\u2019est que l\u2019ancien presbyt\u00e8re &hellip; <a href=\"https:\/\/montreux-vieux.net\/?page_id=5467\">Continuer la lecture <span class=\"meta-nav\">&rarr;<\/span><\/a><\/p>\n","protected":false},"author":1,"featured_media":0,"parent":12667,"menu_order":10,"comment_status":"open","ping_status":"open","template":"","meta":{"footnotes":""},"class_list":["post-5467","page","type-page","status-publish","hentry"],"_links":{"self":[{"href":"https:\/\/montreux-vieux.net\/index.php?rest_route=\/wp\/v2\/pages\/5467","targetHints":{"allow":["GET"]}}],"collection":[{"href":"https:\/\/montreux-vieux.net\/index.php?rest_route=\/wp\/v2\/pages"}],"about":[{"href":"https:\/\/montreux-vieux.net\/index.php?rest_route=\/wp\/v2\/types\/page"}],"author":[{"embeddable":true,"href":"https:\/\/montreux-vieux.net\/index.php?rest_route=\/wp\/v2\/users\/1"}],"replies":[{"embeddable":true,"href":"https:\/\/montreux-vieux.net\/index.php?rest_route=%2Fwp%2Fv2%2Fcomments&post=5467"}],"version-history":[{"count":3,"href":"https:\/\/montreux-vieux.net\/index.php?rest_route=\/wp\/v2\/pages\/5467\/revisions"}],"predecessor-version":[{"id":12752,"href":"https:\/\/montreux-vieux.net\/index.php?rest_route=\/wp\/v2\/pages\/5467\/revisions\/12752"}],"up":[{"embeddable":true,"href":"https:\/\/montreux-vieux.net\/index.php?rest_route=\/wp\/v2\/pages\/12667"}],"wp:attachment":[{"href":"https:\/\/montreux-vieux.net\/index.php?rest_route=%2Fwp%2Fv2%2Fmedia&parent=5467"}],"curies":[{"name":"wp","href":"https:\/\/api.w.org\/{rel}","templated":true}]}}