{"id":6299,"date":"2015-11-09T14:32:06","date_gmt":"2015-11-09T13:32:06","guid":{"rendered":"http:\/\/montreux-vieux.net\/?page_id=6299"},"modified":"2024-12-16T16:44:43","modified_gmt":"2024-12-16T15:44:43","slug":"le-capitaine-joseph-schlicklin","status":"publish","type":"page","link":"https:\/\/montreux-vieux.net\/?page_id=6299","title":{"rendered":"Le Capitaine Joseph Schlicklin"},"content":{"rendered":"<h3 style=\"text-align: center;\">Le Capitaine \u00a0Joseph Schlicklin<\/h3>\n<div id=\"attachment_6286\" style=\"width: 235px\" class=\"wp-caption aligncenter\"><a href=\"http:\/\/montreux-vieux.net\/montreux-vieux.net\/wp-content\/uploads\/2015\/11\/ScreenShot711.jpg\" target=\"_blank\" rel=\"noopener\"><img loading=\"lazy\" decoding=\"async\" aria-describedby=\"caption-attachment-6286\" class=\"wp-image-6286 size-medium\" src=\"http:\/\/montreux-vieux.net\/montreux-vieux.net\/wp-content\/uploads\/2015\/11\/ScreenShot711-225x300.jpg\" alt=\"\" width=\"225\" height=\"300\" srcset=\"https:\/\/montreux-vieux.net\/montreux-vieux.net\/wp-content\/uploads\/2015\/11\/ScreenShot711-225x300.jpg 225w, https:\/\/montreux-vieux.net\/montreux-vieux.net\/wp-content\/uploads\/2015\/11\/ScreenShot711.jpg 314w\" sizes=\"auto, (max-width: 225px) 100vw, 225px\" \/><\/a><p id=\"caption-attachment-6286\" class=\"wp-caption-text\">Le Capitaine Joseph Schlicklin<\/p><\/div>\n<h4 style=\"text-align: justify;\">Le 17 d\u00e9cembre prochain il y aura 70 ans que Montreux-Vieux perdait le capitaine Joseph Schlicklin assassin\u00e9 en 1954 dans la r\u00e9gion de Saigon. Il avait 47 ans, il \u00e9tait l\u2019\u00e9poux de Marie Louise Valentin. Ils se sont t mari\u00e9s \u00e0 Nancy le 7 novembre 1931.<\/h4>\n<h4 style=\"text-align: justify;\">Joseph Schlicklin, promu capitaine en 1949 est n\u00e9 le 15 novembre 1907 \u00e0 Montreux-Jeune. Il avait derri\u00e8re lui une brillante carri\u00e8re militaire. Il \u00e9tait chevalier de la L\u00e9gion d\u2019Honneur et fut l\u2019un des premiers compagnons du G\u00e9n\u00e9ral De Gaulle \u00e0 Londres et l\u2019un des h\u00e9ros l\u00e9gendaires de Bir-Hackeim.<\/h4>\n<div id=\"attachment_6288\" style=\"width: 256px\" class=\"wp-caption aligncenter\"><a href=\"http:\/\/montreux-vieux.net\/montreux-vieux.net\/wp-content\/uploads\/2015\/11\/ScreenShot712.jpg\" target=\"_blank\" rel=\"noopener\"><img loading=\"lazy\" decoding=\"async\" aria-describedby=\"caption-attachment-6288\" class=\"wp-image-6288 size-medium\" src=\"http:\/\/montreux-vieux.net\/montreux-vieux.net\/wp-content\/uploads\/2015\/11\/ScreenShot712-246x300.jpg\" alt=\"Les d\u00e9corations du Capitaine Joseph Schlicklin\" width=\"246\" height=\"300\" srcset=\"https:\/\/montreux-vieux.net\/montreux-vieux.net\/wp-content\/uploads\/2015\/11\/ScreenShot712-246x300.jpg 246w, https:\/\/montreux-vieux.net\/montreux-vieux.net\/wp-content\/uploads\/2015\/11\/ScreenShot712.jpg 379w\" sizes=\"auto, (max-width: 246px) 100vw, 246px\" \/><\/a><p id=\"caption-attachment-6288\" class=\"wp-caption-text\">Les d\u00e9corations du Capitaine Joseph Schlicklin<\/p><\/div>\n<p>Les d\u00e9corations du Capitaine Joseph Schlicklin<\/p>\n<h4 style=\"text-align: justify;\">Lieutenant dans la L\u00e9gion \u00e9trang\u00e8re, lors du d\u00e9clenchement des hostilit\u00e9s, en 1940 il participa \u00e0 de nombreux combats, aussi sa poitrine \u00e9tait-elle couverte de d\u00e9corations, toutes gagn\u00e9es au feu. Citons entre autres\u00a0: la Croix de Guerre 1939-1945 avec deux citations, la M\u00e9daille de la Resistance, la Croix du Combattant, la M\u00e9daille Coloniale, la M\u00e9daille Comm\u00e9morative Fran\u00e7aise, la M\u00e9daille des Bless\u00e9s, la M\u00e9daille de la Lib\u00e9ration Norv\u00e9gienne, la M\u00e9daille Comm\u00e9morative de Narvick et il \u00e9tait aussi officier du Nicham Iftikar.<\/h4>\n<h4 style=\"text-align: justify;\">En avril 1940, Joseph Schlicklin est \u00e0 Narvick (Norv\u00e8ge). Puis de l\u00e0, il rejoint l\u2019Ecosse pour revenir se battre en Bretagne. Apr\u00e8s l\u2019appel historique du G\u00e9n\u00e9ral De Gaulle le 18 juin 1940, il traverse la Manche avec ses L\u00e9gionnaires pour se rendre \u00e0 Londres dans le but de se mettre\u00a0 au service de la France libre.<\/h4>\n<h4 style=\"text-align: justify;\">D\u00e8s septembre 1940 on le retrouve devant Dakar, en compagnie de l\u2019Amiral d\u2019Argenlieu, puis de l\u00e0, il est envoy\u00e9 au Gabon. Au printemps 1941, il participe \u00e0 la campagne d\u2019Erythr\u00e9e puis \u00e0 la campagne de Syrie. Un an plus tard, il se bat \u00e0 nouveau en Cyr\u00e9na\u00efque (province d\u2019Afrique du Nord) en compagnie du g\u00e9n\u00e9ral Koenig, prend part \u00e0 la bataille d\u2019El Alamein en Lybie et \u00e0 celle de Bir-Hackeim. De l\u00e0 il est envoy\u00e9 en Tunisie en mai 1943, il participe ensuite au d\u00e9barquement d\u2019Italie puis au d\u00e9barquement de Saint-Tropez le 15 ao\u00fbt 1944. Apr\u00e8s 4 ann\u00e9es de luttes continuelles, il retrouvait enfin sa patrie. De repos, il veut participer \u00e0 la campagne d\u2019Alsace, \u00e0 la lib\u00e9ration de la province qui l\u2019a vu na\u00eetre. C\u2019est ainsi qu\u2019en novembre 1944 il participe \u00e0 la lib\u00e9ration de Belfort. De l\u00e0 il part sur le front des Alpes ou il est bless\u00e9 par l\u2019explosion d\u2019une mine en 1945. Le jour de l\u2019Armistice il est en convalescence dans ses foyers. Tous ces divers champs de bataille lui donnait l\u2019occasion de se distinguer en sa bravoure le fait vivement appr\u00e9ci\u00e9 de ses chefs qui lui d\u00e9cernent de multiples citations (citation \u00e0 l\u2019ordre de l\u2019Arm\u00e9e, citation \u00e0 l\u2019ordre de la division \u2026) C\u2019est en 1948 qu\u2019il a \u00e9t\u00e9 nomm\u00e9 Chevalier de la L\u00e9gion d\u2019Honneur pour services exceptionnels de guerre. Apr\u00e8s la guerre il est envoy\u00e9 en occupation en Allemagne, \u00e0 Fribourg, et c\u2019est l\u00e0 qu\u2019il se voit nommer Capitaine le 1<sup>er<\/sup> octobre 1949.<\/h4>\n<h4 style=\"text-align: justify;\">En 1953, la Capitaine Schlicklin a d\u00e9cid\u00e9 de partir pour un nouveau th\u00e9\u00e2tre d\u2019op\u00e9rations, en Indochine. Affect\u00e9 comme officier-adjoint \u00a0au gouverneur dans une province de Cochinchine il a accueilli avec joie la fin des hostilit\u00e9s et le calme revenu. C\u2019est alors qu\u2019apr\u00e8s l\u2019Armistice, il se vit nommer au poste de Trang Bang, pr\u00e8s de Saigon, ou il faisait les fonctions de commandant, il figurait au tableau d\u2019avancement pour ce grade et venait d\u2019\u00eatre propos\u00e9 \u00e0 l\u2019Etoile Noire du Bernis, haute distinction honorifique du Sud-Vietnam. .Alors qu\u2019il comptait revenir en France pour terminer, dans le calme, sa brillante et exceptionnelle carri\u00e8re militaire, le sort en a d\u00e9cid\u00e9 autrement.<\/h4>\n<div id=\"attachment_6292\" style=\"width: 310px\" class=\"wp-caption aligncenter\"><a href=\"http:\/\/montreux-vieux.net\/montreux-vieux.net\/wp-content\/uploads\/2015\/11\/ScreenShot718.jpg\" target=\"_blank\" rel=\"noopener\"><img loading=\"lazy\" decoding=\"async\" aria-describedby=\"caption-attachment-6292\" class=\"wp-image-6292 size-medium\" src=\"http:\/\/montreux-vieux.net\/montreux-vieux.net\/wp-content\/uploads\/2015\/11\/ScreenShot718-300x219.jpg\" alt=\"Obs\u00e8ques des Capitaines Joseph Schlicklin et Jacques Chanteloz le 27 d\u00e9cembre1954 \u00e0 Saigon. Le G\u00e9n\u00e9ral Le Van Thy \u00e9pingle l'Ordre National sur le cercueil du Capitaine Schlicklin\" width=\"300\" height=\"219\" srcset=\"https:\/\/montreux-vieux.net\/montreux-vieux.net\/wp-content\/uploads\/2015\/11\/ScreenShot718-300x219.jpg 300w, https:\/\/montreux-vieux.net\/montreux-vieux.net\/wp-content\/uploads\/2015\/11\/ScreenShot718.jpg 545w\" sizes=\"auto, (max-width: 300px) 100vw, 300px\" \/><\/a><p id=\"caption-attachment-6292\" class=\"wp-caption-text\">Obs\u00e8ques des Capitaines Joseph Schlicklin et Jacques Chanteloz le 27 d\u00e9cembre1954 \u00e0 Saigon.<br \/>Le G\u00e9n\u00e9ral Le Van Thy \u00e9pingle l&rsquo;Ordre National sur le cercueil du Capitaine Schlicklin<\/p><\/div>\n<p>Obs\u00e8ques des Capitaines Joseph Schlicklin et Jacques Chanteloz le 27 d\u00e9cembre1954 \u00e0 Saigon.<br \/>\nLe G\u00e9n\u00e9ral Le Van Thy \u00e9pingle l&rsquo;Ordre National sur le cercueil du Capitaine Schlicklin<\/p>\n<h4 style=\"text-align: justify;\">En effet en 1954 la Capitaine Schlicklin est tomb\u00e9 en embuscade pr\u00e8s de Tay-Ninh \u00e0 60 km au nord-ouest de Saigon. Avec un autre Officier et\u00a0 son chauffeur, le capitaine meurt\u00a0 alors tragiquement sur une route d\u2019Indochine \u00e0 l\u2019\u00e2ge de 47 ans. Ce n\u2019est que me 07 juin 1955, six mois plus tard, qu\u2019un camion du Minist\u00e8re des Anciens Combattants et Victimes de Guerre d\u00e9posait le corps du Capitaine dans son village natal. Il fut inhum\u00e9 le lendemain, le 08 juin 1955.<\/h4>\n<div id=\"attachment_6294\" style=\"width: 310px\" class=\"wp-caption aligncenter\"><a href=\"http:\/\/montreux-vieux.net\/montreux-vieux.net\/wp-content\/uploads\/2015\/11\/ScreenShot715.jpg\" target=\"_blank\" rel=\"noopener\"><img loading=\"lazy\" decoding=\"async\" aria-describedby=\"caption-attachment-6294\" class=\"wp-image-6294 size-medium\" src=\"http:\/\/montreux-vieux.net\/montreux-vieux.net\/wp-content\/uploads\/2015\/11\/ScreenShot715-300x229.jpg\" alt=\"Les obs\u00e8ques du Capitaine Joseph Schlicklin \u00e0 Montreux-Jeune.\" width=\"300\" height=\"229\" srcset=\"https:\/\/montreux-vieux.net\/montreux-vieux.net\/wp-content\/uploads\/2015\/11\/ScreenShot715-300x229.jpg 300w, https:\/\/montreux-vieux.net\/montreux-vieux.net\/wp-content\/uploads\/2015\/11\/ScreenShot715-600x458.jpg 600w, https:\/\/montreux-vieux.net\/montreux-vieux.net\/wp-content\/uploads\/2015\/11\/ScreenShot715.jpg 780w\" sizes=\"auto, (max-width: 300px) 100vw, 300px\" \/><\/a><p id=\"caption-attachment-6294\" class=\"wp-caption-text\">Les obs\u00e8ques du Capitaine Joseph Schlicklin \u00e0 Montreux-Jeune.<\/p><\/div>\n<h4 style=\"text-align: justify;\">En 2013, la commune de Montreux-Jeune a d\u00e9voil\u00e9 un panneau de rue portant le nom du Capitaine Joseph Schlicklin.<\/h4>\n<div id=\"attachment_6296\" style=\"width: 310px\" class=\"wp-caption aligncenter\"><a href=\"http:\/\/montreux-vieux.net\/montreux-vieux.net\/wp-content\/uploads\/2015\/11\/ScreenShot713.jpg\" target=\"_blank\" rel=\"noopener\"><img loading=\"lazy\" decoding=\"async\" aria-describedby=\"caption-attachment-6296\" class=\"wp-image-6296 size-medium\" src=\"http:\/\/montreux-vieux.net\/montreux-vieux.net\/wp-content\/uploads\/2015\/11\/ScreenShot713-300x216.jpg\" alt=\"La plaque comm\u00e9morative offerte par la commune de Montreux-Jeune\" width=\"300\" height=\"216\" srcset=\"https:\/\/montreux-vieux.net\/montreux-vieux.net\/wp-content\/uploads\/2015\/11\/ScreenShot713-300x216.jpg 300w, https:\/\/montreux-vieux.net\/montreux-vieux.net\/wp-content\/uploads\/2015\/11\/ScreenShot713-600x433.jpg 600w, https:\/\/montreux-vieux.net\/montreux-vieux.net\/wp-content\/uploads\/2015\/11\/ScreenShot713.jpg 631w\" sizes=\"auto, (max-width: 300px) 100vw, 300px\" \/><\/a><p id=\"caption-attachment-6296\" class=\"wp-caption-text\">La plaque comm\u00e9morative offerte par la commune de Montreux-Jeune<\/p><\/div>\n","protected":false},"excerpt":{"rendered":"<p>Le Capitaine \u00a0Joseph Schlicklin Le 17 d\u00e9cembre prochain il y aura 70 ans que Montreux-Vieux perdait le capitaine Joseph Schlicklin assassin\u00e9 en 1954 dans la r\u00e9gion de Saigon. Il avait 47 ans, il \u00e9tait l\u2019\u00e9poux de Marie Louise Valentin. Ils &hellip; <a href=\"https:\/\/montreux-vieux.net\/?page_id=6299\">Continuer la lecture <span class=\"meta-nav\">&rarr;<\/span><\/a><\/p>\n","protected":false},"author":1,"featured_media":0,"parent":12986,"menu_order":2,"comment_status":"closed","ping_status":"open","template":"","meta":{"footnotes":""},"class_list":["post-6299","page","type-page","status-publish","hentry"],"_links":{"self":[{"href":"https:\/\/montreux-vieux.net\/index.php?rest_route=\/wp\/v2\/pages\/6299","targetHints":{"allow":["GET"]}}],"collection":[{"href":"https:\/\/montreux-vieux.net\/index.php?rest_route=\/wp\/v2\/pages"}],"about":[{"href":"https:\/\/montreux-vieux.net\/index.php?rest_route=\/wp\/v2\/types\/page"}],"author":[{"embeddable":true,"href":"https:\/\/montreux-vieux.net\/index.php?rest_route=\/wp\/v2\/users\/1"}],"replies":[{"embeddable":true,"href":"https:\/\/montreux-vieux.net\/index.php?rest_route=%2Fwp%2Fv2%2Fcomments&post=6299"}],"version-history":[{"count":7,"href":"https:\/\/montreux-vieux.net\/index.php?rest_route=\/wp\/v2\/pages\/6299\/revisions"}],"predecessor-version":[{"id":26694,"href":"https:\/\/montreux-vieux.net\/index.php?rest_route=\/wp\/v2\/pages\/6299\/revisions\/26694"}],"up":[{"embeddable":true,"href":"https:\/\/montreux-vieux.net\/index.php?rest_route=\/wp\/v2\/pages\/12986"}],"wp:attachment":[{"href":"https:\/\/montreux-vieux.net\/index.php?rest_route=%2Fwp%2Fv2%2Fmedia&parent=6299"}],"curies":[{"name":"wp","href":"https:\/\/api.w.org\/{rel}","templated":true}]}}