{"id":6324,"date":"2015-11-13T12:33:42","date_gmt":"2015-11-13T11:33:42","guid":{"rendered":"http:\/\/montreux-vieux.net\/?page_id=6324"},"modified":"2015-11-13T12:36:29","modified_gmt":"2015-11-13T11:36:29","slug":"a-ma-soeur","status":"publish","type":"page","link":"https:\/\/montreux-vieux.net\/?page_id=6324","title":{"rendered":"A ma soeur"},"content":{"rendered":"<h4 style=\"text-align: justify;\">A ma soeur,<\/h4>\n<h4 style=\"text-align: justify;\">J\u2019ai froid, si froid, malgr\u00e9 cette couverture qui m\u2019entoure de ces bras doux<br \/>\nAssise ici, je contemple, ce soleil magnifique qui pourtant me glace le sang<br \/>\nLes feuilles ont entrepris leur danse, au son des cloches de l\u2019\u00e9glise, qui me font comprendre que le temps passe.<br \/>\nUne larme vient perler sur ma joue et doucement se perdre dans mon caf\u00e9 brumeux<br \/>\nde ce matin chagrin<br \/>\nJ\u2019ai si peur, que je ne laisse plus \u00e0 demain la place d\u2019exister<br \/>\nJe pense \u00e0 toi, \u00e0 nous, \u00e0 notre pass\u00e9<br \/>\nA ces souvenir mon coeur se brise<br \/>\nJe m\u2019effondre, tel une enfant en pleur, je suis sans vie.<br \/>\nMes yeux se posent sur ta photo<br \/>\nJe te vois, me souriant<br \/>\nTon absence, a laiss\u00e9 une cicatrice trop profonde<br \/>\nA jamais je suis marqu\u00e9, de ton d\u00e9part pr\u00e9cipit\u00e9 !<\/h4>\n<h4>Annick Clerget Wittmann<\/h4>\n","protected":false},"excerpt":{"rendered":"<p>A ma soeur, J\u2019ai froid, si froid, malgr\u00e9 cette couverture qui m\u2019entoure de ces bras doux Assise ici, je contemple, ce soleil magnifique qui pourtant me glace le sang Les feuilles ont entrepris leur danse, au son des cloches de &hellip; <a href=\"https:\/\/montreux-vieux.net\/?page_id=6324\">Continuer la lecture <span class=\"meta-nav\">&rarr;<\/span><\/a><\/p>\n","protected":false},"author":1,"featured_media":0,"parent":1467,"menu_order":10,"comment_status":"closed","ping_status":"open","template":"","meta":{"footnotes":""},"class_list":["post-6324","page","type-page","status-publish","hentry"],"_links":{"self":[{"href":"https:\/\/montreux-vieux.net\/index.php?rest_route=\/wp\/v2\/pages\/6324","targetHints":{"allow":["GET"]}}],"collection":[{"href":"https:\/\/montreux-vieux.net\/index.php?rest_route=\/wp\/v2\/pages"}],"about":[{"href":"https:\/\/montreux-vieux.net\/index.php?rest_route=\/wp\/v2\/types\/page"}],"author":[{"embeddable":true,"href":"https:\/\/montreux-vieux.net\/index.php?rest_route=\/wp\/v2\/users\/1"}],"replies":[{"embeddable":true,"href":"https:\/\/montreux-vieux.net\/index.php?rest_route=%2Fwp%2Fv2%2Fcomments&post=6324"}],"version-history":[{"count":2,"href":"https:\/\/montreux-vieux.net\/index.php?rest_route=\/wp\/v2\/pages\/6324\/revisions"}],"predecessor-version":[{"id":6326,"href":"https:\/\/montreux-vieux.net\/index.php?rest_route=\/wp\/v2\/pages\/6324\/revisions\/6326"}],"up":[{"embeddable":true,"href":"https:\/\/montreux-vieux.net\/index.php?rest_route=\/wp\/v2\/pages\/1467"}],"wp:attachment":[{"href":"https:\/\/montreux-vieux.net\/index.php?rest_route=%2Fwp%2Fv2%2Fmedia&parent=6324"}],"curies":[{"name":"wp","href":"https:\/\/api.w.org\/{rel}","templated":true}]}}