{"id":663,"date":"2011-02-08T11:49:17","date_gmt":"2011-02-08T10:49:17","guid":{"rendered":"http:\/\/montreux-vieux.org"},"modified":"2018-11-21T10:25:19","modified_gmt":"2018-11-21T09:25:19","slug":"recettes","status":"publish","type":"page","link":"https:\/\/montreux-vieux.net\/?page_id=663","title":{"rendered":"Hors d&rsquo;oeuvre"},"content":{"rendered":"<p style=\"text-align: center;\"><span style=\"color: #993300;\">Terrine d&rsquo;asperges vertes et blanches<\/span><\/p>\n<p style=\"text-align: center;\"><span style=\"color: #993300;\">Vinaigrette \u00e0 l&rsquo;orange<\/span><\/p>\n<p>Pour une terrine de 10 personnes<\/p>\n<p>1 kg d\u2019asperges vertes<\/p>\n<p>1 kg d\u2019asperges blanches<\/p>\n<p>20 grs de g\u00e9latine en feuille + quelques feuilles<\/p>\n<p>Sel, poivre blanc<\/p>\n<p>Vinaigrette<\/p>\n<p>&#8211;\u00a0 10 cl de vinaigre (de votre choix)<\/p>\n<p>&#8211;\u00a0 20 cl d\u2019huile (de votre choix)<\/p>\n<p>&#8211;\u00a01 cuil. \u00e0 soupe de moutarde forte<\/p>\n<p>&#8211; Le zeste d\u2019une orange +\u00a0le jus<\/p>\n<p>&#8211; Cerfeuil-cubes de tomates sel poivre<\/p>\n<p>Pr\u00e9paration<\/p>\n<p>&#8211;\u00a0Laver, \u00e9plucher les asperges, cuire \u00e0 l\u2019eau bouillante sal\u00e9e d\u2019abord les asperges blanches\u00a0\u00a0 \u00e9goutter et cuire les vertes dans la m\u00eame eau, \u00e9goutter les vertes, mesurer \u00bd litre de liquide de cuisson et incorporer les 20 grs de g\u00e9latine tremp\u00e9e dans de l\u2019eau froide et bien essorer, faire bouillir et go\u00fbter si besoin ajouter en sel et poivre.<\/p>\n<p>&#8211;\u00a0\u00a0Bien chemiser la terrine avec un film<\/p>\n<p>&#8211;\u00a0 Ranger les asperges vertes t\u00eate b\u00eache en une couche<\/p>\n<p>&#8211;\u00a0Recouvrir avec une feuille de g\u00e9latine s\u00e8che, continuer avec les blanches puis une feuille de g\u00e9latine. Arroser avec le jus et terminer en remplissant la terrine, fermer le film, couvrir avec le couvercle et mettre au bain-marie four 120\u00b0 pour 30 minutes<\/p>\n<p>&#8211;\u00a0Laisser refroidir l\u00e9g\u00e8rement et mettre au frigo toute la nuit<\/p>\n<p>&#8211;\u00a0Confectionner la vinaigrette<\/p>\n<p>&#8211; Trancher la terrine et mettre un cordon de vinaigrette autour, d\u00e9corer avec les cubes de tomates et le cerfeuil.<\/p>\n","protected":false},"excerpt":{"rendered":"<p>Terrine d&rsquo;asperges vertes et blanches Vinaigrette \u00e0 l&rsquo;orange Pour une terrine de 10 personnes 1 kg d\u2019asperges vertes 1 kg d\u2019asperges blanches 20 grs de g\u00e9latine en feuille + quelques feuilles Sel, poivre blanc Vinaigrette &#8211;\u00a0 10 cl de vinaigre &hellip; <a href=\"https:\/\/montreux-vieux.net\/?page_id=663\">Continuer la lecture <span class=\"meta-nav\">&rarr;<\/span><\/a><\/p>\n","protected":false},"author":1,"featured_media":0,"parent":12478,"menu_order":2,"comment_status":"open","ping_status":"open","template":"onecolumn-page.php","meta":{"footnotes":""},"class_list":["post-663","page","type-page","status-publish","hentry"],"_links":{"self":[{"href":"https:\/\/montreux-vieux.net\/index.php?rest_route=\/wp\/v2\/pages\/663","targetHints":{"allow":["GET"]}}],"collection":[{"href":"https:\/\/montreux-vieux.net\/index.php?rest_route=\/wp\/v2\/pages"}],"about":[{"href":"https:\/\/montreux-vieux.net\/index.php?rest_route=\/wp\/v2\/types\/page"}],"author":[{"embeddable":true,"href":"https:\/\/montreux-vieux.net\/index.php?rest_route=\/wp\/v2\/users\/1"}],"replies":[{"embeddable":true,"href":"https:\/\/montreux-vieux.net\/index.php?rest_route=%2Fwp%2Fv2%2Fcomments&post=663"}],"version-history":[{"count":8,"href":"https:\/\/montreux-vieux.net\/index.php?rest_route=\/wp\/v2\/pages\/663\/revisions"}],"predecessor-version":[{"id":12480,"href":"https:\/\/montreux-vieux.net\/index.php?rest_route=\/wp\/v2\/pages\/663\/revisions\/12480"}],"up":[{"embeddable":true,"href":"https:\/\/montreux-vieux.net\/index.php?rest_route=\/wp\/v2\/pages\/12478"}],"wp:attachment":[{"href":"https:\/\/montreux-vieux.net\/index.php?rest_route=%2Fwp%2Fv2%2Fmedia&parent=663"}],"curies":[{"name":"wp","href":"https:\/\/api.w.org\/{rel}","templated":true}]}}