{"id":6642,"date":"2016-01-20T14:50:35","date_gmt":"2016-01-20T13:50:35","guid":{"rendered":"http:\/\/montreux-vieux.net\/?page_id=6642"},"modified":"2019-01-04T11:09:17","modified_gmt":"2019-01-04T10:09:17","slug":"le-saviez-vous-a-montreux-vieux","status":"publish","type":"page","link":"https:\/\/montreux-vieux.net\/?page_id=6642","title":{"rendered":"Statistiques anciennes"},"content":{"rendered":"<h3 style=\"text-align: center;\">Le saviez-vous&nbsp;? A Montreux-Vieux&nbsp;:<\/h3>\n<p style=\"text-align: center;\"><img loading=\"lazy\" decoding=\"async\" class=\"aligncenter wp-image-6637 size-medium\" src=\"http:\/\/montreux-vieux.net\/montreux-vieux.net\/wp-content\/uploads\/2016\/01\/ScreenShot775-300x180.jpg\" alt=\"ScreenShot775\" width=\"300\" height=\"180\" srcset=\"https:\/\/montreux-vieux.net\/montreux-vieux.net\/wp-content\/uploads\/2016\/01\/ScreenShot775-300x180.jpg 300w, https:\/\/montreux-vieux.net\/montreux-vieux.net\/wp-content\/uploads\/2016\/01\/ScreenShot775.jpg 411w\" sizes=\"auto, (max-width: 300px) 100vw, 300px\" \/><\/p>\n<h4 style=\"text-align: justify;\">8 445 personnes ont transit\u00e9 de 1909 \u00e0 2000, 331 concessions au cimeti\u00e8re au 31\/12\/2000 ont \u00e9t\u00e9 d\u00e9livr\u00e9es, .652 personnes sont inhum\u00e9es au cimeti\u00e8re au 31\/12\/2000, .529 \u00e9lecteurs figurent sur les listes \u00e9lectorales au 28\/02\/2000.<\/h4>\n<h4 style=\"text-align: justify;\">Il y a eu 1 822 naissances de 1792 \u00e0 2000 (dont 1316 \u00e0 Montreux-Vieux) 1 249 mariages de 1792 \u00e0 2000 et 1 482 d\u00e9c\u00e8s de 1792 \u00e0 2000<\/h4>\n<h4 style=\"text-align: justify;\">En l\u2019an 2000 il y avait&nbsp;: Une Sup\u00e9rette, Une Epicerie-Mercerie, Un Eb\u00e9niste, Une Filature, Un Tabac-Presse, Un Salon De Coiffure, Un Paysagiste, Une Entreprise De D\u00e9broussaillage, Une Couturi\u00e8re, Un Cabinet De Masseur-Kin\u00e9sith\u00e9rapeute, Un P\u00e9dicure, Un Cabinet M\u00e9dicale, Une Pharmacie, Un Dentiste, Une Banque, Une Poste, Un Transporteur.<\/h4>\n<h4 style=\"text-align: justify;\">Il y avait&nbsp; \u00e9galement 12 associations dont: Le Club Des M\u00e9sanges, Les Anciens Combattants, Partage Et Solidarit\u00e9, Association Du Personnel Municipal, Les Donneurs De Sang,&nbsp; La P\u00eache, L\u2019ASCL, Sports Mod\u00e9r\u00e9s Pour Adultes, L\u2019amicale Des Sapeurs-Pompiers, La Chorale Ste-C\u00e9cile, Le Conseil De Fabrique, Montreux-Sports, M\u00e9li Melo.<\/h4>\n<h4 style=\"text-align: justify;\">Mais aussi&nbsp; 10 b\u00e2timents communaux formant 6 613 m\u00b2 dont: L\u2019\u00e9glise, La Salle Des F\u00eates, Le Presbyt\u00e8re, La Poste, Le Bureau des Associations Et Temple, La Mairie, Le Ch\u00e2teau D\u2019eau (Capacit\u00e9 200 M3, 36 M De Hauteur), La Station De Pompage, L\u2019\u00e9cole Maternelle et primaire, et CLH Le Centre De Secours.<\/h4>\n<p style=\"text-align: center;\"><a href=\"http:\/\/montreux-vieux.net\/montreux-vieux.net\/wp-content\/uploads\/2014\/10\/Montreux-Vieux-grand-formatfond.jpg\" target=\"_blank\"><img loading=\"lazy\" decoding=\"async\" class=\"aligncenter wp-image-3716 size-medium\" src=\"http:\/\/montreux-vieux.net\/montreux-vieux.net\/wp-content\/uploads\/2014\/10\/Montreux-Vieux-grand-formatfond-300x199.jpg\" alt=\"La village de Montreux-Vieux  \" width=\"300\" height=\"199\" srcset=\"https:\/\/montreux-vieux.net\/montreux-vieux.net\/wp-content\/uploads\/2014\/10\/Montreux-Vieux-grand-formatfond-300x199.jpg 300w, https:\/\/montreux-vieux.net\/montreux-vieux.net\/wp-content\/uploads\/2014\/10\/Montreux-Vieux-grand-formatfond-1000x665.jpg 1000w, https:\/\/montreux-vieux.net\/montreux-vieux.net\/wp-content\/uploads\/2014\/10\/Montreux-Vieux-grand-formatfond.jpg 1024w\" sizes=\"auto, (max-width: 300px) 100vw, 300px\" \/><\/a><\/p>\n<h4 style=\"text-align: justify;\">Implant\u00e9s \u00e9galement3 53 logements, .307 r\u00e9sidences principales, 188 logements \u00e9quip\u00e9s d\u2019un chauffage central, 126 logements sans chauffage central, 205 maisons individuelles, .201 logements dans les immeubles collectifs, 0 ferme, .6 r\u00e9sidences secondaires, .224, propri\u00e9taires, 81 locataires. 12 log\u00e9s gratuitement. 959 pi\u00e8ces 2,88 personnes par logement<\/h4>\n<h4 style=\"text-align: justify;\">Ont \u00e9t\u00e9 d\u00e9livr\u00e9s 202 d\u00e9clarations de travaux de 1986 \u00e0 2000, 105 certificats d\u2019urbanisme de 1986 \u00e0 2000, .395 demandes de permis de construire de 1949 au 31 d\u00e9cembre 2000<\/h4>\n<h4 style=\"text-align: justify;\">En 2000, la moyenne annuelle de la collecte des ordures m\u00e9nag\u00e8res&nbsp; au niveau des emballages \u00e9tait de 98 kg&nbsp; compos\u00e9e de : 40 kg de verre,&nbsp; 25 kg de carton,&nbsp; 20 kg de plastique, 12 kg d&rsquo;acier et 1 kg d&rsquo;alu<\/h4>\n<h4 style=\"text-align: justify;\">En 1998 la commune comportait 361 foyers \u00e9lectriques, la consommation annuelle \u00e9tait de.&nbsp;1 855 185 KWH et celle factur\u00e9e 1 097 926,38. Frs.<\/h4>\n","protected":false},"excerpt":{"rendered":"<p>Le saviez-vous&nbsp;? A Montreux-Vieux&nbsp;: 8 445 personnes ont transit\u00e9 de 1909 \u00e0 2000, 331 concessions au cimeti\u00e8re au 31\/12\/2000 ont \u00e9t\u00e9 d\u00e9livr\u00e9es, .652 personnes sont inhum\u00e9es au cimeti\u00e8re au 31\/12\/2000, .529 \u00e9lecteurs figurent sur les listes \u00e9lectorales au 28\/02\/2000. Il &hellip; <a href=\"https:\/\/montreux-vieux.net\/?page_id=6642\">Continuer la lecture <span class=\"meta-nav\">&rarr;<\/span><\/a><\/p>\n","protected":false},"author":1,"featured_media":0,"parent":13095,"menu_order":4,"comment_status":"closed","ping_status":"open","template":"","meta":{"footnotes":""},"class_list":["post-6642","page","type-page","status-publish","hentry"],"_links":{"self":[{"href":"https:\/\/montreux-vieux.net\/index.php?rest_route=\/wp\/v2\/pages\/6642","targetHints":{"allow":["GET"]}}],"collection":[{"href":"https:\/\/montreux-vieux.net\/index.php?rest_route=\/wp\/v2\/pages"}],"about":[{"href":"https:\/\/montreux-vieux.net\/index.php?rest_route=\/wp\/v2\/types\/page"}],"author":[{"embeddable":true,"href":"https:\/\/montreux-vieux.net\/index.php?rest_route=\/wp\/v2\/users\/1"}],"replies":[{"embeddable":true,"href":"https:\/\/montreux-vieux.net\/index.php?rest_route=%2Fwp%2Fv2%2Fcomments&post=6642"}],"version-history":[{"count":5,"href":"https:\/\/montreux-vieux.net\/index.php?rest_route=\/wp\/v2\/pages\/6642\/revisions"}],"predecessor-version":[{"id":13470,"href":"https:\/\/montreux-vieux.net\/index.php?rest_route=\/wp\/v2\/pages\/6642\/revisions\/13470"}],"up":[{"embeddable":true,"href":"https:\/\/montreux-vieux.net\/index.php?rest_route=\/wp\/v2\/pages\/13095"}],"wp:attachment":[{"href":"https:\/\/montreux-vieux.net\/index.php?rest_route=%2Fwp%2Fv2%2Fmedia&parent=6642"}],"curies":[{"name":"wp","href":"https:\/\/api.w.org\/{rel}","templated":true}]}}