{"id":6644,"date":"2016-01-20T14:52:38","date_gmt":"2016-01-20T13:52:38","guid":{"rendered":"http:\/\/montreux-vieux.net\/?page_id=6644"},"modified":"2018-12-28T13:33:29","modified_gmt":"2018-12-28T12:33:29","slug":"le-saviez-vous-montreux-vieux-en-chiffres","status":"publish","type":"page","link":"https:\/\/montreux-vieux.net\/?page_id=6644","title":{"rendered":"Le saviez-vous ? Montreux-Vieux en chiffres"},"content":{"rendered":"<h3 style=\"text-align: center;\">Le saviez-vous ? Montreux-Vieux en chiffres<\/h3>\n<h3 style=\"text-align: center;\">Voirie, r\u00e9seaux et divers<\/h3>\n<p style=\"text-align: center;\"><a href=\"http:\/\/montreux-vieux.net\/montreux-vieux.net\/wp-content\/uploads\/2016\/01\/ScreenShot771.jpg\" target=\"_blank\"><img loading=\"lazy\" decoding=\"async\" class=\"aligncenter wp-image-6610 size-medium\" src=\"http:\/\/montreux-vieux.net\/montreux-vieux.net\/wp-content\/uploads\/2016\/01\/ScreenShot771-300x240.jpg\" alt=\"quelques photos de Montreux-Vieux\" width=\"300\" height=\"240\" srcset=\"https:\/\/montreux-vieux.net\/montreux-vieux.net\/wp-content\/uploads\/2016\/01\/ScreenShot771-300x240.jpg 300w, https:\/\/montreux-vieux.net\/montreux-vieux.net\/wp-content\/uploads\/2016\/01\/ScreenShot771-768x615.jpg 768w, https:\/\/montreux-vieux.net\/montreux-vieux.net\/wp-content\/uploads\/2016\/01\/ScreenShot771-600x480.jpg 600w, https:\/\/montreux-vieux.net\/montreux-vieux.net\/wp-content\/uploads\/2016\/01\/ScreenShot771.jpg 803w\" sizes=\"auto, (max-width: 300px) 100vw, 300px\" \/><\/a><\/p>\n<h4 style=\"text-align: justify;\">Votre village en 2003, &nbsp; avait 2 104 m&nbsp; de voirie D\u00e9partementale, 4 778 m de Voirie&nbsp; communale. Il y avait&nbsp; 128 m\u00e2ts d\u2019\u00e9clairage public, 30 poteaux d\u2019incendie, 31 bouches d\u2019incendie, 9 040 m de trottoirs, 7 778 m de r\u00e9seau d\u2019eau,&nbsp; 132 regards d\u2019EEP (Evacuation des eaux pluviales), 6 382 m de r\u00e9seau d\u2019EEP, 175 tabourets siphons.<\/h4>\n<h4 style=\"text-align: justify;\">La longueur de la voie de chemin de fer passant sur le ban communal \u00e9tait de 2&nbsp;700 m, le canal 1&nbsp;500 m, les rivi\u00e8res 8&nbsp;600 m, les chemins 12&nbsp;740 m et les foss\u00e9s 7&nbsp;500m<\/h4>\n","protected":false},"excerpt":{"rendered":"<p>Le saviez-vous ? Montreux-Vieux en chiffres Voirie, r\u00e9seaux et divers Votre village en 2003, &nbsp; avait 2 104 m&nbsp; de voirie D\u00e9partementale, 4 778 m de Voirie&nbsp; communale. Il y avait&nbsp; 128 m\u00e2ts d\u2019\u00e9clairage public, 30 poteaux d\u2019incendie, 31 bouches &hellip; <a href=\"https:\/\/montreux-vieux.net\/?page_id=6644\">Continuer la lecture <span class=\"meta-nav\">&rarr;<\/span><\/a><\/p>\n","protected":false},"author":1,"featured_media":0,"parent":13036,"menu_order":10,"comment_status":"closed","ping_status":"open","template":"","meta":{"footnotes":""},"class_list":["post-6644","page","type-page","status-publish","hentry"],"_links":{"self":[{"href":"https:\/\/montreux-vieux.net\/index.php?rest_route=\/wp\/v2\/pages\/6644","targetHints":{"allow":["GET"]}}],"collection":[{"href":"https:\/\/montreux-vieux.net\/index.php?rest_route=\/wp\/v2\/pages"}],"about":[{"href":"https:\/\/montreux-vieux.net\/index.php?rest_route=\/wp\/v2\/types\/page"}],"author":[{"embeddable":true,"href":"https:\/\/montreux-vieux.net\/index.php?rest_route=\/wp\/v2\/users\/1"}],"replies":[{"embeddable":true,"href":"https:\/\/montreux-vieux.net\/index.php?rest_route=%2Fwp%2Fv2%2Fcomments&post=6644"}],"version-history":[{"count":4,"href":"https:\/\/montreux-vieux.net\/index.php?rest_route=\/wp\/v2\/pages\/6644\/revisions"}],"predecessor-version":[{"id":13114,"href":"https:\/\/montreux-vieux.net\/index.php?rest_route=\/wp\/v2\/pages\/6644\/revisions\/13114"}],"up":[{"embeddable":true,"href":"https:\/\/montreux-vieux.net\/index.php?rest_route=\/wp\/v2\/pages\/13036"}],"wp:attachment":[{"href":"https:\/\/montreux-vieux.net\/index.php?rest_route=%2Fwp%2Fv2%2Fmedia&parent=6644"}],"curies":[{"name":"wp","href":"https:\/\/api.w.org\/{rel}","templated":true}]}}