{"id":6948,"date":"2016-02-09T16:46:28","date_gmt":"2016-02-09T15:46:28","guid":{"rendered":"http:\/\/montreux-vieux.net\/?page_id=6948"},"modified":"2018-12-24T14:23:49","modified_gmt":"2018-12-24T13:23:49","slug":"le-saviez-vous-une-femme-condamnee-par-le-conseil-de-guerre","status":"publish","type":"page","link":"https:\/\/montreux-vieux.net\/?page_id=6948","title":{"rendered":"Le saviez-vous: une femme condamn\u00e9e par le conseil de guerre"},"content":{"rendered":"<h3 style=\"text-align: center;\">Une femme condamn\u00e9e par le conseil de guerre<\/h3>\n<p style=\"text-align: center;\"><a href=\"http:\/\/montreux-vieux.net\/montreux-vieux.net\/wp-content\/uploads\/2016\/02\/ScreenShot823.jpg\" target=\"_blank\"><img loading=\"lazy\" decoding=\"async\" class=\"aligncenter wp-image-6945 size-full\" src=\"http:\/\/montreux-vieux.net\/montreux-vieux.net\/wp-content\/uploads\/2016\/02\/ScreenShot823.jpg\" alt=\"une femme condamn\u00e9e par le conseil de guerre\" width=\"636\" height=\"465\" srcset=\"https:\/\/montreux-vieux.net\/montreux-vieux.net\/wp-content\/uploads\/2016\/02\/ScreenShot823.jpg 636w, https:\/\/montreux-vieux.net\/montreux-vieux.net\/wp-content\/uploads\/2016\/02\/ScreenShot823-300x219.jpg 300w, https:\/\/montreux-vieux.net\/montreux-vieux.net\/wp-content\/uploads\/2016\/02\/ScreenShot823-600x439.jpg 600w\" sizes=\"auto, (max-width: 636px) 100vw, 636px\" \/><\/a><\/p>\n<h4 style=\"text-align: justify;\">Le Conseil de Guerre de Belfort a condamn\u00e9 le 6 d\u00e9cembre 1914 une femme de Montreux-Vieux \u00e0 cinq ans de travaux publics pour \u00ab\u00a0int\u00e9lligence avec l&rsquo;ennemi\u00a0\u00bb en d&rsquo;autres termes: Commnication de secr\u00e8ts \u00e0 l&rsquo;ennemi.<\/h4>\n","protected":false},"excerpt":{"rendered":"<p>Une femme condamn\u00e9e par le conseil de guerre Le Conseil de Guerre de Belfort a condamn\u00e9 le 6 d\u00e9cembre 1914 une femme de Montreux-Vieux \u00e0 cinq ans de travaux publics pour \u00ab\u00a0int\u00e9lligence avec l&rsquo;ennemi\u00a0\u00bb en d&rsquo;autres termes: Commnication de secr\u00e8ts &hellip; <a href=\"https:\/\/montreux-vieux.net\/?page_id=6948\">Continuer la lecture <span class=\"meta-nav\">&rarr;<\/span><\/a><\/p>\n","protected":false},"author":1,"featured_media":0,"parent":12673,"menu_order":14,"comment_status":"closed","ping_status":"open","template":"","meta":{"footnotes":""},"class_list":["post-6948","page","type-page","status-publish","hentry"],"_links":{"self":[{"href":"https:\/\/montreux-vieux.net\/index.php?rest_route=\/wp\/v2\/pages\/6948","targetHints":{"allow":["GET"]}}],"collection":[{"href":"https:\/\/montreux-vieux.net\/index.php?rest_route=\/wp\/v2\/pages"}],"about":[{"href":"https:\/\/montreux-vieux.net\/index.php?rest_route=\/wp\/v2\/types\/page"}],"author":[{"embeddable":true,"href":"https:\/\/montreux-vieux.net\/index.php?rest_route=\/wp\/v2\/users\/1"}],"replies":[{"embeddable":true,"href":"https:\/\/montreux-vieux.net\/index.php?rest_route=%2Fwp%2Fv2%2Fcomments&post=6948"}],"version-history":[{"count":3,"href":"https:\/\/montreux-vieux.net\/index.php?rest_route=\/wp\/v2\/pages\/6948\/revisions"}],"predecessor-version":[{"id":12776,"href":"https:\/\/montreux-vieux.net\/index.php?rest_route=\/wp\/v2\/pages\/6948\/revisions\/12776"}],"up":[{"embeddable":true,"href":"https:\/\/montreux-vieux.net\/index.php?rest_route=\/wp\/v2\/pages\/12673"}],"wp:attachment":[{"href":"https:\/\/montreux-vieux.net\/index.php?rest_route=%2Fwp%2Fv2%2Fmedia&parent=6948"}],"curies":[{"name":"wp","href":"https:\/\/api.w.org\/{rel}","templated":true}]}}