{"id":7227,"date":"2016-03-10T10:23:29","date_gmt":"2016-03-10T09:23:29","guid":{"rendered":"http:\/\/montreux-vieux.net\/?page_id=7227"},"modified":"2018-12-24T14:14:03","modified_gmt":"2018-12-24T13:14:03","slug":"le-saviez-vous-une-ligne-de-chemin-de-fer-entre-montreux-vieux-et-lauw","status":"publish","type":"page","link":"https:\/\/montreux-vieux.net\/?page_id=7227","title":{"rendered":"Le saviez-vous ? Une ligne de chemin de fer entre Montreux-Vieux et Lauw"},"content":{"rendered":"<h3 style=\"text-align: center;\">Le saviez-vous&nbsp;? Une ligne de chemin de fer entre Montreux-Vieux et Lauw<\/h3>\n<p style=\"text-align: center;\"><a href=\"http:\/\/montreux-vieux.net\/montreux-vieux.net\/wp-content\/uploads\/2016\/03\/Untitled-design-1.jpg\" target=\"_blank\" rel=\"noopener\"><img loading=\"lazy\" decoding=\"async\" class=\"aligncenter wp-image-7212 size-full\" src=\"http:\/\/montreux-vieux.net\/montreux-vieux.net\/wp-content\/uploads\/2016\/03\/Untitled-design-1.jpg\" alt=\"Ligne Montreux-Vieux Lauw\" width=\"944\" height=\"755\" srcset=\"https:\/\/montreux-vieux.net\/montreux-vieux.net\/wp-content\/uploads\/2016\/03\/Untitled-design-1.jpg 944w, https:\/\/montreux-vieux.net\/montreux-vieux.net\/wp-content\/uploads\/2016\/03\/Untitled-design-1-300x240.jpg 300w, https:\/\/montreux-vieux.net\/montreux-vieux.net\/wp-content\/uploads\/2016\/03\/Untitled-design-1-768x614.jpg 768w, https:\/\/montreux-vieux.net\/montreux-vieux.net\/wp-content\/uploads\/2016\/03\/Untitled-design-1-600x480.jpg 600w\" sizes=\"auto, (max-width: 944px) 100vw, 944px\" \/><\/a><\/p>\n<h4 style=\"text-align: justify;\">Une ligne de chemin de fer \u00e0 voie unique reliant&nbsp; Montreux-Vieux et Lauw a \u00e9t\u00e9 construite par l\u2019arm\u00e9e. Les troupes s\u00e9n\u00e9galaises ont commenc\u00e9 \u00e0 travailler sur une ligne \u00e0 voie normale le 22 f\u00e9vrier 1916,&nbsp;&nbsp;Elle a \u00e9t\u00e9 mise en service le 1er septembre 1916 pour assurer le ravitaillement des troupes fran\u00e7aises.&nbsp;La section Lauw &#8211; Montreux-Vieux d&rsquo;une longueur de 20 Km a \u00e9t\u00e9 ferm\u00e9e au trafic \u00e0 la fin du conflit mondial en 1918<\/h4>\n<h4 style=\"text-align: justify;\">Int\u00e9gr\u00e9e au r\u00e9seau civil la partie nord&nbsp;fut d\u00e9ferr\u00e9e en 1925 faute de voyageurs.<\/h4>\n<h4 style=\"text-align: justify;\">Quant-\u00e0 la partie sud elle \u00e9tait utilis\u00e9e pour le transport de tuiles de l&rsquo;usine Clavey \u00e0&nbsp;Foussemagne et aurait \u00e9t\u00e9 r\u00e9utilis\u00e9e un temps pour la desserte par fer de carburants et autres de l\u2019a\u00e9rodrome de l\u2019OTAN de Fontaine.<\/h4>\n","protected":false},"excerpt":{"rendered":"<p>Le saviez-vous&nbsp;? Une ligne de chemin de fer entre Montreux-Vieux et Lauw Une ligne de chemin de fer \u00e0 voie unique reliant&nbsp; Montreux-Vieux et Lauw a \u00e9t\u00e9 construite par l\u2019arm\u00e9e. Les troupes s\u00e9n\u00e9galaises ont commenc\u00e9 \u00e0 travailler sur une ligne &hellip; <a href=\"https:\/\/montreux-vieux.net\/?page_id=7227\">Continuer la lecture <span class=\"meta-nav\">&rarr;<\/span><\/a><\/p>\n","protected":false},"author":1,"featured_media":0,"parent":12673,"menu_order":12,"comment_status":"closed","ping_status":"open","template":"","meta":{"footnotes":""},"class_list":["post-7227","page","type-page","status-publish","hentry"],"_links":{"self":[{"href":"https:\/\/montreux-vieux.net\/index.php?rest_route=\/wp\/v2\/pages\/7227","targetHints":{"allow":["GET"]}}],"collection":[{"href":"https:\/\/montreux-vieux.net\/index.php?rest_route=\/wp\/v2\/pages"}],"about":[{"href":"https:\/\/montreux-vieux.net\/index.php?rest_route=\/wp\/v2\/types\/page"}],"author":[{"embeddable":true,"href":"https:\/\/montreux-vieux.net\/index.php?rest_route=\/wp\/v2\/users\/1"}],"replies":[{"embeddable":true,"href":"https:\/\/montreux-vieux.net\/index.php?rest_route=%2Fwp%2Fv2%2Fcomments&post=7227"}],"version-history":[{"count":4,"href":"https:\/\/montreux-vieux.net\/index.php?rest_route=\/wp\/v2\/pages\/7227\/revisions"}],"predecessor-version":[{"id":12771,"href":"https:\/\/montreux-vieux.net\/index.php?rest_route=\/wp\/v2\/pages\/7227\/revisions\/12771"}],"up":[{"embeddable":true,"href":"https:\/\/montreux-vieux.net\/index.php?rest_route=\/wp\/v2\/pages\/12673"}],"wp:attachment":[{"href":"https:\/\/montreux-vieux.net\/index.php?rest_route=%2Fwp%2Fv2%2Fmedia&parent=7227"}],"curies":[{"name":"wp","href":"https:\/\/api.w.org\/{rel}","templated":true}]}}