{"id":7285,"date":"2016-03-16T11:53:33","date_gmt":"2016-03-16T10:53:33","guid":{"rendered":"http:\/\/montreux-vieux.net\/?page_id=7285"},"modified":"2018-12-25T17:59:37","modified_gmt":"2018-12-25T16:59:37","slug":"lautorail-assassin","status":"publish","type":"page","link":"https:\/\/montreux-vieux.net\/?page_id=7285","title":{"rendered":"L&rsquo;autorail \u00ab\u00a0Assassin\u00a0\u00bb"},"content":{"rendered":"<h3 style=\"text-align: center;\">L\u2019autorail \u00ab&nbsp;Assassin&nbsp;\u00bb<\/h3>\n<h4 style=\"text-align: justify;\">C\u2019\u2019est le nom que donnaient certains montreusiens \u00e0 l\u2019autorail venant de Mulhouse et se dirigeant vers Belfort chaque soir&nbsp; vers 21 heures. La raison du nom \u00ab&nbsp;Assassin&nbsp;\u00bb \u00e9tait la suivante&nbsp;: Dans les ann\u00e9es 1950\/1951 un \u00e9l\u00e8ve instituteur Rino Reth de Montreux-Jeune rentrait chez lui en moto. Il venait de quitter sa s\u0153ur Isabelle&nbsp; domicili\u00e9e \u00e0 Montreux-Ch\u00e2teau. Il lui avait rendu visite pour lui souhaiter son anniversaire.<\/h4>\n<h4 style=\"text-align: justify;\">Il y avait pr\u00e8s de la passerelle actuelle un passage \u00e0 niveau. Ce dernier \u00e9tait ouvert et au moment ou il empruntait celui-ci l\u2019autorail de 21h arrivait et a heurt\u00e9 le motocycliste. Madame Braunsdteter entendu le bruitdu choc depuis son appartement situ\u00e9 au dessus de la boucherie sise&nbsp;dans la Grand\u2019Rue. Le jeune homme a \u00e9t\u00e9 tu\u00e9 sur le coup.<\/h4>\n<p style=\"text-align: center;\"><a href=\"http:\/\/montreux-vieux.net\/montreux-vieux.net\/wp-content\/uploads\/2016\/03\/IF-NO-ONE-THINKSYOU-CAN-THENYOU-HAVE-TO..jpg\" target=\"_blank\"><img loading=\"lazy\" decoding=\"async\" class=\"aligncenter wp-image-7282 size-full\" src=\"http:\/\/montreux-vieux.net\/montreux-vieux.net\/wp-content\/uploads\/2016\/03\/IF-NO-ONE-THINKSYOU-CAN-THENYOU-HAVE-TO..jpg\" alt=\"L'autorail\" width=\"944\" height=\"755\" srcset=\"https:\/\/montreux-vieux.net\/montreux-vieux.net\/wp-content\/uploads\/2016\/03\/IF-NO-ONE-THINKSYOU-CAN-THENYOU-HAVE-TO..jpg 944w, https:\/\/montreux-vieux.net\/montreux-vieux.net\/wp-content\/uploads\/2016\/03\/IF-NO-ONE-THINKSYOU-CAN-THENYOU-HAVE-TO.-300x240.jpg 300w, https:\/\/montreux-vieux.net\/montreux-vieux.net\/wp-content\/uploads\/2016\/03\/IF-NO-ONE-THINKSYOU-CAN-THENYOU-HAVE-TO.-768x614.jpg 768w, https:\/\/montreux-vieux.net\/montreux-vieux.net\/wp-content\/uploads\/2016\/03\/IF-NO-ONE-THINKSYOU-CAN-THENYOU-HAVE-TO.-600x480.jpg 600w\" sizes=\"auto, (max-width: 944px) 100vw, 944px\" \/><\/a><\/p>\n<h4 style=\"text-align: justify;\">Comble de l\u2019horreur, le corps a \u00e9t\u00e9 d\u00e9pos\u00e9 dans la salle d\u2019attente de la gare. A 22 heures arrivait le train de Belfort dans lequel se trouvait son autre s\u0153ur Isabelle, rentrant de son travail. A l\u2019\u00e9poque la salle d\u2019attente \u00e9tait le passage oblig\u00e9 de tous les usagers de la SNCF. Elle a donc vu son fr\u00e8re d\u00e9c\u00e9d\u00e9 allong\u00e9 sur le sol de la salle d\u2019attente de la gare.<\/h4>\n<h4 style=\"text-align: justify;\">Le garde barri\u00e8re Alfred B\u2026.de Retzwiller a \u00e9t\u00e9 jug\u00e9 responsable et emprisonn\u00e9.<\/h4>\n<h4 style=\"text-align: justify;\">Des accidents il y en a eu \u00e0 cet endroit et aux alentours&nbsp;: le 11 d\u00e9cembre 1946 deux trains se sont heurt\u00e9s, bilan 3 morts. En traversant le passage \u00e0 niveau&nbsp; un soir Mme Dienger s\u2019est fait \u00e9cras\u00e9e par un train etc\u2026 Des suicides, Fernand Gentine de Magny (en sortant de chez le m\u00e9decin)&nbsp; s\u2019est jet\u00e9 sous un train etc. Le 28 f\u00e9vrier 1892 un chef de district s\u2019\u00e9tait \u00e9galement pendu au moyen d\u2019un fil de fer sous le r\u00e9servoir d\u2019eau de la gare.<\/h4>\n","protected":false},"excerpt":{"rendered":"<p>L\u2019autorail \u00ab&nbsp;Assassin&nbsp;\u00bb C\u2019\u2019est le nom que donnaient certains montreusiens \u00e0 l\u2019autorail venant de Mulhouse et se dirigeant vers Belfort chaque soir&nbsp; vers 21 heures. La raison du nom \u00ab&nbsp;Assassin&nbsp;\u00bb \u00e9tait la suivante&nbsp;: Dans les ann\u00e9es 1950\/1951 un \u00e9l\u00e8ve instituteur Rino &hellip; <a href=\"https:\/\/montreux-vieux.net\/?page_id=7285\">Continuer la lecture <span class=\"meta-nav\">&rarr;<\/span><\/a><\/p>\n","protected":false},"author":1,"featured_media":0,"parent":13009,"menu_order":4,"comment_status":"closed","ping_status":"open","template":"","meta":{"footnotes":""},"class_list":["post-7285","page","type-page","status-publish","hentry"],"_links":{"self":[{"href":"https:\/\/montreux-vieux.net\/index.php?rest_route=\/wp\/v2\/pages\/7285","targetHints":{"allow":["GET"]}}],"collection":[{"href":"https:\/\/montreux-vieux.net\/index.php?rest_route=\/wp\/v2\/pages"}],"about":[{"href":"https:\/\/montreux-vieux.net\/index.php?rest_route=\/wp\/v2\/types\/page"}],"author":[{"embeddable":true,"href":"https:\/\/montreux-vieux.net\/index.php?rest_route=\/wp\/v2\/users\/1"}],"replies":[{"embeddable":true,"href":"https:\/\/montreux-vieux.net\/index.php?rest_route=%2Fwp%2Fv2%2Fcomments&post=7285"}],"version-history":[{"count":2,"href":"https:\/\/montreux-vieux.net\/index.php?rest_route=\/wp\/v2\/pages\/7285\/revisions"}],"predecessor-version":[{"id":12763,"href":"https:\/\/montreux-vieux.net\/index.php?rest_route=\/wp\/v2\/pages\/7285\/revisions\/12763"}],"up":[{"embeddable":true,"href":"https:\/\/montreux-vieux.net\/index.php?rest_route=\/wp\/v2\/pages\/13009"}],"wp:attachment":[{"href":"https:\/\/montreux-vieux.net\/index.php?rest_route=%2Fwp%2Fv2%2Fmedia&parent=7285"}],"curies":[{"name":"wp","href":"https:\/\/api.w.org\/{rel}","templated":true}]}}