{"id":7327,"date":"2016-03-19T09:10:35","date_gmt":"2016-03-19T08:10:35","guid":{"rendered":"http:\/\/montreux-vieux.net\/?page_id=7327"},"modified":"2018-12-27T10:59:17","modified_gmt":"2018-12-27T09:59:17","slug":"laugmentation-des-prix-a-montreux-vieux-apres-la-guerre-de-19391945","status":"publish","type":"page","link":"https:\/\/montreux-vieux.net\/?page_id=7327","title":{"rendered":"L&rsquo;augmentation des prix \u00e0 Montreux-Vieux apr\u00e8s la guerre de 1939\/1945"},"content":{"rendered":"<h3 style=\"text-align: center;\"><a href=\"http:\/\/montreux-vieux.net\/montreux-vieux.net\/wp-content\/uploads\/2016\/03\/ScreenShot002.jpg\" target=\"_blank\"><img loading=\"lazy\" decoding=\"async\" class=\"aligncenter wp-image-7322 size-full\" src=\"http:\/\/montreux-vieux.net\/montreux-vieux.net\/wp-content\/uploads\/2016\/03\/ScreenShot002.jpg\" alt=\"Montreux-Vieux bandeau\" width=\"494\" height=\"65\"><\/a><\/h3>\n<h3 style=\"text-align: center;\">L&rsquo;augmentation des prix \u00e0 Montreux-Vieux apr\u00e8s la guerre de 1939\/1945<\/h3>\n<h4 style=\"text-align: justify;\">L&rsquo;augmentation des prix des marchandises &nbsp;\u00e0 Montreux-Vieux mais \u00e9galement ailleurs apr\u00e8s la guerre de 1939\/1945 est fulgurante. Tous les prix s&rsquo;envolent, voyez le petit tableau ci-dessous.<\/h4>\n\n<table id=\"tablepress-8\" class=\"tablepress tablepress-id-8\">\n<thead>\n<tr class=\"row-1\">\n\t<th class=\"column-1\">Les marchandises<\/th><th class=\"column-2\">Prix en janvier 1939 en frs<\/th><th class=\"column-3\">Prix en janvier 1947en frs<\/th><th class=\"column-4\">Pourcentage d'augmentation<\/th>\n<\/tr>\n<\/thead>\n<tbody class=\"row-striping row-hover\">\n<tr class=\"row-2\">\n\t<td class=\"column-1\">Le kg de pain<\/td><td class=\"column-2\">3,70<\/td><td class=\"column-3\">11,00<\/td><td class=\"column-4\">197, 30 %<\/td>\n<\/tr>\n<tr class=\"row-3\">\n\t<td class=\"column-1\">Le litre de lait<\/td><td class=\"column-2\">2,00<\/td><td class=\"column-3\">12,50<\/td><td class=\"column-4\">525, 00 %<\/td>\n<\/tr>\n<tr class=\"row-4\">\n\t<td class=\"column-1\">Le kg de sucre<\/td><td class=\"column-2\">5,50<\/td><td class=\"column-3\">37,00<\/td><td class=\"column-4\">572, 73%<\/td>\n<\/tr>\n<tr class=\"row-5\">\n\t<td class=\"column-1\">Le kg de savon<\/td><td class=\"column-2\">6,50<\/td><td class=\"column-3\">73,00<\/td><td class=\"column-4\">1 023, 08 %<\/td>\n<\/tr>\n<tr class=\"row-6\">\n\t<td class=\"column-1\">Le kg de boeuf<\/td><td class=\"column-2\">11,80<\/td><td class=\"column-3\">200,00<\/td><td class=\"column-4\">1 594, 92 %<\/td>\n<\/tr>\n<tr class=\"row-7\">\n\t<td class=\"column-1\">Le kg de veau<\/td><td class=\"column-2\">32,00<\/td><td class=\"column-3\">250,00<\/td><td class=\"column-4\">681, 25%<\/td>\n<\/tr>\n<tr class=\"row-8\">\n\t<td class=\"column-1\">Le kg de mouton<\/td><td class=\"column-2\">10,15<\/td><td class=\"column-3\">300,00<\/td><td class=\"column-4\">2 855, 67 %<\/td>\n<\/tr>\n<tr class=\"row-9\">\n\t<td class=\"column-1\">Le kg porc<\/td><td class=\"column-2\">22,00<\/td><td class=\"column-3\">280,00<\/td><td class=\"column-4\">1 172, 73%<\/td>\n<\/tr>\n<tr class=\"row-10\">\n\t<td class=\"column-1\">Le kwh \u00e9lectricit\u00e9<\/td><td class=\"column-2\">2,50<\/td><td class=\"column-3\">5,49<\/td><td class=\"column-4\">119, 60 %<\/td>\n<\/tr>\n<tr class=\"row-11\">\n\t<td class=\"column-1\">Le kg de p\u00e2tes<\/td><td class=\"column-2\">11,20<\/td><td class=\"column-3\">36,00<\/td><td class=\"column-4\">221, 43 %<\/td>\n<\/tr>\n<tr class=\"row-12\">\n\t<td class=\"column-1\">Lelitre de p\u00e9trole<\/td><td class=\"column-2\">3,50<\/td><td class=\"column-3\">12,00<\/td><td class=\"column-4\">242, 86 %<\/td>\n<\/tr>\n<tr class=\"row-13\">\n\t<td class=\"column-1\">Les 50 kg de charbon<\/td><td class=\"column-2\">29,50<\/td><td class=\"column-3\">200,00<\/td><td class=\"column-4\">577, 97 %<\/td>\n<\/tr>\n<\/tbody>\n<\/table>\n<!-- #tablepress-8 from cache -->\n","protected":false},"excerpt":{"rendered":"<p>L&rsquo;augmentation des prix \u00e0 Montreux-Vieux apr\u00e8s la guerre de 1939\/1945 L&rsquo;augmentation des prix des marchandises &nbsp;\u00e0 Montreux-Vieux mais \u00e9galement ailleurs apr\u00e8s la guerre de 1939\/1945 est fulgurante. Tous les prix s&rsquo;envolent, voyez le petit tableau ci-dessous.<\/p>\n","protected":false},"author":1,"featured_media":0,"parent":12675,"menu_order":8,"comment_status":"closed","ping_status":"open","template":"","meta":{"footnotes":""},"class_list":["post-7327","page","type-page","status-publish","hentry"],"_links":{"self":[{"href":"https:\/\/montreux-vieux.net\/index.php?rest_route=\/wp\/v2\/pages\/7327","targetHints":{"allow":["GET"]}}],"collection":[{"href":"https:\/\/montreux-vieux.net\/index.php?rest_route=\/wp\/v2\/pages"}],"about":[{"href":"https:\/\/montreux-vieux.net\/index.php?rest_route=\/wp\/v2\/types\/page"}],"author":[{"embeddable":true,"href":"https:\/\/montreux-vieux.net\/index.php?rest_route=\/wp\/v2\/users\/1"}],"replies":[{"embeddable":true,"href":"https:\/\/montreux-vieux.net\/index.php?rest_route=%2Fwp%2Fv2%2Fcomments&post=7327"}],"version-history":[{"count":2,"href":"https:\/\/montreux-vieux.net\/index.php?rest_route=\/wp\/v2\/pages\/7327\/revisions"}],"predecessor-version":[{"id":13091,"href":"https:\/\/montreux-vieux.net\/index.php?rest_route=\/wp\/v2\/pages\/7327\/revisions\/13091"}],"up":[{"embeddable":true,"href":"https:\/\/montreux-vieux.net\/index.php?rest_route=\/wp\/v2\/pages\/12675"}],"wp:attachment":[{"href":"https:\/\/montreux-vieux.net\/index.php?rest_route=%2Fwp%2Fv2%2Fmedia&parent=7327"}],"curies":[{"name":"wp","href":"https:\/\/api.w.org\/{rel}","templated":true}]}}