{"id":7981,"date":"2016-10-13T13:03:49","date_gmt":"2016-10-13T12:03:49","guid":{"rendered":"http:\/\/montreux-vieux.net\/?page_id=7981"},"modified":"2016-10-13T13:03:49","modified_gmt":"2016-10-13T12:03:49","slug":"le-saviez-vous-a-montreux-vieux-autrefois-il-y-avait-une-repasseuse","status":"publish","type":"page","link":"https:\/\/montreux-vieux.net\/?page_id=7981","title":{"rendered":"Le saviez-vous ? A Montreux-Vieux, autrefois il y avait une repasseuse"},"content":{"rendered":"<h3 style=\"text-align: center;\">Le saviez-vous ? A Montreux-Vieux, autrefois il y avait une repasseuse<\/h3>\n<h4 style=\"text-align: justify;\">Autrefois \u00e0 Montreux-Vieux il y avait une personne dont le m\u00e9tier \u00e9tait celui de \u00a0repasseuse.\u00a0 Il s\u2019agissait de Madame Higelin Jeanne n\u00e9e en 1910 et dont les anciens se souviennent de son mari Monsieur Higelin qui \u00e9tait cantonnier au village figure bien connue.<\/h4>\n<h4 style=\"text-align: justify;\">Son travail consistait \u00e0 amidonner, repasser le linge des familles qui lui confiaient afin d\u2019obtenir du linge proche de la perfection\u00a0 Les fers \u00e0 repasser n\u2019\u00e9taient pas \u00e9lectriques \u00a0mais en fers que la repasseuse\u00a0 chauffait sur le \u00a0po\u00eale \u00e0 bois ou charbon.<\/h4>\n<h4 style=\"text-align: justify;\">Elle \u00a0repassait le linge de table, les draps mais le travail le plus difficile \u00e9tait les chemises des hommes. Pour les cols durs elle utilisait un fer sp\u00e9cial, arrondi au bout, qu\u2019elle utilisait verticalement. Les devants de chemises et les poign\u00e9es \u00e9taient amidonn\u00e9s tr\u00e8s durs. Parfois les cols \u00e9taient repass\u00e9s \u00e0 part car ils s\u2019attachaient \u00e0 la chemise avec des petits boutons de col. A noter que les tissus d\u2019autrefois \u00e9taient tr\u00e8s durs et n\u2019avaient pas les m\u00eames caract\u00e9ristiques que ceux d\u2019aujourd\u2019hui<\/h4>\n<p><a href=\"http:\/\/montreux-vieux.net\/montreux-vieux.net\/wp-content\/uploads\/2016\/10\/le-metier-de-repasseuse.jpg\" target=\"_blank\"><img loading=\"lazy\" decoding=\"async\" class=\"aligncenter wp-image-7975 size-full\" src=\"http:\/\/montreux-vieux.net\/montreux-vieux.net\/wp-content\/uploads\/2016\/10\/le-metier-de-repasseuse.jpg\" sizes=\"auto, (max-width: 944px) 100vw, 944px\" srcset=\"http:\/\/montreux-vieux.net\/montreux-vieux.net\/wp-content\/uploads\/2016\/10\/le-metier-de-repasseuse.jpg 944w, http:\/\/montreux-vieux.net\/montreux-vieux.net\/wp-content\/uploads\/2016\/10\/le-metier-de-repasseuse-300x240.jpg 300w, http:\/\/montreux-vieux.net\/montreux-vieux.net\/wp-content\/uploads\/2016\/10\/le-metier-de-repasseuse-768x614.jpg 768w, http:\/\/montreux-vieux.net\/montreux-vieux.net\/wp-content\/uploads\/2016\/10\/le-metier-de-repasseuse-600x480.jpg 600w\" alt=\"le metier de repasseuse\" width=\"944\" height=\"755\" \/><\/a><\/p>\n","protected":false},"excerpt":{"rendered":"<p>Le saviez-vous ? A Montreux-Vieux, autrefois il y avait une repasseuse Autrefois \u00e0 Montreux-Vieux il y avait une personne dont le m\u00e9tier \u00e9tait celui de \u00a0repasseuse.\u00a0 Il s\u2019agissait de Madame Higelin Jeanne n\u00e9e en 1910 et dont les anciens se &hellip; <a href=\"https:\/\/montreux-vieux.net\/?page_id=7981\">Continuer la lecture <span class=\"meta-nav\">&rarr;<\/span><\/a><\/p>\n","protected":false},"author":1,"featured_media":0,"parent":1502,"menu_order":2,"comment_status":"closed","ping_status":"open","template":"","meta":{"footnotes":""},"class_list":["post-7981","page","type-page","status-publish","hentry"],"_links":{"self":[{"href":"https:\/\/montreux-vieux.net\/index.php?rest_route=\/wp\/v2\/pages\/7981","targetHints":{"allow":["GET"]}}],"collection":[{"href":"https:\/\/montreux-vieux.net\/index.php?rest_route=\/wp\/v2\/pages"}],"about":[{"href":"https:\/\/montreux-vieux.net\/index.php?rest_route=\/wp\/v2\/types\/page"}],"author":[{"embeddable":true,"href":"https:\/\/montreux-vieux.net\/index.php?rest_route=\/wp\/v2\/users\/1"}],"replies":[{"embeddable":true,"href":"https:\/\/montreux-vieux.net\/index.php?rest_route=%2Fwp%2Fv2%2Fcomments&post=7981"}],"version-history":[{"count":1,"href":"https:\/\/montreux-vieux.net\/index.php?rest_route=\/wp\/v2\/pages\/7981\/revisions"}],"predecessor-version":[{"id":7982,"href":"https:\/\/montreux-vieux.net\/index.php?rest_route=\/wp\/v2\/pages\/7981\/revisions\/7982"}],"up":[{"embeddable":true,"href":"https:\/\/montreux-vieux.net\/index.php?rest_route=\/wp\/v2\/pages\/1502"}],"wp:attachment":[{"href":"https:\/\/montreux-vieux.net\/index.php?rest_route=%2Fwp%2Fv2%2Fmedia&parent=7981"}],"curies":[{"name":"wp","href":"https:\/\/api.w.org\/{rel}","templated":true}]}}