{"id":7983,"date":"2016-10-13T13:09:01","date_gmt":"2016-10-13T12:09:01","guid":{"rendered":"http:\/\/montreux-vieux.net\/?page_id=7983"},"modified":"2016-10-13T13:09:01","modified_gmt":"2016-10-13T12:09:01","slug":"le-saviez-vous-a-montreux-vieux-il-y-avait-une-modiste-conceptrice-de-chapeaux","status":"publish","type":"page","link":"https:\/\/montreux-vieux.net\/?page_id=7983","title":{"rendered":"Le saviez-vous ? A Montreux-Vieux il y avait  une modiste.(conceptrice de chapeaux)"},"content":{"rendered":"<h3>Le saviez-vous\u00a0? A Montreux-Vieux il y avait\u00a0 une modiste.(conceptrice de chapeaux)<\/h3>\n<h4 style=\"text-align: justify;\">Madame Schultz n\u00e9e Karm C\u00e9cile exer\u00e7ait rue de la Lib\u00e9ration le m\u00e9tier de modiste. C\u2019\u00e9tait un m\u00e9tier relevant du domaine de la cr\u00e9ation et artistique.<\/h4>\n<h4 style=\"text-align: justify;\">Elle cr\u00e9ait des chapeaux uniques pour femmes et hommes car autrefois tout le monde portait un chapeau. Le dimanche \u00e0 la messe toutes les femmes \u00e9taient coiff\u00e9es de leur chapeau. C\u2019\u00e9tait l\u2019occasion de v\u00e9rifier si l\u2019une ou l\u2019autre en avait un nouveau!<\/h4>\n<p style=\"text-align: center;\"><a href=\"http:\/\/montreux-vieux.net\/montreux-vieux.net\/wp-content\/uploads\/2016\/10\/Le-metier-de-modistecreatrice-de-chapeaux-1.jpg\" target=\"_blank\"><img loading=\"lazy\" decoding=\"async\" class=\"aligncenter wp-image-7963 size-full\" src=\"http:\/\/montreux-vieux.net\/montreux-vieux.net\/wp-content\/uploads\/2016\/10\/Le-metier-de-modistecreatrice-de-chapeaux-1.jpg\" alt=\"le-metier-de-modistecreatrice-de-chapeaux-1\" width=\"944\" height=\"755\" srcset=\"https:\/\/montreux-vieux.net\/montreux-vieux.net\/wp-content\/uploads\/2016\/10\/Le-metier-de-modistecreatrice-de-chapeaux-1.jpg 944w, https:\/\/montreux-vieux.net\/montreux-vieux.net\/wp-content\/uploads\/2016\/10\/Le-metier-de-modistecreatrice-de-chapeaux-1-300x240.jpg 300w, https:\/\/montreux-vieux.net\/montreux-vieux.net\/wp-content\/uploads\/2016\/10\/Le-metier-de-modistecreatrice-de-chapeaux-1-768x614.jpg 768w, https:\/\/montreux-vieux.net\/montreux-vieux.net\/wp-content\/uploads\/2016\/10\/Le-metier-de-modistecreatrice-de-chapeaux-1-600x480.jpg 600w\" sizes=\"auto, (max-width: 944px) 100vw, 944px\" \/><\/a><\/p>\n","protected":false},"excerpt":{"rendered":"<p>Le saviez-vous\u00a0? A Montreux-Vieux il y avait\u00a0 une modiste.(conceptrice de chapeaux) Madame Schultz n\u00e9e Karm C\u00e9cile exer\u00e7ait rue de la Lib\u00e9ration le m\u00e9tier de modiste. C\u2019\u00e9tait un m\u00e9tier relevant du domaine de la cr\u00e9ation et artistique. Elle cr\u00e9ait des chapeaux &hellip; <a href=\"https:\/\/montreux-vieux.net\/?page_id=7983\">Continuer la lecture <span class=\"meta-nav\">&rarr;<\/span><\/a><\/p>\n","protected":false},"author":1,"featured_media":0,"parent":1502,"menu_order":4,"comment_status":"closed","ping_status":"open","template":"","meta":{"footnotes":""},"class_list":["post-7983","page","type-page","status-publish","hentry"],"_links":{"self":[{"href":"https:\/\/montreux-vieux.net\/index.php?rest_route=\/wp\/v2\/pages\/7983","targetHints":{"allow":["GET"]}}],"collection":[{"href":"https:\/\/montreux-vieux.net\/index.php?rest_route=\/wp\/v2\/pages"}],"about":[{"href":"https:\/\/montreux-vieux.net\/index.php?rest_route=\/wp\/v2\/types\/page"}],"author":[{"embeddable":true,"href":"https:\/\/montreux-vieux.net\/index.php?rest_route=\/wp\/v2\/users\/1"}],"replies":[{"embeddable":true,"href":"https:\/\/montreux-vieux.net\/index.php?rest_route=%2Fwp%2Fv2%2Fcomments&post=7983"}],"version-history":[{"count":1,"href":"https:\/\/montreux-vieux.net\/index.php?rest_route=\/wp\/v2\/pages\/7983\/revisions"}],"predecessor-version":[{"id":7984,"href":"https:\/\/montreux-vieux.net\/index.php?rest_route=\/wp\/v2\/pages\/7983\/revisions\/7984"}],"up":[{"embeddable":true,"href":"https:\/\/montreux-vieux.net\/index.php?rest_route=\/wp\/v2\/pages\/1502"}],"wp:attachment":[{"href":"https:\/\/montreux-vieux.net\/index.php?rest_route=%2Fwp%2Fv2%2Fmedia&parent=7983"}],"curies":[{"name":"wp","href":"https:\/\/api.w.org\/{rel}","templated":true}]}}