{"id":7986,"date":"2016-10-13T13:17:16","date_gmt":"2016-10-13T12:17:16","guid":{"rendered":"http:\/\/montreux-vieux.net\/?page_id=7986"},"modified":"2018-12-28T13:41:30","modified_gmt":"2018-12-28T12:41:30","slug":"le-saviez-vous-un-pont-levis-sur-lancien-canal-du-rhone-au-rhin","status":"publish","type":"page","link":"https:\/\/montreux-vieux.net\/?page_id=7986","title":{"rendered":"Le saviez-vous ? Un pont levis sur l\u2019ancien canal du Rh\u00f4ne au Rhin"},"content":{"rendered":"<h3 style=\"text-align: center;\">Le saviez-vous ? Un pont levis sur l\u2019ancien canal du Rh\u00f4ne au Rhin<\/h3>\n<h4>Sur l\u2019ancien canal du Rh\u00f4ne au Rhin \u00e0 l\u2019entr\u00e9e de Montreux-Jeune il y avait un pont levis qui pouvait \u00eatre lev\u00e9 au passage des bateaux. A l\u2019\u00e9poque, comme le prouve les cartes postales il \u00e9tait situ\u00e9 sur le ban de la commune de Montreux-Vieux.<\/h4>\n<p><a href=\"http:\/\/montreux-vieux.net\/montreux-vieux.net\/wp-content\/uploads\/2016\/10\/backpackersguide.co_.jpg\" target=\"_blank\"><img loading=\"lazy\" decoding=\"async\" class=\"aligncenter wp-image-7954 size-full\" src=\"http:\/\/montreux-vieux.net\/montreux-vieux.net\/wp-content\/uploads\/2016\/10\/backpackersguide.co_.jpg\" alt=\"le pont levis\" width=\"944\" height=\"755\" srcset=\"https:\/\/montreux-vieux.net\/montreux-vieux.net\/wp-content\/uploads\/2016\/10\/backpackersguide.co_.jpg 944w, https:\/\/montreux-vieux.net\/montreux-vieux.net\/wp-content\/uploads\/2016\/10\/backpackersguide.co_-300x240.jpg 300w, https:\/\/montreux-vieux.net\/montreux-vieux.net\/wp-content\/uploads\/2016\/10\/backpackersguide.co_-768x614.jpg 768w, https:\/\/montreux-vieux.net\/montreux-vieux.net\/wp-content\/uploads\/2016\/10\/backpackersguide.co_-600x480.jpg 600w\" sizes=\"auto, (max-width: 944px) 100vw, 944px\" \/><\/a><\/p>\n","protected":false},"excerpt":{"rendered":"<p>Le saviez-vous ? Un pont levis sur l\u2019ancien canal du Rh\u00f4ne au Rhin Sur l\u2019ancien canal du Rh\u00f4ne au Rhin \u00e0 l\u2019entr\u00e9e de Montreux-Jeune il y avait un pont levis qui pouvait \u00eatre lev\u00e9 au passage des bateaux. A l\u2019\u00e9poque, &hellip; <a href=\"https:\/\/montreux-vieux.net\/?page_id=7986\">Continuer la lecture <span class=\"meta-nav\">&rarr;<\/span><\/a><\/p>\n","protected":false},"author":1,"featured_media":0,"parent":13099,"menu_order":2,"comment_status":"closed","ping_status":"open","template":"","meta":{"footnotes":""},"class_list":["post-7986","page","type-page","status-publish","hentry"],"_links":{"self":[{"href":"https:\/\/montreux-vieux.net\/index.php?rest_route=\/wp\/v2\/pages\/7986","targetHints":{"allow":["GET"]}}],"collection":[{"href":"https:\/\/montreux-vieux.net\/index.php?rest_route=\/wp\/v2\/pages"}],"about":[{"href":"https:\/\/montreux-vieux.net\/index.php?rest_route=\/wp\/v2\/types\/page"}],"author":[{"embeddable":true,"href":"https:\/\/montreux-vieux.net\/index.php?rest_route=\/wp\/v2\/users\/1"}],"replies":[{"embeddable":true,"href":"https:\/\/montreux-vieux.net\/index.php?rest_route=%2Fwp%2Fv2%2Fcomments&post=7986"}],"version-history":[{"count":2,"href":"https:\/\/montreux-vieux.net\/index.php?rest_route=\/wp\/v2\/pages\/7986\/revisions"}],"predecessor-version":[{"id":13116,"href":"https:\/\/montreux-vieux.net\/index.php?rest_route=\/wp\/v2\/pages\/7986\/revisions\/13116"}],"up":[{"embeddable":true,"href":"https:\/\/montreux-vieux.net\/index.php?rest_route=\/wp\/v2\/pages\/13099"}],"wp:attachment":[{"href":"https:\/\/montreux-vieux.net\/index.php?rest_route=%2Fwp%2Fv2%2Fmedia&parent=7986"}],"curies":[{"name":"wp","href":"https:\/\/api.w.org\/{rel}","templated":true}]}}