{"id":7988,"date":"2016-10-13T13:21:49","date_gmt":"2016-10-13T12:21:49","guid":{"rendered":"http:\/\/montreux-vieux.net\/?page_id=7988"},"modified":"2018-12-24T14:18:34","modified_gmt":"2018-12-24T13:18:34","slug":"le-saviez-vous-un-wagon-postal-chaque-jour-a-montreux-vieux","status":"publish","type":"page","link":"https:\/\/montreux-vieux.net\/?page_id=7988","title":{"rendered":"Le saviez-vous ? Un wagon postal chaque jour \u00e0 Montreux-Vieux"},"content":{"rendered":"<h3 style=\"text-align: center;\">Le saviez-vous ? Un wagon postal chaque jour \u00e0 Montreux-Vieux<\/h3>\n<h4 style=\"text-align: justify;\">Durant la guerre 1939 \u2013 1945 un wagon postal avec du personnel stationnait chaque jour de 14h \u00e0 17 h, \u00e0 la gauche du passage \u00e0 niveau pr\u00e8s de ch\u00e2teau d\u2019eau de la SNCF. L\u2019ensemble du courrier, colis etc\u2026 du secteur de Montreux-Vieux \u00e9tait collect\u00e9 puis achemin\u00e9 sur Mulhouse. Le train partait vers 17h et s\u2019arr\u00eatait dans les plus grandes gares situ\u00e9es sur le passage du train circulant&nbsp; de Montreux-Vieux \u00e0 Mulhouse pour r\u00e9cup\u00e9rer d\u2019autres sacs postaux. Ces wagons \u00e9taient \u00e9quip\u00e9s de mani\u00e8re \u00e0 ce que le tri puisse se faire durant le trajet.<\/h4>\n<p style=\"text-align: center;\"><a href=\"http:\/\/montreux-vieux.net\/montreux-vieux.net\/wp-content\/uploads\/2016\/10\/PARISIAN-1.jpg\" target=\"_blank\"><img loading=\"lazy\" decoding=\"async\" class=\"aligncenter wp-image-7903 size-full\" src=\"http:\/\/montreux-vieux.net\/montreux-vieux.net\/wp-content\/uploads\/2016\/10\/PARISIAN-1.jpg\" alt=\"xagon postal\" width=\"944\" height=\"755\" srcset=\"https:\/\/montreux-vieux.net\/montreux-vieux.net\/wp-content\/uploads\/2016\/10\/PARISIAN-1.jpg 944w, https:\/\/montreux-vieux.net\/montreux-vieux.net\/wp-content\/uploads\/2016\/10\/PARISIAN-1-300x240.jpg 300w, https:\/\/montreux-vieux.net\/montreux-vieux.net\/wp-content\/uploads\/2016\/10\/PARISIAN-1-768x614.jpg 768w, https:\/\/montreux-vieux.net\/montreux-vieux.net\/wp-content\/uploads\/2016\/10\/PARISIAN-1-600x480.jpg 600w\" sizes=\"auto, (max-width: 944px) 100vw, 944px\" \/><\/a><\/p>\n<p>&nbsp;<\/p>\n","protected":false},"excerpt":{"rendered":"<p>Le saviez-vous ? Un wagon postal chaque jour \u00e0 Montreux-Vieux Durant la guerre 1939 \u2013 1945 un wagon postal avec du personnel stationnait chaque jour de 14h \u00e0 17 h, \u00e0 la gauche du passage \u00e0 niveau pr\u00e8s de ch\u00e2teau &hellip; <a href=\"https:\/\/montreux-vieux.net\/?page_id=7988\">Continuer la lecture <span class=\"meta-nav\">&rarr;<\/span><\/a><\/p>\n","protected":false},"author":1,"featured_media":0,"parent":12675,"menu_order":2,"comment_status":"closed","ping_status":"open","template":"","meta":{"footnotes":""},"class_list":["post-7988","page","type-page","status-publish","hentry"],"_links":{"self":[{"href":"https:\/\/montreux-vieux.net\/index.php?rest_route=\/wp\/v2\/pages\/7988","targetHints":{"allow":["GET"]}}],"collection":[{"href":"https:\/\/montreux-vieux.net\/index.php?rest_route=\/wp\/v2\/pages"}],"about":[{"href":"https:\/\/montreux-vieux.net\/index.php?rest_route=\/wp\/v2\/types\/page"}],"author":[{"embeddable":true,"href":"https:\/\/montreux-vieux.net\/index.php?rest_route=\/wp\/v2\/users\/1"}],"replies":[{"embeddable":true,"href":"https:\/\/montreux-vieux.net\/index.php?rest_route=%2Fwp%2Fv2%2Fcomments&post=7988"}],"version-history":[{"count":2,"href":"https:\/\/montreux-vieux.net\/index.php?rest_route=\/wp\/v2\/pages\/7988\/revisions"}],"predecessor-version":[{"id":12773,"href":"https:\/\/montreux-vieux.net\/index.php?rest_route=\/wp\/v2\/pages\/7988\/revisions\/12773"}],"up":[{"embeddable":true,"href":"https:\/\/montreux-vieux.net\/index.php?rest_route=\/wp\/v2\/pages\/12675"}],"wp:attachment":[{"href":"https:\/\/montreux-vieux.net\/index.php?rest_route=%2Fwp%2Fv2%2Fmedia&parent=7988"}],"curies":[{"name":"wp","href":"https:\/\/api.w.org\/{rel}","templated":true}]}}