{"id":7995,"date":"2016-10-13T13:36:16","date_gmt":"2016-10-13T12:36:16","guid":{"rendered":"http:\/\/montreux-vieux.net\/?page_id=7995"},"modified":"2017-05-13T12:47:50","modified_gmt":"2017-05-13T11:47:50","slug":"le-saviez-vous-coiffeur-puis-tailleur","status":"publish","type":"page","link":"https:\/\/montreux-vieux.net\/?page_id=7995","title":{"rendered":"Le saviez-vous ? Un salon de coiffure puis un atelier de tailleur"},"content":{"rendered":"<h3 style=\"text-align: center;\">Le saviez-vous\u00a0? Un salon de coiffure puis un atelier de tailleur<\/h3>\n<h4 style=\"text-align: justify;\">La maison situ\u00e9e dans la Grand\u2019Rue ou sont domicili\u00e9s Marie Christine Peter, \u00a0sa fille Alison, son mari et ses enfants \u00e9tait autrefois un salon de coiffure puis un atelier de tailleur (confection de v\u00eatements) tenu par Paul Zinck \u00a0Ce dernier \u00e9tait apprenti chez Monsieur Seiler Auguste ma\u00eetre tailleur et ancien maire de Montreux-Vieux.\u00a0Jean Foerster poss\u00e9dait un salon de coiffure \u00e0 Altm\u00fcnsterol <span class=\"highlightedText\">(Montreux-Vieux).<\/span> Il vendait aussi des cigares, de la parfumerie et de la papeterie ce fut l&rsquo;un des rares coiffeurs \u00e0 avoir sa carte postale. C&rsquo;est dans ce salon de coiffure que se sont rencontr\u00e9 Monsieur Sutter Ren\u00e9 avec Madame Sutter n\u00e9e Blanck Mathilde, alors coiffeuse.\u00a0Un certain temps, ce b\u00e2timent abritait \u00e9galement Madame Bogni qui avait son atelier de couture.<\/h4>\n<p style=\"text-align: center;\"><a href=\"http:\/\/montreux-vieux.net\/montreux-vieux.net\/wp-content\/uploads\/2016\/09\/ScreenShot147.jpg\" target=\"_blank\" rel=\"noopener noreferrer\"><img loading=\"lazy\" decoding=\"async\" class=\"aligncenter wp-image-7795 size-full\" src=\"http:\/\/montreux-vieux.net\/montreux-vieux.net\/wp-content\/uploads\/2016\/09\/ScreenShot147.jpg\" alt=\"coiffeur puis tailleur\" width=\"746\" height=\"594\" srcset=\"https:\/\/montreux-vieux.net\/montreux-vieux.net\/wp-content\/uploads\/2016\/09\/ScreenShot147.jpg 746w, https:\/\/montreux-vieux.net\/montreux-vieux.net\/wp-content\/uploads\/2016\/09\/ScreenShot147-300x239.jpg 300w, https:\/\/montreux-vieux.net\/montreux-vieux.net\/wp-content\/uploads\/2016\/09\/ScreenShot147-600x478.jpg 600w\" sizes=\"auto, (max-width: 746px) 100vw, 746px\" \/><\/a><\/p>\n","protected":false},"excerpt":{"rendered":"<p>Le saviez-vous\u00a0? Un salon de coiffure puis un atelier de tailleur La maison situ\u00e9e dans la Grand\u2019Rue ou sont domicili\u00e9s Marie Christine Peter, \u00a0sa fille Alison, son mari et ses enfants \u00e9tait autrefois un salon de coiffure puis un atelier &hellip; <a href=\"https:\/\/montreux-vieux.net\/?page_id=7995\">Continuer la lecture <span class=\"meta-nav\">&rarr;<\/span><\/a><\/p>\n","protected":false},"author":1,"featured_media":0,"parent":1502,"menu_order":6,"comment_status":"closed","ping_status":"open","template":"","meta":{"footnotes":""},"class_list":["post-7995","page","type-page","status-publish","hentry"],"_links":{"self":[{"href":"https:\/\/montreux-vieux.net\/index.php?rest_route=\/wp\/v2\/pages\/7995","targetHints":{"allow":["GET"]}}],"collection":[{"href":"https:\/\/montreux-vieux.net\/index.php?rest_route=\/wp\/v2\/pages"}],"about":[{"href":"https:\/\/montreux-vieux.net\/index.php?rest_route=\/wp\/v2\/types\/page"}],"author":[{"embeddable":true,"href":"https:\/\/montreux-vieux.net\/index.php?rest_route=\/wp\/v2\/users\/1"}],"replies":[{"embeddable":true,"href":"https:\/\/montreux-vieux.net\/index.php?rest_route=%2Fwp%2Fv2%2Fcomments&post=7995"}],"version-history":[{"count":5,"href":"https:\/\/montreux-vieux.net\/index.php?rest_route=\/wp\/v2\/pages\/7995\/revisions"}],"predecessor-version":[{"id":9122,"href":"https:\/\/montreux-vieux.net\/index.php?rest_route=\/wp\/v2\/pages\/7995\/revisions\/9122"}],"up":[{"embeddable":true,"href":"https:\/\/montreux-vieux.net\/index.php?rest_route=\/wp\/v2\/pages\/1502"}],"wp:attachment":[{"href":"https:\/\/montreux-vieux.net\/index.php?rest_route=%2Fwp%2Fv2%2Fmedia&parent=7995"}],"curies":[{"name":"wp","href":"https:\/\/api.w.org\/{rel}","templated":true}]}}