{"id":7998,"date":"2016-10-13T13:40:38","date_gmt":"2016-10-13T12:40:38","guid":{"rendered":"http:\/\/montreux-vieux.net\/?page_id=7998"},"modified":"2019-01-02T14:03:58","modified_gmt":"2019-01-02T13:03:58","slug":"le-saviez-vous-la-bascule-communale","status":"publish","type":"page","link":"https:\/\/montreux-vieux.net\/?page_id=7998","title":{"rendered":"Le saviez-vous ? La bascule communale"},"content":{"rendered":"<h3 style=\"text-align: center;\">Le saviez-vous&nbsp;?&nbsp;La bascule communale<\/h3>\n<h4 style=\"text-align: justify;\">Devant l\u2019\u00e9glise se trouvait la bascule communale. Elle servait \u00e0 peser les produits agricoles mais \u00e9galement &nbsp;&nbsp;les engrais arriv\u00e9s par chemin de fer et pour certaines marchandises comme les pommes de&nbsp; terre, pailles, foins etc; avant leur chargement dans les wagons.<\/h4>\n<h4 style=\"text-align: justify;\">Une r\u00e9gie avait \u00e9t\u00e9 mise en place pour encaisser le &nbsp;prix de ce service et revers\u00e9e entre les mains du percepteur, comptable de la commune. Le r\u00e9gisseur \u00e9tait Monsieur Dangel Emile qu\u2019il fallait chercher dans son magasin situ\u00e9 en face. Le service &nbsp;a \u00e9t\u00e9 supprim\u00e9e depuis plusieurs ann\u00e9es et la bascule vendue \u00e0 Monsieur Claude Ren\u00e9, choucroutier \u00e0 Chavannes-Sur-L\u2019Etang ou elle est toujours visible.<\/h4>\n<p><a href=\"http:\/\/montreux-vieux.net\/montreux-vieux.net\/wp-content\/uploads\/2016\/09\/o-try-for-an-over-the-hill-birthday.jpg\" target=\"_blank\"><img loading=\"lazy\" decoding=\"async\" class=\"aligncenter wp-image-7780 size-full\" src=\"http:\/\/montreux-vieux.net\/montreux-vieux.net\/wp-content\/uploads\/2016\/09\/o-try-for-an-over-the-hill-birthday.jpg\" sizes=\"auto, (max-width: 944px) 100vw, 944px\" srcset=\"http:\/\/montreux-vieux.net\/montreux-vieux.net\/wp-content\/uploads\/2016\/09\/o-try-for-an-over-the-hill-birthday.jpg 944w, http:\/\/montreux-vieux.net\/montreux-vieux.net\/wp-content\/uploads\/2016\/09\/o-try-for-an-over-the-hill-birthday-300x240.jpg 300w, http:\/\/montreux-vieux.net\/montreux-vieux.net\/wp-content\/uploads\/2016\/09\/o-try-for-an-over-the-hill-birthday-768x614.jpg 768w, http:\/\/montreux-vieux.net\/montreux-vieux.net\/wp-content\/uploads\/2016\/09\/o-try-for-an-over-the-hill-birthday-600x480.jpg 600w\" alt=\"La bascule communale Montreux-Vieuix\" width=\"944\" height=\"755\"><\/a><\/p>\n","protected":false},"excerpt":{"rendered":"<p>Le saviez-vous&nbsp;?&nbsp;La bascule communale Devant l\u2019\u00e9glise se trouvait la bascule communale. Elle servait \u00e0 peser les produits agricoles mais \u00e9galement &nbsp;&nbsp;les engrais arriv\u00e9s par chemin de fer et pour certaines marchandises comme les pommes de&nbsp; terre, pailles, foins etc; avant &hellip; <a href=\"https:\/\/montreux-vieux.net\/?page_id=7998\">Continuer la lecture <span class=\"meta-nav\">&rarr;<\/span><\/a><\/p>\n","protected":false},"author":1,"featured_media":0,"parent":13036,"menu_order":36,"comment_status":"closed","ping_status":"open","template":"","meta":{"footnotes":""},"class_list":["post-7998","page","type-page","status-publish","hentry"],"_links":{"self":[{"href":"https:\/\/montreux-vieux.net\/index.php?rest_route=\/wp\/v2\/pages\/7998","targetHints":{"allow":["GET"]}}],"collection":[{"href":"https:\/\/montreux-vieux.net\/index.php?rest_route=\/wp\/v2\/pages"}],"about":[{"href":"https:\/\/montreux-vieux.net\/index.php?rest_route=\/wp\/v2\/types\/page"}],"author":[{"embeddable":true,"href":"https:\/\/montreux-vieux.net\/index.php?rest_route=\/wp\/v2\/users\/1"}],"replies":[{"embeddable":true,"href":"https:\/\/montreux-vieux.net\/index.php?rest_route=%2Fwp%2Fv2%2Fcomments&post=7998"}],"version-history":[{"count":2,"href":"https:\/\/montreux-vieux.net\/index.php?rest_route=\/wp\/v2\/pages\/7998\/revisions"}],"predecessor-version":[{"id":13351,"href":"https:\/\/montreux-vieux.net\/index.php?rest_route=\/wp\/v2\/pages\/7998\/revisions\/13351"}],"up":[{"embeddable":true,"href":"https:\/\/montreux-vieux.net\/index.php?rest_route=\/wp\/v2\/pages\/13036"}],"wp:attachment":[{"href":"https:\/\/montreux-vieux.net\/index.php?rest_route=%2Fwp%2Fv2%2Fmedia&parent=7998"}],"curies":[{"name":"wp","href":"https:\/\/api.w.org\/{rel}","templated":true}]}}