{"id":8001,"date":"2016-10-13T13:45:39","date_gmt":"2016-10-13T12:45:39","guid":{"rendered":"http:\/\/montreux-vieux.net\/?page_id=8001"},"modified":"2020-07-25T10:41:09","modified_gmt":"2020-07-25T09:41:09","slug":"8001-2","status":"publish","type":"page","link":"https:\/\/montreux-vieux.net\/?page_id=8001","title":{"rendered":"A Montreux-Vieux une \u00e9cole sup\u00e9rieure"},"content":{"rendered":"<h3 style=\"text-align: center;\">A Montreux-Vieux une \u00e9cole sup\u00e9rieure<\/h3>\n<h4 style=\"text-align: justify;\">Le saviez-vous&nbsp;?&nbsp;Le b\u00e2timent abritant le temple et la salle des associations comprenait autrefois une \u00e9cole sup\u00e9rieure ou \u00e9taient form\u00e9s des instituteurs. Monsieur Laurent Thi\u00e9baut \u00e9tait issu de cet \u00e9tablissement. &nbsp;Selon un article cit\u00e9 dans le Bulletin mensuel de janvier\/f\u00e9vrier 1915 n\u00b01 page 258 \u00ab\u00a0Les langues modernes\u00a0\u00bb Bulletin mensuel de l&rsquo;Association des Professeurs des Langues Vivantes de l&rsquo;Enseignement Public Monsieur Robert Dumas professeur au Lyc\u00e9e St-Louis, est adjudant, directeur de l&rsquo;\u00e9cole sup\u00e9rieure de Montreux-Vieux, Alsace.&nbsp;En 1916 des cours de radio t\u00e9l\u00e9graphie y \u00e9taient dispens\u00e9s comme le prouve la carte postale.&nbsp;Puis&nbsp; l\u2019\u00e9cole \u00e9tait celle dite \u00a0\u00bb des filles\u00a0\u00bb &nbsp;avant d\u2019\u00eatre mixte.<\/h4>\n<p style=\"text-align: center;\"><a href=\"http:\/\/montreux-vieux.net\/montreux-vieux.net\/wp-content\/uploads\/2016\/09\/ways-to-plan-a-memorable-family-getaway.jpg\" target=\"_blank\" rel=\"noopener noreferrer\"><img loading=\"lazy\" decoding=\"async\" class=\"aligncenter wp-image-7776 size-full\" src=\"http:\/\/montreux-vieux.net\/montreux-vieux.net\/wp-content\/uploads\/2016\/09\/ways-to-plan-a-memorable-family-getaway.jpg\" alt=\"ecole sup\u00e9rieur\" width=\"944\" height=\"755\" srcset=\"https:\/\/montreux-vieux.net\/montreux-vieux.net\/wp-content\/uploads\/2016\/09\/ways-to-plan-a-memorable-family-getaway.jpg 944w, https:\/\/montreux-vieux.net\/montreux-vieux.net\/wp-content\/uploads\/2016\/09\/ways-to-plan-a-memorable-family-getaway-300x240.jpg 300w, https:\/\/montreux-vieux.net\/montreux-vieux.net\/wp-content\/uploads\/2016\/09\/ways-to-plan-a-memorable-family-getaway-768x614.jpg 768w, https:\/\/montreux-vieux.net\/montreux-vieux.net\/wp-content\/uploads\/2016\/09\/ways-to-plan-a-memorable-family-getaway-600x480.jpg 600w\" sizes=\"auto, (max-width: 944px) 100vw, 944px\" \/><\/a><\/p>\n\n\n<p>Montreux-Vieux, 19 oct. \u2014 La nouvelle \u00e9cole protestante sera ouverte dans les premiers jours de novembre. Elle a d\u00e9j\u00e0 un noyau de 35 \u00e9l\u00e8ves, enfants de fonctionnaires et d&#8217;employ\u00e9s la plupart. C\u2019est la premi\u00e8re \u00e9cole protestante \u00e9rig\u00e9e dans l\u2019arrondissement d\u2019Altkircb. Un temple a \u00e9t\u00e9 construit \u00e0 c\u00f4t\u00e9 de la maison d\u2019\u00e9cole. Le service y est fait par M. le pasteur d\u2019Altkircb.<\/p>\n\n\n\n<p>Sources&nbsp;: Express 21 octobre 1902<\/p>\n","protected":false},"excerpt":{"rendered":"<p>A Montreux-Vieux une \u00e9cole sup\u00e9rieure Le saviez-vous&nbsp;?&nbsp;Le b\u00e2timent abritant le temple et la salle des associations comprenait autrefois une \u00e9cole sup\u00e9rieure ou \u00e9taient form\u00e9s des instituteurs. Monsieur Laurent Thi\u00e9baut \u00e9tait issu de cet \u00e9tablissement. &nbsp;Selon un article cit\u00e9 dans le &hellip; <a href=\"https:\/\/montreux-vieux.net\/?page_id=8001\">Continuer la lecture <span class=\"meta-nav\">&rarr;<\/span><\/a><\/p>\n","protected":false},"author":1,"featured_media":0,"parent":12826,"menu_order":16,"comment_status":"closed","ping_status":"open","template":"","meta":{"footnotes":""},"class_list":["post-8001","page","type-page","status-publish","hentry"],"_links":{"self":[{"href":"https:\/\/montreux-vieux.net\/index.php?rest_route=\/wp\/v2\/pages\/8001","targetHints":{"allow":["GET"]}}],"collection":[{"href":"https:\/\/montreux-vieux.net\/index.php?rest_route=\/wp\/v2\/pages"}],"about":[{"href":"https:\/\/montreux-vieux.net\/index.php?rest_route=\/wp\/v2\/types\/page"}],"author":[{"embeddable":true,"href":"https:\/\/montreux-vieux.net\/index.php?rest_route=\/wp\/v2\/users\/1"}],"replies":[{"embeddable":true,"href":"https:\/\/montreux-vieux.net\/index.php?rest_route=%2Fwp%2Fv2%2Fcomments&post=8001"}],"version-history":[{"count":5,"href":"https:\/\/montreux-vieux.net\/index.php?rest_route=\/wp\/v2\/pages\/8001\/revisions"}],"predecessor-version":[{"id":20243,"href":"https:\/\/montreux-vieux.net\/index.php?rest_route=\/wp\/v2\/pages\/8001\/revisions\/20243"}],"up":[{"embeddable":true,"href":"https:\/\/montreux-vieux.net\/index.php?rest_route=\/wp\/v2\/pages\/12826"}],"wp:attachment":[{"href":"https:\/\/montreux-vieux.net\/index.php?rest_route=%2Fwp%2Fv2%2Fmedia&parent=8001"}],"curies":[{"name":"wp","href":"https:\/\/api.w.org\/{rel}","templated":true}]}}