{"id":8015,"date":"2016-10-13T14:26:49","date_gmt":"2016-10-13T13:26:49","guid":{"rendered":"http:\/\/montreux-vieux.net\/?page_id=8015"},"modified":"2019-02-03T10:59:15","modified_gmt":"2019-02-03T09:59:15","slug":"les-bureaux-de-tabac-a-montreux-vieux","status":"publish","type":"page","link":"https:\/\/montreux-vieux.net\/?page_id=8015","title":{"rendered":"Les bureaux de tabac \u00e0 Montreux-Vieux"},"content":{"rendered":"<h3 style=\"text-align: center;\">Les bureaux de tabac \u00e0 Montreux-Vieux<\/h3>\n<p style=\"text-align: center;\"><a href=\"http:\/\/montreux-vieux.net\/montreux-vieux.net\/wp-content\/uploads\/2015\/03\/ScreenShot116.jpg\" target=\"_blank\"><img loading=\"lazy\" decoding=\"async\" class=\"aligncenter wp-image-7768 size-full\" src=\"http:\/\/montreux-vieux.net\/montreux-vieux.net\/wp-content\/uploads\/2015\/03\/ScreenShot116.jpg\" alt=\"La maison Cuenin le bureau de tabac\" width=\"838\" height=\"569\" srcset=\"https:\/\/montreux-vieux.net\/montreux-vieux.net\/wp-content\/uploads\/2015\/03\/ScreenShot116.jpg 838w, https:\/\/montreux-vieux.net\/montreux-vieux.net\/wp-content\/uploads\/2015\/03\/ScreenShot116-300x204.jpg 300w, https:\/\/montreux-vieux.net\/montreux-vieux.net\/wp-content\/uploads\/2015\/03\/ScreenShot116-768x521.jpg 768w, https:\/\/montreux-vieux.net\/montreux-vieux.net\/wp-content\/uploads\/2015\/03\/ScreenShot116-600x407.jpg 600w\" sizes=\"auto, (max-width: 838px) 100vw, 838px\" \/><\/a><\/p>\n<h4 style=\"text-align: justify;\">Le bureau de tabac a chang\u00e9 plusieurs fois&nbsp;d&rsquo;endroits&nbsp;&nbsp;depuis les ann\u00e9es o\u00f9 Marie Cuenin le tenait rue de Belfort dans la maison en face de la ferme Cuenin Paul, chez Luc Dangel. Elle l&rsquo;a tenu jusqu&rsquo;\u00e0 l&rsquo;\u00e2ge de 90 ans pass\u00e9s. Marie Cuenin \u00e9tait c\u00e9libataire, elle vivait avec son fr\u00e8re Jules c\u00e9libataire \u00e9galement. Marie avait aussi un autre fr\u00e8re, Paul, capitaine dans l&rsquo;arm\u00e9e qui vivait dans un autre logement du m\u00eame immeuble avec son \u00e9pouse Marie. Elle avait \u00e9galement un autre fr\u00e8re Henri qui vivait \u00e9galement dans la m\u00eame maison avec son \u00e9pouse Ernestine. &nbsp;C&rsquo;est ensuite Mme Didierlaurent Mathilde qui l&rsquo;a repris et exploit\u00e9&nbsp;dans le b\u00e2timent du restaurant de la gare puis&nbsp;dans la maison Specht faisant l&rsquo;angle de la rue des Bains avec celle de la rue de &nbsp;l&rsquo;Eglise et en dernier dans la rue des Vosges &nbsp;Mme Legroux a par la suite pris le relais et en dernier par M.Sprenger.<\/h4>\n<div id='gallery-1' class='gallery galleryid-8015 gallery-columns-4 gallery-size-thumbnail'><dl class='gallery-item'>\n\t\t\t<dt class='gallery-icon landscape'>\n\t\t\t\t<a href='https:\/\/montreux-vieux.net\/?attachment_id=5251'><img loading=\"lazy\" decoding=\"async\" width=\"150\" height=\"150\" src=\"https:\/\/montreux-vieux.net\/montreux-vieux.net\/wp-content\/uploads\/2015\/03\/ScreenShot386-150x150.jpg\" class=\"attachment-thumbnail size-thumbnail\" alt=\"\" aria-describedby=\"gallery-1-5251\" \/><\/a>\n\t\t\t<\/dt>\n\t\t\t\t<dd class='wp-caption-text gallery-caption' id='gallery-1-5251'>\n\t\t\t\tMarie Cuenin au centre\n\t\t\t\t<\/dd><\/dl><dl class='gallery-item'>\n\t\t\t<dt class='gallery-icon landscape'>\n\t\t\t\t<a href='https:\/\/montreux-vieux.net\/?attachment_id=5252'><img loading=\"lazy\" decoding=\"async\" width=\"150\" height=\"150\" src=\"https:\/\/montreux-vieux.net\/montreux-vieux.net\/wp-content\/uploads\/2015\/03\/ScreenShot385-150x150.jpg\" class=\"attachment-thumbnail size-thumbnail\" alt=\"\" aria-describedby=\"gallery-1-5252\" \/><\/a>\n\t\t\t<\/dt>\n\t\t\t\t<dd class='wp-caption-text gallery-caption' id='gallery-1-5252'>\n\t\t\t\tMarie Cuenin 3 \u00e8me \u00e0 gauche\n\t\t\t\t<\/dd><\/dl><dl class='gallery-item'>\n\t\t\t<dt class='gallery-icon landscape'>\n\t\t\t\t<a href='https:\/\/montreux-vieux.net\/?attachment_id=5254'><img loading=\"lazy\" decoding=\"async\" width=\"150\" height=\"150\" src=\"https:\/\/montreux-vieux.net\/montreux-vieux.net\/wp-content\/uploads\/2015\/03\/00047-150x150.jpg\" class=\"attachment-thumbnail size-thumbnail\" alt=\"\" aria-describedby=\"gallery-1-5254\" \/><\/a>\n\t\t\t<\/dt>\n\t\t\t\t<dd class='wp-caption-text gallery-caption' id='gallery-1-5254'>\n\t\t\t\tTabac rue de la Gare\n\t\t\t\t<\/dd><\/dl><dl class='gallery-item'>\n\t\t\t<dt class='gallery-icon landscape'>\n\t\t\t\t<a href='https:\/\/montreux-vieux.net\/?attachment_id=5255'><img loading=\"lazy\" decoding=\"async\" width=\"150\" height=\"150\" src=\"https:\/\/montreux-vieux.net\/montreux-vieux.net\/wp-content\/uploads\/2015\/03\/00061-150x150.jpg\" class=\"attachment-thumbnail size-thumbnail\" alt=\"\" aria-describedby=\"gallery-1-5255\" \/><\/a>\n\t\t\t<\/dt>\n\t\t\t\t<dd class='wp-caption-text gallery-caption' id='gallery-1-5255'>\n\t\t\t\tTabac rue des Vosges\n\t\t\t\t<\/dd><\/dl><br style=\"clear: both\" \/>\n\t\t<\/div>\n\n\n\n<h3 class=\"wp-block-heading\" style=\"text-align:center\">Les bureaux de tabac \u00e0 Montreux-Vieux<\/h3>\n\n\n\n<div class=\"wp-block-image\"><figure class=\"aligncenter\"><a href=\"http:\/\/montreux-vieux.net\/montreux-vieux.net\/wp-content\/uploads\/2015\/03\/ScreenShot116.jpg\" target=\"_blank\" rel=\"noreferrer noopener\"><img loading=\"lazy\" decoding=\"async\" width=\"838\" height=\"569\" src=\"http:\/\/montreux-vieux.net\/montreux-vieux.net\/wp-content\/uploads\/2015\/03\/ScreenShot116.jpg\" alt=\"La maison Cuenin le bureau de tabac\" class=\"wp-image-7768\" srcset=\"https:\/\/montreux-vieux.net\/montreux-vieux.net\/wp-content\/uploads\/2015\/03\/ScreenShot116.jpg 838w, https:\/\/montreux-vieux.net\/montreux-vieux.net\/wp-content\/uploads\/2015\/03\/ScreenShot116-300x204.jpg 300w, https:\/\/montreux-vieux.net\/montreux-vieux.net\/wp-content\/uploads\/2015\/03\/ScreenShot116-768x521.jpg 768w, https:\/\/montreux-vieux.net\/montreux-vieux.net\/wp-content\/uploads\/2015\/03\/ScreenShot116-600x407.jpg 600w\" sizes=\"auto, (max-width: 838px) 100vw, 838px\" \/><\/a><\/figure><\/div>\n\n\n\n<h4 class=\"wp-block-heading\">Le bureau de tabac a chang\u00e9 plusieurs fois&nbsp;d&rsquo;endroits&nbsp;&nbsp;depuis les ann\u00e9es o\u00f9 Marie Cuenin le tenait rue de Belfort dans la maison en face de la ferme Cuenin Paul, chez Luc Dangel. Elle l&rsquo;a tenu jusqu&rsquo;\u00e0 l&rsquo;\u00e2ge de 90 ans pass\u00e9s. Marie Cuenin \u00e9tait c\u00e9libataire, elle vivait avec son fr\u00e8re Jules c\u00e9libataire \u00e9galement. Marie avait aussi un autre fr\u00e8re, Paul, capitaine dans l&rsquo;arm\u00e9e qui vivait dans un autre logement du m\u00eame immeuble avec son \u00e9pouse Marie. Elle avait \u00e9galement un autre fr\u00e8re Henri qui vivait \u00e9galement dans la m\u00eame maison avec son \u00e9pouse Ernestine. &nbsp;C&rsquo;est ensuite Mme Didierlaurent Mathilde qui l&rsquo;a repris et exploit\u00e9&nbsp;dans le b\u00e2timent du restaurant de la gare puis&nbsp;dans la maison Specht faisant l&rsquo;angle de la rue des Bains avec celle de la rue de &nbsp;l&rsquo;Eglise et en dernier dans la rue des Vosges &nbsp;Mme Legroux a par la suite pris le relais et en dernier par M.Sprenger.<\/h4>\n","protected":false},"excerpt":{"rendered":"<p>Les bureaux de tabac \u00e0 Montreux-Vieux Le bureau de tabac a chang\u00e9 plusieurs fois&nbsp;d&rsquo;endroits&nbsp;&nbsp;depuis les ann\u00e9es o\u00f9 Marie Cuenin le tenait rue de Belfort dans la maison en face de la ferme Cuenin Paul, chez Luc Dangel. Elle l&rsquo;a tenu &hellip; <a href=\"https:\/\/montreux-vieux.net\/?page_id=8015\">Continuer la lecture <span class=\"meta-nav\">&rarr;<\/span><\/a><\/p>\n","protected":false},"author":1,"featured_media":0,"parent":1502,"menu_order":10,"comment_status":"closed","ping_status":"open","template":"","meta":{"footnotes":""},"class_list":["post-8015","page","type-page","status-publish","hentry"],"_links":{"self":[{"href":"https:\/\/montreux-vieux.net\/index.php?rest_route=\/wp\/v2\/pages\/8015","targetHints":{"allow":["GET"]}}],"collection":[{"href":"https:\/\/montreux-vieux.net\/index.php?rest_route=\/wp\/v2\/pages"}],"about":[{"href":"https:\/\/montreux-vieux.net\/index.php?rest_route=\/wp\/v2\/types\/page"}],"author":[{"embeddable":true,"href":"https:\/\/montreux-vieux.net\/index.php?rest_route=\/wp\/v2\/users\/1"}],"replies":[{"embeddable":true,"href":"https:\/\/montreux-vieux.net\/index.php?rest_route=%2Fwp%2Fv2%2Fcomments&post=8015"}],"version-history":[{"count":3,"href":"https:\/\/montreux-vieux.net\/index.php?rest_route=\/wp\/v2\/pages\/8015\/revisions"}],"predecessor-version":[{"id":14512,"href":"https:\/\/montreux-vieux.net\/index.php?rest_route=\/wp\/v2\/pages\/8015\/revisions\/14512"}],"up":[{"embeddable":true,"href":"https:\/\/montreux-vieux.net\/index.php?rest_route=\/wp\/v2\/pages\/1502"}],"wp:attachment":[{"href":"https:\/\/montreux-vieux.net\/index.php?rest_route=%2Fwp%2Fv2%2Fmedia&parent=8015"}],"curies":[{"name":"wp","href":"https:\/\/api.w.org\/{rel}","templated":true}]}}