{"id":8019,"date":"2016-10-13T14:34:59","date_gmt":"2016-10-13T13:34:59","guid":{"rendered":"http:\/\/montreux-vieux.net\/?page_id=8019"},"modified":"2016-10-13T14:34:59","modified_gmt":"2016-10-13T13:34:59","slug":"le-cordonnier-achille-brungart","status":"publish","type":"page","link":"https:\/\/montreux-vieux.net\/?page_id=8019","title":{"rendered":"Le cordonnier Achille Brungart"},"content":{"rendered":"<h3 style=\"text-align: center;\">Le cordonnier Achille Brungart<\/h3>\n<h4 style=\"text-align: justify;\">Autrefois il y avait, rue de l\u2019Eglise, \u00e0 Montreux-Vieux, un cordonnier, Brungart Achille. Il fabriquait des chaussures avec des moules en bois en forme de pieds. Il en avait de toutes les pointures. Il conservait dans un cahier le dessin des pieds de tous ses clients.<\/h4>\n<h4 style=\"text-align: justify;\">Les chaussures n\u2019\u00e9taient pas jet\u00e9es mais r\u00e9par\u00e9es. Le plastique n\u2019existait pas, le cordonnier utilisait du cuir et du bois pour les talons afin qu\u2019ils s\u2019usent moins vite.<\/h4>\n<h4 style=\"text-align: justify;\">Apr\u00e8s Achilles, son fils Jean Paul repris l\u2019affaire jusqu\u2019\u00e0 sa retraite. Dans son atelier r\u00e9gnait une odeur de cuir et de cirage. C\u2019\u00e9tait \u00e9galement un lieu ou les gens se rencontraient et causaient.<\/h4>\n<h4 style=\"text-align: justify;\">L\u2019enseigne autrefois accroch\u00e9e au mur de la boutique a \u00e9t\u00e9 remis \u00e0 l\u2019\u00e9co-mus\u00e9 d\u2019Ungersheim ou elle est toujours\u00a0 visible.<\/h4>\n<p><a href=\"http:\/\/montreux-vieux.net\/montreux-vieux.net\/wp-content\/uploads\/2016\/03\/Beacon.jpg\" target=\"_blank\"><img loading=\"lazy\" decoding=\"async\" class=\"aligncenter wp-image-7273 size-full\" src=\"http:\/\/montreux-vieux.net\/montreux-vieux.net\/wp-content\/uploads\/2016\/03\/Beacon.jpg\" sizes=\"auto, (max-width: 944px) 100vw, 944px\" srcset=\"http:\/\/montreux-vieux.net\/montreux-vieux.net\/wp-content\/uploads\/2016\/03\/Beacon.jpg 944w, http:\/\/montreux-vieux.net\/montreux-vieux.net\/wp-content\/uploads\/2016\/03\/Beacon-300x240.jpg 300w, http:\/\/montreux-vieux.net\/montreux-vieux.net\/wp-content\/uploads\/2016\/03\/Beacon-768x614.jpg 768w, http:\/\/montreux-vieux.net\/montreux-vieux.net\/wp-content\/uploads\/2016\/03\/Beacon-600x480.jpg 600w\" alt=\"Le cordonnier Achille Brungart\" width=\"944\" height=\"755\" \/><\/a><\/p>\n","protected":false},"excerpt":{"rendered":"<p>Le cordonnier Achille Brungart Autrefois il y avait, rue de l\u2019Eglise, \u00e0 Montreux-Vieux, un cordonnier, Brungart Achille. Il fabriquait des chaussures avec des moules en bois en forme de pieds. Il en avait de toutes les pointures. Il conservait dans &hellip; <a href=\"https:\/\/montreux-vieux.net\/?page_id=8019\">Continuer la lecture <span class=\"meta-nav\">&rarr;<\/span><\/a><\/p>\n","protected":false},"author":1,"featured_media":0,"parent":1502,"menu_order":16,"comment_status":"closed","ping_status":"open","template":"","meta":{"footnotes":""},"class_list":["post-8019","page","type-page","status-publish","hentry"],"_links":{"self":[{"href":"https:\/\/montreux-vieux.net\/index.php?rest_route=\/wp\/v2\/pages\/8019","targetHints":{"allow":["GET"]}}],"collection":[{"href":"https:\/\/montreux-vieux.net\/index.php?rest_route=\/wp\/v2\/pages"}],"about":[{"href":"https:\/\/montreux-vieux.net\/index.php?rest_route=\/wp\/v2\/types\/page"}],"author":[{"embeddable":true,"href":"https:\/\/montreux-vieux.net\/index.php?rest_route=\/wp\/v2\/users\/1"}],"replies":[{"embeddable":true,"href":"https:\/\/montreux-vieux.net\/index.php?rest_route=%2Fwp%2Fv2%2Fcomments&post=8019"}],"version-history":[{"count":1,"href":"https:\/\/montreux-vieux.net\/index.php?rest_route=\/wp\/v2\/pages\/8019\/revisions"}],"predecessor-version":[{"id":8020,"href":"https:\/\/montreux-vieux.net\/index.php?rest_route=\/wp\/v2\/pages\/8019\/revisions\/8020"}],"up":[{"embeddable":true,"href":"https:\/\/montreux-vieux.net\/index.php?rest_route=\/wp\/v2\/pages\/1502"}],"wp:attachment":[{"href":"https:\/\/montreux-vieux.net\/index.php?rest_route=%2Fwp%2Fv2%2Fmedia&parent=8019"}],"curies":[{"name":"wp","href":"https:\/\/api.w.org\/{rel}","templated":true}]}}